{"id":10,"date":"2023-11-21T11:43:28","date_gmt":"2023-11-21T14:43:28","guid":{"rendered":"https:\/\/graduacao.uel.br\/administracao\/?page_id=10"},"modified":"2025-01-21T09:28:29","modified_gmt":"2025-01-21T12:28:29","slug":"o-curso","status":"publish","type":"page","link":"https:\/\/graduacao.uel.br\/administracao\/o-curso\/","title":{"rendered":"O Curso"},"content":{"rendered":"\n<p>O curso de gradua\u00e7\u00e3o em Administra\u00e7\u00e3o foi criado em 1968 na antiga Funda\u00e7\u00e3o de Ensino Superior de Londrina (FESULON) e ofertou a primeira turma em 1969. A partir da autoriza\u00e7\u00e3o de cria\u00e7\u00e3o da Universidade Estadual de Londrina (lei estadual no 6.304 de 06 de novembro de 1969 e decreto estadual no 18.110 de 28 de janeiro de 1970), o curso \u00e9 integrado \u00e0 Universidade, congregando-se ao Centro de Estudos Sociais Aplicados (CESA) e lotado junto ao Departamento de Administra\u00e7\u00e3o. Est\u00e1, portanto, entre os 13 cursos pioneiros de gradua\u00e7\u00e3o ofertados pela rec\u00e9m institu\u00edda Universidade. <\/p>\n\n\n\n<p>Nos anos de 2007, 2009, 2010, 2013 e 2017 houve ajustes pontuais na proposta pedag\u00f3gica (Resolu\u00e7\u00e3o CEPE\/CA no 352\/2005, Delibera\u00e7\u00e3o da C\u00e2mara de Gradua\u00e7\u00e3o no 22\/2008; Resolu\u00e7\u00e3o CEPE\/CA no 246\/2009; Delibera\u00e7\u00e3o da C\u00e2mara de Gradua\u00e7\u00e3o no 30\/2012; Resolu\u00e7\u00e3o CEPE no 136\/2017 e Delibera\u00e7\u00e3o da C\u00e2mara de Gradua\u00e7\u00e3o no 19\/2018). A mais recente \u00e9 a Resolu\u00e7\u00e3o CEPE\/CA n\u00ba 71\/2022, que reformula o Projeto Pedag\u00f3gico do Curso de Administra\u00e7\u00e3o, cuja implanta\u00e7\u00e3o teve in\u00edcio no ano letivo de 2023. <\/p>\n\n\n\n<p><strong>Perfil do egresso<\/strong><\/p>\n\n\n\n<p>O egresso ser\u00e1 um profissional generalista que ter\u00e1 habilidades e compet\u00eancias para atuar em diversas organiza\u00e7\u00f5es. Esses profissionais estar\u00e3o aptos para atuar em v\u00e1rios tipos de ambientes organizacionais e n\u00edveis hier\u00e1rquicos (estrat\u00e9gico, t\u00e1tico ou operacional), tanto em empresas privadas como em organiza\u00e7\u00f5es p\u00fablicas e do terceiro setor. Na condi\u00e7\u00e3o de profissional especialista em organiza\u00e7\u00f5es, pode exercer atividades de consultor, gestor de projetos, de pessoas, de recursos, e de neg\u00f3cios, al\u00e9m de pesquisador em \u00e1reas afins.<\/p>\n\n\n\n<p><\/p>\n\n\n\n<p><strong>Conhe\u00e7a um pouco mais sobre o Curso de Administra\u00e7\u00e3o da UEL:<\/strong><\/p>\n\n\n\n<div class=\"wp-block-columns is-layout-flex wp-container-core-columns-is-layout-9d6595d7 wp-block-columns-is-layout-flex\">\n<div class=\"wp-block-column is-layout-flow wp-block-column-is-layout-flow\">\n<div class=\"wp-block-columns is-layout-flex wp-container-core-columns-is-layout-9d6595d7 wp-block-columns-is-layout-flex\">\n<div class=\"wp-block-column is-layout-flow wp-block-column-is-layout-flow\" style=\"flex-basis:66.66%\">\n<figure class=\"wp-block-embed is-type-video is-provider-youtube wp-block-embed-youtube wp-embed-aspect-16-9 wp-has-aspect-ratio\"><div class=\"wp-block-embed__wrapper\">\n<iframe loading=\"lazy\" title=\"Administra\u00e7\u00e3o \u2013 Cursos de A a Z\" width=\"640\" height=\"360\" src=\"https:\/\/www.youtube.com\/embed\/squP9oAwroQ?feature=oembed\" frameborder=\"0\" allow=\"accelerometer; autoplay; clipboard-write; encrypted-media; gyroscope; picture-in-picture; web-share\" referrerpolicy=\"strict-origin-when-cross-origin\" allowfullscreen><\/iframe>\n<\/div><\/figure>\n<\/div>\n\n\n\n<div class=\"wp-block-column is-layout-flow wp-block-column-is-layout-flow\" style=\"flex-basis:33.33%\">\n<p><\/p>\n\n\n\n<p><\/p>\n\n\n\n<p><strong>Campos de atua\u00e7\u00e3o<\/strong><\/p>\n\n\n\n<p>O Curso de Bacharelado em Administra\u00e7\u00e3o da Universidade Estadual de Londrina busca formar profissionais que atuem no campo de administra\u00e7\u00e3o e contribuam para o desenvolvimento e transforma\u00e7\u00e3o da sociedade brasileira com s\u00f3lido dom\u00ednio de compet\u00eancias de gest\u00e3o adquiridas segundo uma perspectiva humanista, te\u00f3rico-pr\u00e1tica, multi e interdisciplinar, sustent\u00e1vel, cr\u00edtica e plural.<\/p>\n<\/div>\n<\/div>\n<\/div>\n<\/div>\n","protected":false},"excerpt":{"rendered":"<p>O curso de gradua\u00e7\u00e3o em Administra\u00e7\u00e3o foi criado em 1968 na antiga Funda\u00e7\u00e3o de Ensino Superior de Londrina (FESULON) e ofertou a primeira turma em 1969. A partir da autoriza\u00e7\u00e3o de cria\u00e7\u00e3o da Universidade Estadual de Londrina (lei estadual no 6.304 de 06 de novembro de 1969 e decreto estadual no 18.110 de 28 de [&hellip;]<\/p>\n","protected":false},"author":7,"featured_media":0,"parent":0,"menu_order":0,"comment_status":"closed","ping_status":"closed","template":"","meta":{"_acf_changed":false,"footnotes":""},"class_list":["post-10","page","type-page","status-publish","hentry"],"acf":[],"_links":{"self":[{"href":"https:\/\/graduacao.uel.br\/administracao\/wp-json\/wp\/v2\/pages\/10","targetHints":{"allow":["GET"]}}],"collection":[{"href":"https:\/\/graduacao.uel.br\/administracao\/wp-json\/wp\/v2\/pages"}],"about":[{"href":"https:\/\/graduacao.uel.br\/administracao\/wp-json\/wp\/v2\/types\/page"}],"author":[{"embeddable":true,"href":"https:\/\/graduacao.uel.br\/administracao\/wp-json\/wp\/v2\/users\/7"}],"replies":[{"embeddable":true,"href":"https:\/\/graduacao.uel.br\/administracao\/wp-json\/wp\/v2\/comments?post=10"}],"version-history":[{"count":6,"href":"https:\/\/graduacao.uel.br\/administracao\/wp-json\/wp\/v2\/pages\/10\/revisions"}],"predecessor-version":[{"id":154,"href":"https:\/\/graduacao.uel.br\/administracao\/wp-json\/wp\/v2\/pages\/10\/revisions\/154"}],"wp:attachment":[{"href":"https:\/\/graduacao.uel.br\/administracao\/wp-json\/wp\/v2\/media?parent=10"}],"curies":[{"name":"wp","href":"https:\/\/api.w.org\/{rel}","templated":true}]}}