{"id":38,"date":"2024-07-03T20:39:14","date_gmt":"2024-07-03T23:39:14","guid":{"rendered":"https:\/\/graduacao.uel.br\/administracao\/?page_id=38"},"modified":"2024-07-04T14:25:25","modified_gmt":"2024-07-04T17:25:25","slug":"matriz-curricular","status":"publish","type":"page","link":"https:\/\/graduacao.uel.br\/administracao\/matriz-curricular\/","title":{"rendered":"Matriz Curricular"},"content":{"rendered":"\n<p>Para os estudantes que\u00a0<strong>ingressaram antes de 2023<\/strong>, a Matriz Curricular vigente \u00e9 a seguinte:\u00a0<strong><a href=\"https:\/\/sites.uel.br\/prograd\/wp-content\/uploads\/catalogo_cursos\/2022\/organizacao_curricular\/administracao_matutino.pdf\" target=\"_blank\" rel=\"noreferrer noopener\">Matutino<\/a><\/strong>\u00a0ou\u00a0<strong><a href=\"https:\/\/sites.uel.br\/prograd\/wp-content\/uploads\/catalogo_cursos\/2022\/organizacao_curricular\/administracao_noturno.pdf\" target=\"_blank\" rel=\"noreferrer noopener\">Noturno<\/a><\/strong>.<\/p>\n\n\n\n<p><strong>A partir de 2023<\/strong>, ap\u00f3s reformula\u00e7\u00e3o curricular do Projeto Pedag\u00f3gico do Curso de Administra\u00e7\u00e3o, pela\u00a0<a href=\"https:\/\/sites.uel.br\/prograd\/wp-content\/uploads\/documentos\/resolucoes\/2022\/resolucao_71_22.pdf\" target=\"_blank\" rel=\"noreferrer noopener\"><a href=\"https:\/\/sites.uel.br\/prograd\/wp-content\/uploads\/documentos\/resolucoes\/2022\/resolucao_71_22.pdf\" target=\"_blank\" rel=\"noreferrer noopener\">Resolu\u00e7\u00e3o CEPE\/CA n\u00ba 71\/2022<\/a><\/a>,<\/p>\n\n\n\n<p>a Matriz Curricular vigente passou a ser a seguinte:\u00a0<strong><a href=\"https:\/\/sites.uel.br\/prograd\/wp-content\/uploads\/catalogo_cursos\/2023\/organizacao_curricular\/administracao_matutino.pdf\" target=\"_blank\" rel=\"noreferrer noopener\">Matutino<\/a><\/strong>\u00a0ou\u00a0<strong><a href=\"https:\/\/sites.uel.br\/prograd\/wp-content\/uploads\/catalogo_cursos\/2023\/organizacao_curricular\/administracao_noturno.pdf\" target=\"_blank\" rel=\"noreferrer noopener\">Noturno<\/a><\/strong>.<\/p>\n","protected":false},"excerpt":{"rendered":"<p>Para os estudantes que\u00a0ingressaram antes de 2023, a Matriz Curricular vigente \u00e9 a seguinte:\u00a0Matutino\u00a0ou\u00a0Noturno. A partir de 2023, ap\u00f3s reformula\u00e7\u00e3o curricular do Projeto Pedag\u00f3gico do Curso de Administra\u00e7\u00e3o, pela\u00a0Resolu\u00e7\u00e3o CEPE\/CA n\u00ba 71\/2022, a Matriz Curricular vigente passou a ser a seguinte:\u00a0Matutino\u00a0ou\u00a0Noturno.<\/p>\n","protected":false},"author":8,"featured_media":0,"parent":0,"menu_order":0,"comment_status":"closed","ping_status":"closed","template":"","meta":{"_acf_changed":false,"footnotes":""},"class_list":["post-38","page","type-page","status-publish","hentry"],"acf":[],"_links":{"self":[{"href":"https:\/\/graduacao.uel.br\/administracao\/wp-json\/wp\/v2\/pages\/38","targetHints":{"allow":["GET"]}}],"collection":[{"href":"https:\/\/graduacao.uel.br\/administracao\/wp-json\/wp\/v2\/pages"}],"about":[{"href":"https:\/\/graduacao.uel.br\/administracao\/wp-json\/wp\/v2\/types\/page"}],"author":[{"embeddable":true,"href":"https:\/\/graduacao.uel.br\/administracao\/wp-json\/wp\/v2\/users\/8"}],"replies":[{"embeddable":true,"href":"https:\/\/graduacao.uel.br\/administracao\/wp-json\/wp\/v2\/comments?post=38"}],"version-history":[{"count":2,"href":"https:\/\/graduacao.uel.br\/administracao\/wp-json\/wp\/v2\/pages\/38\/revisions"}],"predecessor-version":[{"id":102,"href":"https:\/\/graduacao.uel.br\/administracao\/wp-json\/wp\/v2\/pages\/38\/revisions\/102"}],"wp:attachment":[{"href":"https:\/\/graduacao.uel.br\/administracao\/wp-json\/wp\/v2\/media?parent=38"}],"curies":[{"name":"wp","href":"https:\/\/api.w.org\/{rel}","templated":true}]}}