{"id":40,"date":"2024-07-03T20:40:20","date_gmt":"2024-07-03T23:40:20","guid":{"rendered":"https:\/\/graduacao.uel.br\/administracao\/?page_id=40"},"modified":"2024-07-08T21:19:51","modified_gmt":"2024-07-09T00:19:51","slug":"projeto-pedagogico-ppc","status":"publish","type":"page","link":"https:\/\/graduacao.uel.br\/administracao\/projeto-pedagogico-ppc\/","title":{"rendered":"Projeto Pedag\u00f3gico (PPC)"},"content":{"rendered":"\n<p>A mais recente reformula\u00e7\u00e3o o Projeto Pedag\u00f3gico do Curso de Administra\u00e7\u00e3o foi feita pela <a href=\"https:\/\/sites.uel.br\/prograd\/wp-content\/uploads\/documentos\/resolucoes\/2022\/resolucao_71_22.pdf\" target=\"_blank\" rel=\"noreferrer noopener\">Resolu\u00e7\u00e3o CEPE\/CA n\u00ba 71\/2022<\/a>, cuja implanta\u00e7\u00e3o teve in\u00edcio no ano letivo de 2023.<\/p>\n\n\n\n<p><strong>Altera\u00e7\u00f5es<\/strong><\/p>\n\n\n\n<p>Nos anos de 2007, 2009, 2010, 2013 e 2017 houve ajustes pontuais na proposta pedag\u00f3gica (Resolu\u00e7\u00e3o CEPE\/CA no 352\/2005, Delibera\u00e7\u00e3o da C\u00e2mara de Gradua\u00e7\u00e3o no 22\/2008; Resolu\u00e7\u00e3o CEPE\/CA no 246\/2009; Delibera\u00e7\u00e3o da C\u00e2mara de Gradua\u00e7\u00e3o no 30\/2012; Resolu\u00e7\u00e3o CEPE no 136\/2017 e Delibera\u00e7\u00e3o da C\u00e2mara de Gradua\u00e7\u00e3o no 19\/2018), mantendo-se a concep\u00e7\u00e3o conceitual do projeto pedag\u00f3gico desenvolvido em 2006. <\/p>\n\n\n\n<p>Foram indutoras de ajustes no projeto curricular: a Resolu\u00e7\u00e3o CNE\/CES no 02 de junho de 2007 que disp\u00f5e sobre a carga hor\u00e1ria m\u00ednima e procedimentos relativos \u00e0 integraliza\u00e7\u00e3o e dura\u00e7\u00e3o dos cursos de gradua\u00e7\u00e3o; a Resolu\u00e7\u00e3o CNE\/CES no 03 de 02 de julho de 2007 que disp\u00f5e sobre procedimentos a serem adotados quanto ao conceito de hora-aula; a Resolu\u00e7\u00e3o CNE\/CP no 2, de 15 de junho de 2012 que estabelece as Diretrizes Curriculares Nacionais para a Educa\u00e7\u00e3o Ambiental e; a Resolu\u00e7\u00e3o CNE\/CP no 1, de 30 de maio de 2012, que estabelece Diretrizes Nacionais para a Educa\u00e7\u00e3o em Direitos Humanos. <\/p>\n\n\n\n<p>Em 2018, treze anos ap\u00f3s o \u00faltimo grupo de trabalho docente ser constitu\u00eddo para repensar o projeto pedag\u00f3gico do curso, um novo grupo de trabalho foi institu\u00eddo. Sua forma\u00e7\u00e3o se deu a partir das discuss\u00f5es e compromissos assumidos no \u00e2mbito do Planejamento Estrat\u00e9gico Participativo da \u00c1rea de Administra\u00e7\u00e3o da UEL (2015\/16) que definiu a proposi\u00e7\u00e3o de um novo projeto pol\u00edtico pedag\u00f3gico (PPP) como uma a\u00e7\u00e3o priorit\u00e1ria para o Colegiado da Gradua\u00e7\u00e3o de Administra\u00e7\u00e3o.<\/p>\n\n\n\n<p><\/p>\n\n\n\n<p><\/p>\n\n\n\n<div class=\"wp-block-buttons is-content-justification-center is-layout-flex wp-container-core-buttons-is-layout-16018d1d wp-block-buttons-is-layout-flex\">\n<div class=\"wp-block-button\"><a class=\"wp-block-button__link has-primary-accent-background-color has-background wp-element-button\" href=\"https:\/\/sites.uel.br\/prograd\/graduacao\/projetos-pedagogicos\/projetos-pedagogicos-administracao\/\" target=\"_blank\" rel=\"noreferrer noopener\">Resolu\u00e7\u00f5es e Delibera\u00e7\u00f5es<\/a><\/div>\n<\/div>\n\n\n\n<div class=\"wp-block-columns is-layout-flex wp-container-core-columns-is-layout-9d6595d7 wp-block-columns-is-layout-flex\">\n<div class=\"wp-block-column is-layout-flow wp-block-column-is-layout-flow\"><\/div>\n<\/div>\n\n\n\n<div class=\"wp-block-pb-accordion-item c-accordion__item js-accordion-item no-js\" data-initially-open=\"false\" data-click-to-close=\"true\" data-auto-close=\"true\" data-scroll=\"false\" data-scroll-offset=\"0\"><h5 id=\"at-400\" class=\"c-accordion__title js-accordion-controller\" role=\"button\">DEPARTAMENTO<\/h5><div id=\"ac-400\" class=\"c-accordion__content\">\n<p>O Departamento, subunidade dos Centros de Estudos, constitui-se na menor estrutura de organiza\u00e7\u00e3o administrativa, did\u00e1tico cient\u00edfica e de lota\u00e7\u00e3o de pessoal.<br>No Departamento s\u00e3o reunidas atividades acad\u00eamicas afins e nele est\u00e3o integrados docentes e t\u00e9cnico administrativos para objetivos comuns. (Art. 122 do Regimento Geral da UEL).<\/p>\n<\/div><\/div>\n\n\n\n<div class=\"wp-block-pb-accordion-item c-accordion__item js-accordion-item no-js\" data-initially-open=\"false\" data-click-to-close=\"true\" data-auto-close=\"true\" data-scroll=\"false\" data-scroll-offset=\"0\"><h5 id=\"at-401\" class=\"c-accordion__title js-accordion-controller\" role=\"button\">COLEGIADO<\/h5><div id=\"ac-401\" class=\"c-accordion__content\">\n<p>Os Colegiados de cursos de gradua\u00e7\u00e3o exercem a coordena\u00e7\u00e3o pedag\u00f3gica dos cursos e ser\u00e3o constitu\u00eddos por representantes docentes da \u00e1rea principal de conhecimento e da \u00e1rea b\u00e1sica e\/ou complementar de conhecimento, estudantes e servidores, na forma prevista nos \u00a72\u00ba e \u00a73\u00ba do Art. 27 do Estatuto da Universidade. (Art. alterado atrav\u00e9s da Resolu\u00e7\u00e3o CU 168\/2007).<\/p>\n<\/div><\/div>\n\n\n\n<div class=\"wp-block-pb-accordion-item c-accordion__item js-accordion-item no-js\" data-initially-open=\"false\" data-click-to-close=\"true\" data-auto-close=\"true\" data-scroll=\"false\" data-scroll-offset=\"0\"><h5 id=\"at-402\" class=\"c-accordion__title js-accordion-controller\" role=\"button\"><strong>N\u00daCLEO DOCENTE ESTRUTURANTE (NDE)<\/strong><\/h5><div id=\"ac-402\" class=\"c-accordion__content\">\n<p>O NDE institui-se como parte da estrutura de gest\u00e3o acad\u00eamica do curso com atribui\u00e7\u00f5es consultivas, propositivas e de assessoria, acerca de mat\u00e9rias de natureza acad\u00eamica e pedag\u00f3gica, sendo correspons\u00e1vel pela elabora\u00e7\u00e3o, implementa\u00e7\u00e3o e consolida\u00e7\u00e3o do Projeto Pedag\u00f3gico do Curso (PPC), al\u00e9m de zelar pelo cumprimento das Diretrizes Curriculares Nacionais (DCNs). Tem como objetivos:<\/p>\n\n\n\n<p>1 \u2013 Levantar dificuldades na atua\u00e7\u00e3o do corpo docente do Curso;<\/p>\n\n\n\n<p>2 \u2013 Auxiliar na elabora\u00e7\u00e3o e no acompanhamento do PPC;<\/p>\n\n\n\n<p>3 \u2013 Propor programas ou outras formas de capacita\u00e7\u00e3o docente;<\/p>\n\n\n\n<p>4 \u2013 Acompanhar as avalia\u00e7\u00f5es do Curso definidas pelo Colegiado;<\/p>\n\n\n\n<p>5 \u2013 Analisar e propor modifica\u00e7\u00f5es, quando necess\u00e1rias;<\/p>\n\n\n\n<p>6 \u2013 Indicar formas de incentivo ao desenvolvimento de atividades de pesquisa;<\/p>\n\n\n\n<p>7 \u2013 Contribuir para a concretiza\u00e7\u00e3o do perfil profissional;<\/p>\n\n\n\n<p>8 \u2013 Zelar pelo cumprimento das DCNs aplic\u00e1veis ao Curso de Administra\u00e7\u00e3o.<\/p>\n\n\n\n<p><\/p>\n<\/div><\/div>\n","protected":false},"excerpt":{"rendered":"<p>A mais recente reformula\u00e7\u00e3o o Projeto Pedag\u00f3gico do Curso de Administra\u00e7\u00e3o foi feita pela Resolu\u00e7\u00e3o CEPE\/CA n\u00ba 71\/2022, cuja implanta\u00e7\u00e3o teve in\u00edcio no ano letivo de 2023. Altera\u00e7\u00f5es Nos anos de 2007, 2009, 2010, 2013 e 2017 houve ajustes pontuais na proposta pedag\u00f3gica (Resolu\u00e7\u00e3o CEPE\/CA no 352\/2005, Delibera\u00e7\u00e3o da C\u00e2mara de Gradua\u00e7\u00e3o no 22\/2008; Resolu\u00e7\u00e3o [&hellip;]<\/p>\n","protected":false},"author":8,"featured_media":0,"parent":0,"menu_order":0,"comment_status":"closed","ping_status":"closed","template":"","meta":{"_acf_changed":false,"footnotes":""},"class_list":["post-40","page","type-page","status-publish","hentry"],"acf":[],"_links":{"self":[{"href":"https:\/\/graduacao.uel.br\/administracao\/wp-json\/wp\/v2\/pages\/40","targetHints":{"allow":["GET"]}}],"collection":[{"href":"https:\/\/graduacao.uel.br\/administracao\/wp-json\/wp\/v2\/pages"}],"about":[{"href":"https:\/\/graduacao.uel.br\/administracao\/wp-json\/wp\/v2\/types\/page"}],"author":[{"embeddable":true,"href":"https:\/\/graduacao.uel.br\/administracao\/wp-json\/wp\/v2\/users\/8"}],"replies":[{"embeddable":true,"href":"https:\/\/graduacao.uel.br\/administracao\/wp-json\/wp\/v2\/comments?post=40"}],"version-history":[{"count":6,"href":"https:\/\/graduacao.uel.br\/administracao\/wp-json\/wp\/v2\/pages\/40\/revisions"}],"predecessor-version":[{"id":131,"href":"https:\/\/graduacao.uel.br\/administracao\/wp-json\/wp\/v2\/pages\/40\/revisions\/131"}],"wp:attachment":[{"href":"https:\/\/graduacao.uel.br\/administracao\/wp-json\/wp\/v2\/media?parent=40"}],"curies":[{"name":"wp","href":"https:\/\/api.w.org\/{rel}","templated":true}]}}