{"id":50,"date":"2024-07-03T20:49:26","date_gmt":"2024-07-03T23:49:26","guid":{"rendered":"https:\/\/graduacao.uel.br\/administracao\/?page_id=50"},"modified":"2025-08-19T11:13:33","modified_gmt":"2025-08-19T14:13:33","slug":"formularios","status":"publish","type":"page","link":"https:\/\/graduacao.uel.br\/administracao\/formularios\/","title":{"rendered":"Formul\u00e1rios"},"content":{"rendered":"\n<p><a href=\"https:\/\/sites.uel.br\/prograd\/estudante\/formularios\/\"><strong>Formul\u00e1rios<\/strong><\/a>&nbsp;e<strong>&nbsp;<a href=\"https:\/\/sites.uel.br\/prograd\/documentos\/\">Documentos<\/a><\/strong>&nbsp;referentes ao estudante de gradua\u00e7\u00e3o da UEL, encontram-se na sua totalidade no site da Pr\u00f3 Reitoria de Gradua\u00e7\u00e3o (PROGRAD) e espec\u00edficos no Portal do Estudante.<\/p>\n\n\n\n<p>Instru\u00e7\u00e3o de AAC e Relat\u00f3rio de AAC<\/p>\n\n\n\n<div class=\"wp-block-file\"><a id=\"wp-block-file--media-6078d3bb-e330-4e89-9ea2-c7caa52d0b57\" href=\"https:\/\/graduacao.uel.br\/administracao\/wp-content\/uploads\/2025\/08\/Instrucao-de-Servico-COLADM-001_2025_AAC.pdf\">Instruc\u0327a\u0303o de Servic\u0327o COLADM 001_2025_AAC<\/a><a href=\"https:\/\/graduacao.uel.br\/administracao\/wp-content\/uploads\/2025\/08\/Instrucao-de-Servico-COLADM-001_2025_AAC.pdf\" class=\"wp-block-file__button wp-element-button\" download aria-describedby=\"wp-block-file--media-6078d3bb-e330-4e89-9ea2-c7caa52d0b57\">Baixar<\/a><\/div>\n\n\n\n<div class=\"wp-block-file\"><a id=\"wp-block-file--media-68f0a58a-b585-43e2-94f7-f6a1b9de0779\" href=\"https:\/\/graduacao.uel.br\/administracao\/wp-content\/uploads\/2025\/08\/Relatorio-de-Avaliacao-da-Atividade-Academica-Complementar_2023.docx\">Relato\u0301rio de Avaliac\u0327a\u0303o da Atividade Acade\u0302mica Complementar_2023<\/a><a href=\"https:\/\/graduacao.uel.br\/administracao\/wp-content\/uploads\/2025\/08\/Relatorio-de-Avaliacao-da-Atividade-Academica-Complementar_2023.docx\" class=\"wp-block-file__button wp-element-button\" download aria-describedby=\"wp-block-file--media-68f0a58a-b585-43e2-94f7-f6a1b9de0779\">Baixar<\/a><\/div>\n","protected":false},"excerpt":{"rendered":"<p>Formul\u00e1rios&nbsp;e&nbsp;Documentos&nbsp;referentes ao estudante de gradua\u00e7\u00e3o da UEL, encontram-se na sua totalidade no site da Pr\u00f3 Reitoria de Gradua\u00e7\u00e3o (PROGRAD) e espec\u00edficos no Portal do Estudante. Instru\u00e7\u00e3o de AAC e Relat\u00f3rio de AAC<\/p>\n","protected":false},"author":8,"featured_media":0,"parent":0,"menu_order":0,"comment_status":"closed","ping_status":"closed","template":"","meta":{"_acf_changed":false,"footnotes":""},"class_list":["post-50","page","type-page","status-publish","hentry"],"acf":[],"_links":{"self":[{"href":"https:\/\/graduacao.uel.br\/administracao\/wp-json\/wp\/v2\/pages\/50","targetHints":{"allow":["GET"]}}],"collection":[{"href":"https:\/\/graduacao.uel.br\/administracao\/wp-json\/wp\/v2\/pages"}],"about":[{"href":"https:\/\/graduacao.uel.br\/administracao\/wp-json\/wp\/v2\/types\/page"}],"author":[{"embeddable":true,"href":"https:\/\/graduacao.uel.br\/administracao\/wp-json\/wp\/v2\/users\/8"}],"replies":[{"embeddable":true,"href":"https:\/\/graduacao.uel.br\/administracao\/wp-json\/wp\/v2\/comments?post=50"}],"version-history":[{"count":4,"href":"https:\/\/graduacao.uel.br\/administracao\/wp-json\/wp\/v2\/pages\/50\/revisions"}],"predecessor-version":[{"id":175,"href":"https:\/\/graduacao.uel.br\/administracao\/wp-json\/wp\/v2\/pages\/50\/revisions\/175"}],"wp:attachment":[{"href":"https:\/\/graduacao.uel.br\/administracao\/wp-json\/wp\/v2\/media?parent=50"}],"curies":[{"name":"wp","href":"https:\/\/api.w.org\/{rel}","templated":true}]}}