{"id":79,"date":"2024-07-04T12:19:00","date_gmt":"2024-07-04T15:19:00","guid":{"rendered":"https:\/\/graduacao.uel.br\/administracao\/?page_id=79"},"modified":"2026-04-29T15:39:44","modified_gmt":"2026-04-29T18:39:44","slug":"empresa-junior","status":"publish","type":"page","link":"https:\/\/graduacao.uel.br\/administracao\/empresa-junior\/","title":{"rendered":"Empresa J\u00fanior"},"content":{"rendered":"\n<p><strong>Business Consultoria <\/strong><\/p>\n\n\n\n<p>No ano de 1990 foi criada a empresa j\u00fanior <a href=\"https:\/\/www.instagram.com\/businessconsultoria\" target=\"_blank\" rel=\"noreferrer noopener\">Business Consultoria<\/a>, primeira empresa j\u00fanior do sul do Brasil que vem sistematicamente auxiliando os empreendedores de Londrina e regi\u00e3o a potencializar seus neg\u00f3cios. Os alunos atuam, sob supervis\u00e3o de docentes do curso, na busca por solu\u00e7\u00f5es de problemas de neg\u00f3cios.<\/p>\n\n\n\n<p>A Business se configura atualmente no Curso de Administra\u00e7\u00e3o como um Programa de Forma\u00e7\u00e3o Complementar (Projeto: 00583), em que o aluno vivencia um ambiente real de neg\u00f3cios e pode aprimorar t\u00e9cnicas e desenvolver um perfil empreendedor. <\/p>\n\n\n\n<p>A atual presidente \u00e9 a estudante Isabela Daglio de Brito.<\/p>\n\n\n\n<p><a href=\"https:\/\/businessconsultoria.my.canva.site\">Site da Business<\/a><\/p>\n\n\n\n<p><a href=\"https:\/\/www.instagram.com\/businessconsultoria\" target=\"_blank\" rel=\"noreferrer noopener\">Redes Sociais &#8211; Instagram<\/a>.<\/p>\n\n\n\n<figure class=\"wp-block-image size-full\"><img loading=\"lazy\" decoding=\"async\" width=\"225\" height=\"225\" src=\"https:\/\/graduacao.uel.br\/administracao\/wp-content\/uploads\/2025\/02\/business.png\" alt=\"\" class=\"wp-image-164\" srcset=\"https:\/\/graduacao.uel.br\/administracao\/wp-content\/uploads\/2025\/02\/business.png 225w, https:\/\/graduacao.uel.br\/administracao\/wp-content\/uploads\/2025\/02\/business-150x150.png 150w\" sizes=\"auto, (max-width: 225px) 100vw, 225px\" \/><\/figure>\n","protected":false},"excerpt":{"rendered":"<p>Business Consultoria No ano de 1990 foi criada a empresa j\u00fanior Business Consultoria, primeira empresa j\u00fanior do sul do Brasil que vem sistematicamente auxiliando os empreendedores de Londrina e regi\u00e3o a potencializar seus neg\u00f3cios. Os alunos atuam, sob supervis\u00e3o de docentes do curso, na busca por solu\u00e7\u00f5es de problemas de neg\u00f3cios. A Business se configura [&hellip;]<\/p>\n","protected":false},"author":8,"featured_media":0,"parent":0,"menu_order":0,"comment_status":"closed","ping_status":"closed","template":"","meta":{"_acf_changed":false,"footnotes":""},"class_list":["post-79","page","type-page","status-publish","hentry"],"acf":[],"_links":{"self":[{"href":"https:\/\/graduacao.uel.br\/administracao\/wp-json\/wp\/v2\/pages\/79","targetHints":{"allow":["GET"]}}],"collection":[{"href":"https:\/\/graduacao.uel.br\/administracao\/wp-json\/wp\/v2\/pages"}],"about":[{"href":"https:\/\/graduacao.uel.br\/administracao\/wp-json\/wp\/v2\/types\/page"}],"author":[{"embeddable":true,"href":"https:\/\/graduacao.uel.br\/administracao\/wp-json\/wp\/v2\/users\/8"}],"replies":[{"embeddable":true,"href":"https:\/\/graduacao.uel.br\/administracao\/wp-json\/wp\/v2\/comments?post=79"}],"version-history":[{"count":6,"href":"https:\/\/graduacao.uel.br\/administracao\/wp-json\/wp\/v2\/pages\/79\/revisions"}],"predecessor-version":[{"id":192,"href":"https:\/\/graduacao.uel.br\/administracao\/wp-json\/wp\/v2\/pages\/79\/revisions\/192"}],"wp:attachment":[{"href":"https:\/\/graduacao.uel.br\/administracao\/wp-json\/wp\/v2\/media?parent=79"}],"curies":[{"name":"wp","href":"https:\/\/api.w.org\/{rel}","templated":true}]}}