{"id":86,"date":"2024-07-04T12:21:40","date_gmt":"2024-07-04T15:21:40","guid":{"rendered":"https:\/\/graduacao.uel.br\/administracao\/?page_id=86"},"modified":"2026-04-29T15:53:37","modified_gmt":"2026-04-29T18:53:37","slug":"ligas-academicas","status":"publish","type":"page","link":"https:\/\/graduacao.uel.br\/administracao\/ligas-academicas\/","title":{"rendered":"Ligas Acad\u00eamicas"},"content":{"rendered":"\n<p><\/p>\n\n\n\n<h2 class=\"wp-block-heading\" style=\"font-size:20px\"><strong>Liga de Mercado Financeiro <\/strong><\/h2>\n\n\n\n<p>A <a href=\"https:\/\/www.instagram.com\/uelfinanceclub\">Liga de Mercado Financeiro (UEL Finance Club)<\/a> tem o principal objetivo atender as necessidade do Mercado Financeiro dentro da universidade. A liga \u00e9 formada por alunos da UEL, nossas reuni\u00f5es costumam ser aos s\u00e1bados na UEL e discutimos sobre o Mercado Financeiro de forma geral. Al\u00e9m disso, somos convidados para visitar empresas que atuam na \u00e1rea. <\/p>\n\n\n\n<p>Presidente: Emanuel de Miranda Batista (Economia)<\/p>\n\n\n\n<p>Saiba mais sobre a <a href=\"https:\/\/www.instagram.com\/uelfinanceclub\">UEL Finance Club<\/a>.<\/p>\n\n\n\n<figure class=\"wp-block-image size-full\"><img loading=\"lazy\" decoding=\"async\" width=\"320\" height=\"320\" src=\"https:\/\/graduacao.uel.br\/administracao\/wp-content\/uploads\/2026\/04\/uelfinanceclub.jpg\" alt=\"\" class=\"wp-image-190\" srcset=\"https:\/\/graduacao.uel.br\/administracao\/wp-content\/uploads\/2026\/04\/uelfinanceclub.jpg 320w, https:\/\/graduacao.uel.br\/administracao\/wp-content\/uploads\/2026\/04\/uelfinanceclub-300x300.jpg 300w, https:\/\/graduacao.uel.br\/administracao\/wp-content\/uploads\/2026\/04\/uelfinanceclub-150x150.jpg 150w\" sizes=\"auto, (max-width: 320px) 100vw, 320px\" \/><\/figure>\n\n\n\n<h2 class=\"wp-block-heading\" style=\"font-size:20px\"><strong>Liga de Gest\u00e3o de Pessoas <\/strong><\/h2>\n\n\n\n<p>A <a href=\"https:\/\/www.instagram.com\/ligagpuel?utm_source=ig_web_button_share_sheet&amp;igsh=ZDNlZDc0MzIxNw==\">Liga de Gest\u00e3o de Pessoas<\/a> tem como objetivo promover o desenvolvimento e aprofundamento do conhecimento na \u00e1rea de gest\u00e3o de pessoas, estabelecendo a integra\u00e7\u00e3o entre os membros e uma conex\u00e3o efetiva entre teoria e pr\u00e1tica.<\/p>\n\n\n\n<p>Presidente: Luiza Lopes Bueno<\/p>\n\n\n\n<p>Saiba mais sobre a <a href=\"https:\/\/www.instagram.com\/ligagpuel?utm_source=ig_web_button_share_sheet&amp;igsh=ZDNlZDc0MzIxNw==\">Liga de Gest\u00e3o de Pessoas<\/a>.<\/p>\n\n\n\n<figure class=\"wp-block-image size-full\"><img loading=\"lazy\" decoding=\"async\" width=\"320\" height=\"320\" src=\"https:\/\/graduacao.uel.br\/administracao\/wp-content\/uploads\/2026\/04\/ligagpuel.jpg\" alt=\"\" class=\"wp-image-187\" srcset=\"https:\/\/graduacao.uel.br\/administracao\/wp-content\/uploads\/2026\/04\/ligagpuel.jpg 320w, https:\/\/graduacao.uel.br\/administracao\/wp-content\/uploads\/2026\/04\/ligagpuel-300x300.jpg 300w, https:\/\/graduacao.uel.br\/administracao\/wp-content\/uploads\/2026\/04\/ligagpuel-150x150.jpg 150w\" sizes=\"auto, (max-width: 320px) 100vw, 320px\" \/><\/figure>\n\n\n\n<h2 class=\"wp-block-heading\" style=\"font-size:20px\"><strong>Liga de Marketing Digital<\/strong><\/h2>\n\n\n\n<p>A <a href=\"https:\/\/www.instagram.com\/ligamktuel\">Liga de Marketing Digital<\/a> \u00e9 uma organiza\u00e7\u00e3o estudantil que compartilha e desenvolve conhecimentos sobre marketing digital de uma maneira pr\u00e1tica. <\/p>\n\n\n\n<p>Presidente: Lara Frasson Araujo (Med. Vet.)<\/p>\n\n\n\n<p>Saiba mais sobre a <a href=\"https:\/\/www.instagram.com\/ligamktuel\">Liga de Marketing Digital<\/a>.<\/p>\n\n\n\n<figure class=\"wp-block-image size-full\"><img loading=\"lazy\" decoding=\"async\" width=\"320\" height=\"320\" src=\"https:\/\/graduacao.uel.br\/administracao\/wp-content\/uploads\/2026\/04\/ligamktuel.jpg\" alt=\"\" class=\"wp-image-188\" srcset=\"https:\/\/graduacao.uel.br\/administracao\/wp-content\/uploads\/2026\/04\/ligamktuel.jpg 320w, https:\/\/graduacao.uel.br\/administracao\/wp-content\/uploads\/2026\/04\/ligamktuel-300x300.jpg 300w, https:\/\/graduacao.uel.br\/administracao\/wp-content\/uploads\/2026\/04\/ligamktuel-150x150.jpg 150w\" sizes=\"auto, (max-width: 320px) 100vw, 320px\" \/><\/figure>\n","protected":false},"excerpt":{"rendered":"<p>Liga de Mercado Financeiro A Liga de Mercado Financeiro (UEL Finance Club) tem o principal objetivo atender as necessidade do Mercado Financeiro dentro da universidade. A liga \u00e9 formada por alunos da UEL, nossas reuni\u00f5es costumam ser aos s\u00e1bados na UEL e discutimos sobre o Mercado Financeiro de forma geral. Al\u00e9m disso, somos convidados para [&hellip;]<\/p>\n","protected":false},"author":8,"featured_media":0,"parent":0,"menu_order":0,"comment_status":"closed","ping_status":"closed","template":"","meta":{"_acf_changed":false,"footnotes":""},"class_list":["post-86","page","type-page","status-publish","hentry"],"acf":[],"_links":{"self":[{"href":"https:\/\/graduacao.uel.br\/administracao\/wp-json\/wp\/v2\/pages\/86","targetHints":{"allow":["GET"]}}],"collection":[{"href":"https:\/\/graduacao.uel.br\/administracao\/wp-json\/wp\/v2\/pages"}],"about":[{"href":"https:\/\/graduacao.uel.br\/administracao\/wp-json\/wp\/v2\/types\/page"}],"author":[{"embeddable":true,"href":"https:\/\/graduacao.uel.br\/administracao\/wp-json\/wp\/v2\/users\/8"}],"replies":[{"embeddable":true,"href":"https:\/\/graduacao.uel.br\/administracao\/wp-json\/wp\/v2\/comments?post=86"}],"version-history":[{"count":8,"href":"https:\/\/graduacao.uel.br\/administracao\/wp-json\/wp\/v2\/pages\/86\/revisions"}],"predecessor-version":[{"id":202,"href":"https:\/\/graduacao.uel.br\/administracao\/wp-json\/wp\/v2\/pages\/86\/revisions\/202"}],"wp:attachment":[{"href":"https:\/\/graduacao.uel.br\/administracao\/wp-json\/wp\/v2\/media?parent=86"}],"curies":[{"name":"wp","href":"https:\/\/api.w.org\/{rel}","templated":true}]}}