{"id":90,"date":"2024-07-04T12:22:40","date_gmt":"2024-07-04T15:22:40","guid":{"rendered":"https:\/\/graduacao.uel.br\/administracao\/?page_id=90"},"modified":"2026-04-29T15:56:52","modified_gmt":"2026-04-29T18:56:52","slug":"atletica","status":"publish","type":"page","link":"https:\/\/graduacao.uel.br\/administracao\/atletica\/","title":{"rendered":"Atl\u00e9tica"},"content":{"rendered":"\n<p>A <a href=\"https:\/\/www.instagram.com\/xvdesetembro\">Atl\u00e9tica XV de Setembro<\/a> foi fundada em 2005 durante a gest\u00e3o 2005\/2006. A Atl\u00e9tica n\u00e3o se limita a festas e eventos. Sua miss\u00e3o central \u00e9 a integra\u00e7\u00e3o de alunos de diversos cursos de Administra\u00e7\u00e3o, Ci\u00eancias Cont\u00e1beis, Ci\u00eancias Econ\u00f4micas e Secretariado Executivo e o investimento em seus atletas. O atual presidente \u00e9 o estudante Vinicius Ramalho.<\/p>\n\n\n\n<p>Saiba mais sobre a <a href=\"https:\/\/www.instagram.com\/xvdesetembro\">XV de Setembro<\/a>. <\/p>\n\n\n\n<figure class=\"wp-block-image size-full\"><img loading=\"lazy\" decoding=\"async\" width=\"225\" height=\"225\" src=\"https:\/\/graduacao.uel.br\/administracao\/wp-content\/uploads\/2025\/02\/atletica.jpeg\" alt=\"\" class=\"wp-image-160\" srcset=\"https:\/\/graduacao.uel.br\/administracao\/wp-content\/uploads\/2025\/02\/atletica.jpeg 225w, https:\/\/graduacao.uel.br\/administracao\/wp-content\/uploads\/2025\/02\/atletica-150x150.jpeg 150w\" sizes=\"auto, (max-width: 225px) 100vw, 225px\" \/><\/figure>\n\n\n\n<h2 class=\"wp-block-heading\">Tubatuque<\/h2>\n\n\n\n<p>A Tubatuque foi fundada em 2006, representando a Bateria Universit\u00e1ria dos alunos de Administra\u00e7\u00e3o, Economia, Cont\u00e1beis e Secretariado Executivo da UEL. O atual presidente \u00e9 o estudante Lucas Feldhaus Carneiro (Economia)<\/p>\n\n\n\n<figure class=\"wp-block-image size-full\"><img loading=\"lazy\" decoding=\"async\" width=\"225\" height=\"225\" src=\"https:\/\/graduacao.uel.br\/administracao\/wp-content\/uploads\/2026\/04\/tubatuque.jpeg\" alt=\"\" class=\"wp-image-189\" srcset=\"https:\/\/graduacao.uel.br\/administracao\/wp-content\/uploads\/2026\/04\/tubatuque.jpeg 225w, https:\/\/graduacao.uel.br\/administracao\/wp-content\/uploads\/2026\/04\/tubatuque-150x150.jpeg 150w\" sizes=\"auto, (max-width: 225px) 100vw, 225px\" \/><\/figure>\n","protected":false},"excerpt":{"rendered":"<p>A Atl\u00e9tica XV de Setembro foi fundada em 2005 durante a gest\u00e3o 2005\/2006. A Atl\u00e9tica n\u00e3o se limita a festas e eventos. Sua miss\u00e3o central \u00e9 a integra\u00e7\u00e3o de alunos de diversos cursos de Administra\u00e7\u00e3o, Ci\u00eancias Cont\u00e1beis, Ci\u00eancias Econ\u00f4micas e Secretariado Executivo e o investimento em seus atletas. O atual presidente \u00e9 o estudante Vinicius [&hellip;]<\/p>\n","protected":false},"author":8,"featured_media":0,"parent":0,"menu_order":0,"comment_status":"closed","ping_status":"closed","template":"","meta":{"_acf_changed":false,"footnotes":""},"class_list":["post-90","page","type-page","status-publish","hentry"],"acf":[],"_links":{"self":[{"href":"https:\/\/graduacao.uel.br\/administracao\/wp-json\/wp\/v2\/pages\/90","targetHints":{"allow":["GET"]}}],"collection":[{"href":"https:\/\/graduacao.uel.br\/administracao\/wp-json\/wp\/v2\/pages"}],"about":[{"href":"https:\/\/graduacao.uel.br\/administracao\/wp-json\/wp\/v2\/types\/page"}],"author":[{"embeddable":true,"href":"https:\/\/graduacao.uel.br\/administracao\/wp-json\/wp\/v2\/users\/8"}],"replies":[{"embeddable":true,"href":"https:\/\/graduacao.uel.br\/administracao\/wp-json\/wp\/v2\/comments?post=90"}],"version-history":[{"count":8,"href":"https:\/\/graduacao.uel.br\/administracao\/wp-json\/wp\/v2\/pages\/90\/revisions"}],"predecessor-version":[{"id":204,"href":"https:\/\/graduacao.uel.br\/administracao\/wp-json\/wp\/v2\/pages\/90\/revisions\/204"}],"wp:attachment":[{"href":"https:\/\/graduacao.uel.br\/administracao\/wp-json\/wp\/v2\/media?parent=90"}],"curies":[{"name":"wp","href":"https:\/\/api.w.org\/{rel}","templated":true}]}}