{"id":133,"date":"2024-07-09T11:58:39","date_gmt":"2024-07-09T14:58:39","guid":{"rendered":"https:\/\/graduacao.uel.br\/agronomia\/?page_id=133"},"modified":"2024-07-09T12:02:59","modified_gmt":"2024-07-09T15:02:59","slug":"centro-academico-ca","status":"publish","type":"page","link":"https:\/\/graduacao.uel.br\/agronomia\/centro-academico-ca\/","title":{"rendered":"Centro Acad\u00eamico (CA)"},"content":{"rendered":"\n<p>A <strong>AGROUEL<\/strong> &#8211; Centro Acad\u00eamico (CA), \u00e9 a entidade que representa todos os discentes matriculados no curso de gradua\u00e7\u00e3o de Agronomia na UEL. <\/p>\n\n\n\n<p>O objetivo do CA \u00e9 manter com seus discentes um canal direto e permanente de contato, realizando as discuss\u00f5es, debates, palestras e reuni\u00f5es de forma democr\u00e1tica e aberta a todos que quiserem participar, de modo a fortalecer o curso de gradua\u00e7\u00e3o. <\/p>\n\n\n\n<p>Diretor Presidente: Leonardo Martinez (leonardo.martinez@uel.br) <\/p>\n\n\n\n<p>Conhe\u00e7a a <strong>AGROUEL <\/strong>no <strong><a href=\"https:\/\/www.instagram.com\/ca.agrouel\/\">Instagran<\/a><\/strong>.<\/p>\n","protected":false},"excerpt":{"rendered":"<p>A AGROUEL &#8211; Centro Acad\u00eamico (CA), \u00e9 a entidade que representa todos os discentes matriculados no curso de gradua\u00e7\u00e3o de Agronomia na UEL. O objetivo do CA \u00e9 manter com seus discentes um canal direto e permanente de contato, realizando as discuss\u00f5es, debates, palestras e reuni\u00f5es de forma democr\u00e1tica e aberta a todos que quiserem [&hellip;]<\/p>\n","protected":false},"author":6,"featured_media":0,"parent":0,"menu_order":0,"comment_status":"closed","ping_status":"closed","template":"","meta":{"_acf_changed":false,"footnotes":""},"class_list":["post-133","page","type-page","status-publish","hentry"],"acf":[],"_links":{"self":[{"href":"https:\/\/graduacao.uel.br\/agronomia\/wp-json\/wp\/v2\/pages\/133","targetHints":{"allow":["GET"]}}],"collection":[{"href":"https:\/\/graduacao.uel.br\/agronomia\/wp-json\/wp\/v2\/pages"}],"about":[{"href":"https:\/\/graduacao.uel.br\/agronomia\/wp-json\/wp\/v2\/types\/page"}],"author":[{"embeddable":true,"href":"https:\/\/graduacao.uel.br\/agronomia\/wp-json\/wp\/v2\/users\/6"}],"replies":[{"embeddable":true,"href":"https:\/\/graduacao.uel.br\/agronomia\/wp-json\/wp\/v2\/comments?post=133"}],"version-history":[{"count":4,"href":"https:\/\/graduacao.uel.br\/agronomia\/wp-json\/wp\/v2\/pages\/133\/revisions"}],"predecessor-version":[{"id":139,"href":"https:\/\/graduacao.uel.br\/agronomia\/wp-json\/wp\/v2\/pages\/133\/revisions\/139"}],"wp:attachment":[{"href":"https:\/\/graduacao.uel.br\/agronomia\/wp-json\/wp\/v2\/media?parent=133"}],"curies":[{"name":"wp","href":"https:\/\/api.w.org\/{rel}","templated":true}]}}