{"id":140,"date":"2024-07-09T12:03:28","date_gmt":"2024-07-09T15:03:28","guid":{"rendered":"https:\/\/graduacao.uel.br\/agronomia\/?page_id=140"},"modified":"2024-07-09T12:10:06","modified_gmt":"2024-07-09T15:10:06","slug":"empresa-junior","status":"publish","type":"page","link":"https:\/\/graduacao.uel.br\/agronomia\/empresa-junior\/","title":{"rendered":"Empresa J\u00fanior"},"content":{"rendered":"\n<p>A Empresa J\u00fanior de Agronomia da Universidade Estadual de Londrina, a <strong>CONSOAGRO<\/strong>, foi fundada em 2008 por alunos do curso de Agronomia, tem o objetivo de levar ao produtor solu\u00e7\u00f5es inovadoras e criativas. <\/p>\n\n\n\n<p>A Empresa J\u00fanior est\u00e1 ligada a Universidade, associada ao N\u00facleo de Empresas Juniores de Londrina, a Federa\u00e7\u00e3o das Empresas Juniores do Estado do Paran\u00e1 e a Brasil J\u00fanior. <\/p>\n\n\n\n<p><strong>Diretor Presidente:<\/strong> Wesley da Silva Bento (wesley.silva.bento@uel.br) <\/p>\n\n\n\n<p>Conhe\u00e7a a <strong><a href=\"https:\/\/sites.uel.br\/sustentabilidade\/consoagro-uel\">Consoagro<\/a><\/strong> (Sustentabilidade)<\/p>\n\n\n\n<div class=\"wp-block-columns is-layout-flex wp-container-core-columns-is-layout-9d6595d7 wp-block-columns-is-layout-flex\">\n<div class=\"wp-block-column is-layout-flow wp-block-column-is-layout-flow\"><\/div>\n<\/div>\n\n\n\n<p><\/p>\n","protected":false},"excerpt":{"rendered":"<p>A Empresa J\u00fanior de Agronomia da Universidade Estadual de Londrina, a CONSOAGRO, foi fundada em 2008 por alunos do curso de Agronomia, tem o objetivo de levar ao produtor solu\u00e7\u00f5es inovadoras e criativas. A Empresa J\u00fanior est\u00e1 ligada a Universidade, associada ao N\u00facleo de Empresas Juniores de Londrina, a Federa\u00e7\u00e3o das Empresas Juniores do Estado [&hellip;]<\/p>\n","protected":false},"author":6,"featured_media":0,"parent":0,"menu_order":0,"comment_status":"closed","ping_status":"closed","template":"","meta":{"_acf_changed":false,"footnotes":""},"class_list":["post-140","page","type-page","status-publish","hentry"],"acf":[],"_links":{"self":[{"href":"https:\/\/graduacao.uel.br\/agronomia\/wp-json\/wp\/v2\/pages\/140","targetHints":{"allow":["GET"]}}],"collection":[{"href":"https:\/\/graduacao.uel.br\/agronomia\/wp-json\/wp\/v2\/pages"}],"about":[{"href":"https:\/\/graduacao.uel.br\/agronomia\/wp-json\/wp\/v2\/types\/page"}],"author":[{"embeddable":true,"href":"https:\/\/graduacao.uel.br\/agronomia\/wp-json\/wp\/v2\/users\/6"}],"replies":[{"embeddable":true,"href":"https:\/\/graduacao.uel.br\/agronomia\/wp-json\/wp\/v2\/comments?post=140"}],"version-history":[{"count":5,"href":"https:\/\/graduacao.uel.br\/agronomia\/wp-json\/wp\/v2\/pages\/140\/revisions"}],"predecessor-version":[{"id":148,"href":"https:\/\/graduacao.uel.br\/agronomia\/wp-json\/wp\/v2\/pages\/140\/revisions\/148"}],"wp:attachment":[{"href":"https:\/\/graduacao.uel.br\/agronomia\/wp-json\/wp\/v2\/media?parent=140"}],"curies":[{"name":"wp","href":"https:\/\/api.w.org\/{rel}","templated":true}]}}