{"id":149,"date":"2024-07-09T12:10:49","date_gmt":"2024-07-09T15:10:49","guid":{"rendered":"https:\/\/graduacao.uel.br\/agronomia\/?page_id=149"},"modified":"2024-07-09T12:15:17","modified_gmt":"2024-07-09T15:15:17","slug":"nucleo-de-agroecologia","status":"publish","type":"page","link":"https:\/\/graduacao.uel.br\/agronomia\/nucleo-de-agroecologia\/","title":{"rendered":"N\u00facleo de Agroecologia"},"content":{"rendered":"\n<p>O N\u00facleo de Agroecologia (<strong>NEAGRO<\/strong>), da Universidade Estadual de Londrina, com o objetivo de fortalecer o apoio \u00e0 agricultura org\u00e2nica, visa desenvolver e divulgar t\u00e9cnicas de produ\u00e7\u00e3o de alimentos org\u00e2nicos e pesquisar solu\u00e7\u00f5es para lavoura de pequenos produtores de Londrina e regi\u00e3o. <\/p>\n\n\n\n<p>A cria\u00e7\u00e3o da NEAGRO, amplia a participa\u00e7\u00e3o da UEL num campo do conhecimento e da produ\u00e7\u00e3o alimentar que tem despertado cada vez mais interesse no Paran\u00e1 e no Brasil. <\/p>\n\n\n\n<p><strong>Coordenador<\/strong>: Prof. Dr. Maur\u00edcio Ursi Ventura (mventura@uel.br)<\/p>\n\n\n\n<p>Conhe\u00e7a a NEAGRO no: <strong><a href=\"https:\/\/www.instagram.com\/neagrouel\/\">Instagran <\/a><\/strong>e no <strong><a href=\"https:\/\/www.facebook.com\/neagrouell\/\">Facebook<\/a><\/strong><\/p>\n\n\n\n<div class=\"wp-block-columns is-layout-flex wp-container-core-columns-is-layout-9d6595d7 wp-block-columns-is-layout-flex\">\n<div class=\"wp-block-column is-layout-flow wp-block-column-is-layout-flow\"><\/div>\n<\/div>\n","protected":false},"excerpt":{"rendered":"<p>O N\u00facleo de Agroecologia (NEAGRO), da Universidade Estadual de Londrina, com o objetivo de fortalecer o apoio \u00e0 agricultura org\u00e2nica, visa desenvolver e divulgar t\u00e9cnicas de produ\u00e7\u00e3o de alimentos org\u00e2nicos e pesquisar solu\u00e7\u00f5es para lavoura de pequenos produtores de Londrina e regi\u00e3o. A cria\u00e7\u00e3o da NEAGRO, amplia a participa\u00e7\u00e3o da UEL num campo do conhecimento [&hellip;]<\/p>\n","protected":false},"author":6,"featured_media":0,"parent":0,"menu_order":0,"comment_status":"closed","ping_status":"closed","template":"","meta":{"_acf_changed":false,"footnotes":""},"class_list":["post-149","page","type-page","status-publish","hentry"],"acf":[],"_links":{"self":[{"href":"https:\/\/graduacao.uel.br\/agronomia\/wp-json\/wp\/v2\/pages\/149","targetHints":{"allow":["GET"]}}],"collection":[{"href":"https:\/\/graduacao.uel.br\/agronomia\/wp-json\/wp\/v2\/pages"}],"about":[{"href":"https:\/\/graduacao.uel.br\/agronomia\/wp-json\/wp\/v2\/types\/page"}],"author":[{"embeddable":true,"href":"https:\/\/graduacao.uel.br\/agronomia\/wp-json\/wp\/v2\/users\/6"}],"replies":[{"embeddable":true,"href":"https:\/\/graduacao.uel.br\/agronomia\/wp-json\/wp\/v2\/comments?post=149"}],"version-history":[{"count":5,"href":"https:\/\/graduacao.uel.br\/agronomia\/wp-json\/wp\/v2\/pages\/149\/revisions"}],"predecessor-version":[{"id":157,"href":"https:\/\/graduacao.uel.br\/agronomia\/wp-json\/wp\/v2\/pages\/149\/revisions\/157"}],"wp:attachment":[{"href":"https:\/\/graduacao.uel.br\/agronomia\/wp-json\/wp\/v2\/media?parent=149"}],"curies":[{"name":"wp","href":"https:\/\/api.w.org\/{rel}","templated":true}]}}