{"id":19,"date":"2024-07-08T17:01:19","date_gmt":"2024-07-08T20:01:19","guid":{"rendered":"https:\/\/graduacao.uel.br\/agronomia\/?page_id=19"},"modified":"2024-10-28T16:19:48","modified_gmt":"2024-10-28T19:19:48","slug":"infraestrutura","status":"publish","type":"page","link":"https:\/\/graduacao.uel.br\/agronomia\/infraestrutura\/","title":{"rendered":"Infraestrutura"},"content":{"rendered":"\n<p class=\"has-medium-font-size\">O curso de Agronomia da UEL faz parte da estrutura administrativa e f\u00edsica do Centro de Ci\u00eancias Agr\u00e1rias (CCA). Al\u00e9m de salas de aulas, o curso se utiliza de estruturas de laborat\u00f3rios e bibliotecas para as atividades acad\u00eamicas.<\/p>\n\n\n\n<iframe src=\"https:\/\/www.google.com\/maps\/embed?pb=!1m18!1m12!1m3!1d3663.634343914278!2d-51.20323421514277!3d-23.329022098724977!2m3!1f0!2f0!3f0!3m2!1i1024!2i768!4f13.1!3m3!1m2!1s0x94eb5d2e67f380d1%3A0x1498c4da4870a5f5!2sSalas%20de%20Aula%20-%20CCA%20-%20UEL!5e0!3m2!1spt-BR!2sbr!4v1720541758860!5m2!1spt-BR!2sbr\" width=\"1200\" height=\"600\" style=\"border:0;\" allowfullscreen=\"\" loading=\"lazy\" referrerpolicy=\"no-referrer-when-downgrade\"><\/iframe>\n","protected":false},"excerpt":{"rendered":"<p>O curso de Agronomia da UEL faz parte da estrutura administrativa e f\u00edsica do Centro de Ci\u00eancias Agr\u00e1rias (CCA). Al\u00e9m de salas de aulas, o curso se utiliza de estruturas de laborat\u00f3rios e bibliotecas para as atividades acad\u00eamicas.<\/p>\n","protected":false},"author":6,"featured_media":0,"parent":0,"menu_order":0,"comment_status":"closed","ping_status":"closed","template":"","meta":{"_acf_changed":false,"footnotes":""},"class_list":["post-19","page","type-page","status-publish","hentry"],"acf":[],"_links":{"self":[{"href":"https:\/\/graduacao.uel.br\/agronomia\/wp-json\/wp\/v2\/pages\/19","targetHints":{"allow":["GET"]}}],"collection":[{"href":"https:\/\/graduacao.uel.br\/agronomia\/wp-json\/wp\/v2\/pages"}],"about":[{"href":"https:\/\/graduacao.uel.br\/agronomia\/wp-json\/wp\/v2\/types\/page"}],"author":[{"embeddable":true,"href":"https:\/\/graduacao.uel.br\/agronomia\/wp-json\/wp\/v2\/users\/6"}],"replies":[{"embeddable":true,"href":"https:\/\/graduacao.uel.br\/agronomia\/wp-json\/wp\/v2\/comments?post=19"}],"version-history":[{"count":3,"href":"https:\/\/graduacao.uel.br\/agronomia\/wp-json\/wp\/v2\/pages\/19\/revisions"}],"predecessor-version":[{"id":198,"href":"https:\/\/graduacao.uel.br\/agronomia\/wp-json\/wp\/v2\/pages\/19\/revisions\/198"}],"wp:attachment":[{"href":"https:\/\/graduacao.uel.br\/agronomia\/wp-json\/wp\/v2\/media?parent=19"}],"curies":[{"name":"wp","href":"https:\/\/api.w.org\/{rel}","templated":true}]}}