{"id":33,"date":"2024-07-08T17:07:36","date_gmt":"2024-07-08T20:07:36","guid":{"rendered":"https:\/\/graduacao.uel.br\/agronomia\/?page_id=33"},"modified":"2024-07-09T14:50:25","modified_gmt":"2024-07-09T17:50:25","slug":"projeto-pedagogico-ppc","status":"publish","type":"page","link":"https:\/\/graduacao.uel.br\/agronomia\/projeto-pedagogico-ppc\/","title":{"rendered":"Projeto Pedag\u00f3gico (PPC)"},"content":{"rendered":"\n<p>O Curso de Engenharia Agron\u00f4mica foi criado em 07 de outubro de 1977 pela Resolu\u00e7\u00e3o CEPE\/CA n. 410\/1977. O reconhecimento ocorreu atrav\u00e9s da Portaria Ministerial n. 429 de 14 de outubro de 1982, publicada no Di\u00e1rio Oficial em 19 de outubro de 1982 na p\u00e1gina 19554, com parecer de reconhecimento n. 195\/1982. <\/p>\n\n\n\n<p>A dura\u00e7\u00e3o do curso era de nove semestres (denominados per\u00edodos) com carga hor\u00e1ria total de 4485 horas (289 cr\u00e9ditos). A primeira modifica\u00e7\u00e3o no curso ocorreu em 1985 em fun\u00e7\u00e3o da Resolu\u00e7\u00e3o n. 06 de 11 de abril de 1984, onde o curso passou para 10 semestres e aumentou a carga hor\u00e1ria para 4755 horas (310 cr\u00e9ditos). <\/p>\n\n\n\n<p>Com a implanta\u00e7\u00e3o, na Universidade, do Regime Seriado Anual, em 1992, ocorreu a reestrutura\u00e7\u00e3o do curr\u00edculo, principalmente com o agrupamento de disciplinas semestrais para anuais. A carga hor\u00e1ria do curso passou para 4634 horas, com dura\u00e7\u00e3o m\u00e9dia de cinco anos. Em 2006, o Projeto Pedag\u00f3gico foi novamente reformulado, com base na Resolu\u00e7\u00e3o CNE\/CES n. 01 de 2 de fevereiro de 2006, que instituiu as Diretrizes Curriculares Nacionais para o curso de Engenharia Agron\u00f4mica ou Agronomia. De 2008 a 2010 passou por diversas adequa\u00e7\u00f5es curriculares. <\/p>\n\n\n\n<p>Em 2023 foi implantado o Sistema Acad\u00eamico de Matricula por Atividade Acad\u00eamica, atrav\u00e9s da Resolu\u00e7\u00e3o CEPE\/CA n. 093\/2022, que reformulou o Projeto Pedag\u00f3gico do Curso de Agronomia. O sistema de progress\u00e3o do estudante ser\u00e1 anual e por atividade acad\u00eamica, dependendo do cumprimento dos pr\u00e9-requisitos estabelecidos no curr\u00edculo do Curso. <\/p>\n\n\n\n<p>Al\u00e9m das disciplinas constantes da seria\u00e7\u00e3o dever\u00e3o ser cumpridas, 300 horas optativas, 430 horas de AEX, 60 horas em Atividades Acad\u00eamicas Complementares, resultando em uma carga hor\u00e1ria total para o curso de 4300 horas.<\/p>\n\n\n\n<div class=\"wp-block-buttons is-content-justification-center is-layout-flex wp-container-core-buttons-is-layout-16018d1d wp-block-buttons-is-layout-flex\">\n<div class=\"wp-block-button\"><a class=\"wp-block-button__link has-primary-accent-background-color has-background wp-element-button\" href=\"https:\/\/sites.uel.br\/prograd\/graduacao\/projetos-pedagogicos\/projetos-pedagogicos-agronomia\/\">Resolu\u00e7\u00f5es e Delibera\u00e7\u00f5es<\/a><\/div>\n<\/div>\n\n\n\n<div class=\"wp-block-pb-accordion-item c-accordion__item js-accordion-item no-js\" data-initially-open=\"false\" data-click-to-close=\"true\" data-auto-close=\"true\" data-scroll=\"false\" data-scroll-offset=\"0\"><h6 id=\"at-330\" class=\"c-accordion__title js-accordion-controller\" role=\"button\"><strong>DEPARTAMENTO<\/strong><\/h6><div id=\"ac-330\" class=\"c-accordion__content\">\n<p>O Departamento, subunidade dos Centros de Estudos, constitui-se na menor estrutura de organiza\u00e7\u00e3o administrativa, did\u00e1tico cient\u00edfica e de lota\u00e7\u00e3o de pessoal.<br>No Departamento s\u00e3o reunidas atividades acad\u00eamicas afins e nele est\u00e3o integrados docentes e t\u00e9cnico administrativos para objetivos comuns. (Art. 122 do Regimento Geral da UEL).<\/p>\n\n\n\n<p><\/p>\n<\/div><\/div>\n\n\n\n<div class=\"wp-block-pb-accordion-item c-accordion__item js-accordion-item no-js\" data-initially-open=\"false\" data-click-to-close=\"true\" data-auto-close=\"true\" data-scroll=\"false\" data-scroll-offset=\"0\"><h6 id=\"at-331\" class=\"c-accordion__title js-accordion-controller\" role=\"button\"><strong>COLEGIADO<\/strong><\/h6><div id=\"ac-331\" class=\"c-accordion__content\">\n<p>Os Colegiados de cursos de gradua\u00e7\u00e3o exercem a coordena\u00e7\u00e3o pedag\u00f3gica dos cursos e ser\u00e3o constitu\u00eddos por representantes docentes da \u00e1rea principal de conhecimento e da \u00e1rea b\u00e1sica e\/ou complementar de conhecimento, estudantes e servidores, na forma prevista nos \u00a72\u00ba e \u00a73\u00ba do Art. 27 do Estatuto da Universidade. (Art. alterado atrav\u00e9s da Resolu\u00e7\u00e3o CU 168\/2007).<\/p>\n<\/div><\/div>\n\n\n\n<div class=\"wp-block-pb-accordion-item c-accordion__item js-accordion-item no-js\" data-initially-open=\"false\" data-click-to-close=\"true\" data-auto-close=\"true\" data-scroll=\"false\" data-scroll-offset=\"0\"><h6 id=\"at-332\" class=\"c-accordion__title js-accordion-controller\" role=\"button\"><strong>N\u00daCLEO DOCENTE ESTRUTURANTE (NDE)<\/strong><\/h6><div id=\"ac-332\" class=\"c-accordion__content\">\n<p>O NDE institui-se como parte da estrutura de gest\u00e3o acad\u00eamica do curso com atribui\u00e7\u00f5es consultivas, propositivas e de assessoria, acerca de mat\u00e9rias de natureza acad\u00eamica e pedag\u00f3gica, sendo correspons\u00e1vel pela elabora\u00e7\u00e3o, implementa\u00e7\u00e3o e consolida\u00e7\u00e3o do Projeto Pedag\u00f3gico do Curso (PPC), al\u00e9m de zelar pelo cumprimento das Diretrizes Curriculares Nacionais (DCNs). Tem como objetivos:<\/p>\n\n\n\n<p>1 \u2013 Levantar dificuldades na atua\u00e7\u00e3o do corpo docente do Curso;<\/p>\n\n\n\n<p>2 \u2013 Auxiliar na elabora\u00e7\u00e3o e no acompanhamento do PPC;<\/p>\n\n\n\n<p>3 \u2013 Propor programas ou outras formas de capacita\u00e7\u00e3o docente;<\/p>\n\n\n\n<p>4 \u2013 Acompanhar as avalia\u00e7\u00f5es do Curso definidas pelo Colegiado;<\/p>\n\n\n\n<p>5 \u2013 Analisar e propor modifica\u00e7\u00f5es, quando necess\u00e1rias;<\/p>\n\n\n\n<p>6 \u2013 Indicar formas de incentivo ao desenvolvimento de atividades de pesquisa;<\/p>\n\n\n\n<p>7 \u2013 Contribuir para a concretiza\u00e7\u00e3o do perfil profissional;<\/p>\n\n\n\n<p>8 \u2013 Zelar pelo cumprimento das DCNs aplic\u00e1veis ao Curso de Agronomia.<\/p>\n<\/div><\/div>\n\n\n\n<div class=\"wp-block-columns is-layout-flex wp-container-core-columns-is-layout-9d6595d7 wp-block-columns-is-layout-flex\">\n<div class=\"wp-block-column is-layout-flow wp-block-column-is-layout-flow\"><\/div>\n<\/div>\n","protected":false},"excerpt":{"rendered":"<p>O Curso de Engenharia Agron\u00f4mica foi criado em 07 de outubro de 1977 pela Resolu\u00e7\u00e3o CEPE\/CA n. 410\/1977. O reconhecimento ocorreu atrav\u00e9s da Portaria Ministerial n. 429 de 14 de outubro de 1982, publicada no Di\u00e1rio Oficial em 19 de outubro de 1982 na p\u00e1gina 19554, com parecer de reconhecimento n. 195\/1982. A dura\u00e7\u00e3o do [&hellip;]<\/p>\n","protected":false},"author":6,"featured_media":0,"parent":0,"menu_order":0,"comment_status":"closed","ping_status":"closed","template":"","meta":{"_acf_changed":false,"footnotes":""},"class_list":["post-33","page","type-page","status-publish","hentry"],"acf":[],"_links":{"self":[{"href":"https:\/\/graduacao.uel.br\/agronomia\/wp-json\/wp\/v2\/pages\/33","targetHints":{"allow":["GET"]}}],"collection":[{"href":"https:\/\/graduacao.uel.br\/agronomia\/wp-json\/wp\/v2\/pages"}],"about":[{"href":"https:\/\/graduacao.uel.br\/agronomia\/wp-json\/wp\/v2\/types\/page"}],"author":[{"embeddable":true,"href":"https:\/\/graduacao.uel.br\/agronomia\/wp-json\/wp\/v2\/users\/6"}],"replies":[{"embeddable":true,"href":"https:\/\/graduacao.uel.br\/agronomia\/wp-json\/wp\/v2\/comments?post=33"}],"version-history":[{"count":6,"href":"https:\/\/graduacao.uel.br\/agronomia\/wp-json\/wp\/v2\/pages\/33\/revisions"}],"predecessor-version":[{"id":188,"href":"https:\/\/graduacao.uel.br\/agronomia\/wp-json\/wp\/v2\/pages\/33\/revisions\/188"}],"wp:attachment":[{"href":"https:\/\/graduacao.uel.br\/agronomia\/wp-json\/wp\/v2\/media?parent=33"}],"curies":[{"name":"wp","href":"https:\/\/api.w.org\/{rel}","templated":true}]}}