{"id":74,"date":"2024-07-09T11:08:08","date_gmt":"2024-07-09T14:08:08","guid":{"rendered":"https:\/\/graduacao.uel.br\/agronomia\/?page_id=74"},"modified":"2024-07-09T11:12:35","modified_gmt":"2024-07-09T14:12:35","slug":"estagio","status":"publish","type":"page","link":"https:\/\/graduacao.uel.br\/agronomia\/estagio\/","title":{"rendered":"Est\u00e1gio"},"content":{"rendered":"\n<p><strong>Disciplina 2EST702<\/strong> &#8211; Est\u00e1gio Supervisionado, carga hor\u00e1ria de 240 horas. <\/p>\n\n\n\n<p>O Est\u00e1gio Curricular Obrigat\u00f3rio ocorrer\u00e1 preferencialmente no 5\u00ba Ano no 2\u00ba Semestre. <\/p>\n\n\n\n<p>O estudante dever\u00e1 ter cumprido 80% da carga hor\u00e1ria (CH) total do curso. <\/p>\n\n\n\n<p>O est\u00e1gio n\u00e3o poder\u00e1 ser desenvolvido em Institui\u00e7\u00f5es P\u00fablicas e Privadas, Empresas Nacionais e Multinacionais, Cooperativas e outras Institui\u00e7\u00f5es de Ensino Superior.<\/p>\n\n\n\n<p>Para mais informa\u00e7\u00f5es sobre EST\u00c1GIO clique em <strong><a href=\"https:\/\/sites.uel.br\/prograd\/estudante\/estagios-e-intercambios\/\">saiba mais<\/a><\/strong>.<\/p>\n\n\n\n<div class=\"wp-block-columns is-layout-flex wp-container-core-columns-is-layout-9d6595d7 wp-block-columns-is-layout-flex\">\n<div class=\"wp-block-column is-layout-flow wp-block-column-is-layout-flow\"><\/div>\n<\/div>\n","protected":false},"excerpt":{"rendered":"<p>Disciplina 2EST702 &#8211; Est\u00e1gio Supervisionado, carga hor\u00e1ria de 240 horas. O Est\u00e1gio Curricular Obrigat\u00f3rio ocorrer\u00e1 preferencialmente no 5\u00ba Ano no 2\u00ba Semestre. O estudante dever\u00e1 ter cumprido 80% da carga hor\u00e1ria (CH) total do curso. O est\u00e1gio n\u00e3o poder\u00e1 ser desenvolvido em Institui\u00e7\u00f5es P\u00fablicas e Privadas, Empresas Nacionais e Multinacionais, Cooperativas e outras Institui\u00e7\u00f5es de [&hellip;]<\/p>\n","protected":false},"author":6,"featured_media":0,"parent":0,"menu_order":0,"comment_status":"closed","ping_status":"closed","template":"","meta":{"_acf_changed":false,"footnotes":""},"class_list":["post-74","page","type-page","status-publish","hentry"],"acf":[],"_links":{"self":[{"href":"https:\/\/graduacao.uel.br\/agronomia\/wp-json\/wp\/v2\/pages\/74","targetHints":{"allow":["GET"]}}],"collection":[{"href":"https:\/\/graduacao.uel.br\/agronomia\/wp-json\/wp\/v2\/pages"}],"about":[{"href":"https:\/\/graduacao.uel.br\/agronomia\/wp-json\/wp\/v2\/types\/page"}],"author":[{"embeddable":true,"href":"https:\/\/graduacao.uel.br\/agronomia\/wp-json\/wp\/v2\/users\/6"}],"replies":[{"embeddable":true,"href":"https:\/\/graduacao.uel.br\/agronomia\/wp-json\/wp\/v2\/comments?post=74"}],"version-history":[{"count":5,"href":"https:\/\/graduacao.uel.br\/agronomia\/wp-json\/wp\/v2\/pages\/74\/revisions"}],"predecessor-version":[{"id":94,"href":"https:\/\/graduacao.uel.br\/agronomia\/wp-json\/wp\/v2\/pages\/74\/revisions\/94"}],"wp:attachment":[{"href":"https:\/\/graduacao.uel.br\/agronomia\/wp-json\/wp\/v2\/media?parent=74"}],"curies":[{"name":"wp","href":"https:\/\/api.w.org\/{rel}","templated":true}]}}