{"id":78,"date":"2024-07-09T11:08:30","date_gmt":"2024-07-09T14:08:30","guid":{"rendered":"https:\/\/graduacao.uel.br\/agronomia\/?page_id=78"},"modified":"2024-07-09T11:19:13","modified_gmt":"2024-07-09T14:19:13","slug":"aex","status":"publish","type":"page","link":"https:\/\/graduacao.uel.br\/agronomia\/aex\/","title":{"rendered":"AEX"},"content":{"rendered":"\n<p>Carga hor\u00e1ria a ser cumprida de 430 horas, durante o curso, sendo: <\/p>\n\n\n\n<p>&#8211; 258 horas AEX Indicada; <\/p>\n\n\n\n<p>&#8211; 172 horas AEX Livre. <\/p>\n\n\n\n<p>Poder\u00e3o ser cumpridas em atividades de Projetos de Extens\u00e3o desenvolvidos pela UEL.<\/p>\n\n\n\n<p>Para mais informa\u00e7\u00f5es sobre AEX, clique em <strong><a href=\"https:\/\/sites.uel.br\/proex\/atividades-academicas-de-extensao-aex\/\">saiba mais<\/a><\/strong>.<\/p>\n","protected":false},"excerpt":{"rendered":"<p>Carga hor\u00e1ria a ser cumprida de 430 horas, durante o curso, sendo: &#8211; 258 horas AEX Indicada; &#8211; 172 horas AEX Livre. Poder\u00e3o ser cumpridas em atividades de Projetos de Extens\u00e3o desenvolvidos pela UEL. Para mais informa\u00e7\u00f5es sobre AEX, clique em saiba mais.<\/p>\n","protected":false},"author":6,"featured_media":0,"parent":0,"menu_order":0,"comment_status":"closed","ping_status":"closed","template":"","meta":{"_acf_changed":false,"footnotes":""},"class_list":["post-78","page","type-page","status-publish","hentry"],"acf":[],"_links":{"self":[{"href":"https:\/\/graduacao.uel.br\/agronomia\/wp-json\/wp\/v2\/pages\/78","targetHints":{"allow":["GET"]}}],"collection":[{"href":"https:\/\/graduacao.uel.br\/agronomia\/wp-json\/wp\/v2\/pages"}],"about":[{"href":"https:\/\/graduacao.uel.br\/agronomia\/wp-json\/wp\/v2\/types\/page"}],"author":[{"embeddable":true,"href":"https:\/\/graduacao.uel.br\/agronomia\/wp-json\/wp\/v2\/users\/6"}],"replies":[{"embeddable":true,"href":"https:\/\/graduacao.uel.br\/agronomia\/wp-json\/wp\/v2\/comments?post=78"}],"version-history":[{"count":3,"href":"https:\/\/graduacao.uel.br\/agronomia\/wp-json\/wp\/v2\/pages\/78\/revisions"}],"predecessor-version":[{"id":98,"href":"https:\/\/graduacao.uel.br\/agronomia\/wp-json\/wp\/v2\/pages\/78\/revisions\/98"}],"wp:attachment":[{"href":"https:\/\/graduacao.uel.br\/agronomia\/wp-json\/wp\/v2\/media?parent=78"}],"curies":[{"name":"wp","href":"https:\/\/api.w.org\/{rel}","templated":true}]}}