{"id":82,"date":"2024-07-09T11:09:01","date_gmt":"2024-07-09T14:09:01","guid":{"rendered":"https:\/\/graduacao.uel.br\/agronomia\/?page_id=82"},"modified":"2024-07-09T11:28:07","modified_gmt":"2024-07-09T14:28:07","slug":"disciplinas-optativas","status":"publish","type":"page","link":"https:\/\/graduacao.uel.br\/agronomia\/disciplinas-optativas\/","title":{"rendered":"Disciplinas Optativas"},"content":{"rendered":"\n<p>Cumprimento de 300 horas de <strong>Disciplinas Optativas<\/strong>, durante o per\u00edodo do curso (5 anos). <\/p>\n\n\n\n<p>Essas disciplinas s\u00e3o ofertadas pelos diversos departamentos que ministram aulas para o curso de Agronomia, para complementa\u00e7\u00e3o da forma\u00e7\u00e3o profissional.<\/p>\n\n\n\n<div class=\"wp-block-columns is-layout-flex wp-container-core-columns-is-layout-9d6595d7 wp-block-columns-is-layout-flex\">\n<div class=\"wp-block-column is-layout-flow wp-block-column-is-layout-flow\"><\/div>\n<\/div>\n","protected":false},"excerpt":{"rendered":"<p>Cumprimento de 300 horas de Disciplinas Optativas, durante o per\u00edodo do curso (5 anos). Essas disciplinas s\u00e3o ofertadas pelos diversos departamentos que ministram aulas para o curso de Agronomia, para complementa\u00e7\u00e3o da forma\u00e7\u00e3o profissional.<\/p>\n","protected":false},"author":6,"featured_media":0,"parent":0,"menu_order":0,"comment_status":"closed","ping_status":"closed","template":"","meta":{"_acf_changed":false,"footnotes":""},"class_list":["post-82","page","type-page","status-publish","hentry"],"acf":[],"_links":{"self":[{"href":"https:\/\/graduacao.uel.br\/agronomia\/wp-json\/wp\/v2\/pages\/82","targetHints":{"allow":["GET"]}}],"collection":[{"href":"https:\/\/graduacao.uel.br\/agronomia\/wp-json\/wp\/v2\/pages"}],"about":[{"href":"https:\/\/graduacao.uel.br\/agronomia\/wp-json\/wp\/v2\/types\/page"}],"author":[{"embeddable":true,"href":"https:\/\/graduacao.uel.br\/agronomia\/wp-json\/wp\/v2\/users\/6"}],"replies":[{"embeddable":true,"href":"https:\/\/graduacao.uel.br\/agronomia\/wp-json\/wp\/v2\/comments?post=82"}],"version-history":[{"count":4,"href":"https:\/\/graduacao.uel.br\/agronomia\/wp-json\/wp\/v2\/pages\/82\/revisions"}],"predecessor-version":[{"id":108,"href":"https:\/\/graduacao.uel.br\/agronomia\/wp-json\/wp\/v2\/pages\/82\/revisions\/108"}],"wp:attachment":[{"href":"https:\/\/graduacao.uel.br\/agronomia\/wp-json\/wp\/v2\/media?parent=82"}],"curies":[{"name":"wp","href":"https:\/\/api.w.org\/{rel}","templated":true}]}}