{"id":200,"date":"2024-07-08T17:18:34","date_gmt":"2024-07-08T20:18:34","guid":{"rendered":"https:\/\/graduacao.uel.br\/arquitetura-e-urbanismo\/?page_id=200"},"modified":"2024-07-08T17:18:35","modified_gmt":"2024-07-08T20:18:35","slug":"tcc","status":"publish","type":"page","link":"https:\/\/graduacao.uel.br\/arquitetura-e-urbanismo\/tcc\/","title":{"rendered":"TCC"},"content":{"rendered":"\n<p>O trabalho de conclus\u00e3o do curso (TCC) de Arquitetura e Urbanismo \u00e9 uma atividade obrigat\u00f3ria para obten\u00e7\u00e3o do t\u00edtulo de gradua\u00e7\u00e3o. Caracteriza-se como trabalho escrito sobre objeto de pesquisa da \u00e1rea de conhecimento do curso.<\/p>\n\n\n\n<p>O TCC de Arquitetura e Urbanismo deve ser elaborado individualmente pelo estudante regularmente matriculado no Curso de Arquitetura e Urbanismo, devendo seguir a forma textual de car\u00e1ter monogr\u00e1fico e atender aos seguintes objetivos:<\/p>\n\n\n\n<p>1 ) capacitar o estudante para a elabora\u00e7\u00e3o de pesquisas;<\/p>\n\n\n\n<p>2) levar o estudante a correlacionar e aprofundar os conhecimentos te\u00f3ricos e pr\u00e1ticos adquiridos no curso;<\/p>\n\n\n\n<p>3) propiciar ao estudante o contato com o processo de pesquisa, auxiliando-o em todas as etapas.<\/p>\n\n\n\n<p>4) contribuir para o enriquecimento das atividades acad\u00eamicas do Curso de Arquitetura e Urbanismo, estimulando a pesquisa, narra\u00e7\u00e3o e desenvolvimento que poder\u00e3o estar articuladas \u00e0s necessidades da comunidade local, nacional e internacional.<\/p>\n","protected":false},"excerpt":{"rendered":"<p>O trabalho de conclus\u00e3o do curso (TCC) de Arquitetura e Urbanismo \u00e9 uma atividade obrigat\u00f3ria para obten\u00e7\u00e3o do t\u00edtulo de gradua\u00e7\u00e3o. Caracteriza-se como trabalho escrito sobre objeto de pesquisa da \u00e1rea de conhecimento do curso. O TCC de Arquitetura e Urbanismo deve ser elaborado individualmente pelo estudante regularmente matriculado no Curso de Arquitetura e Urbanismo, [&hellip;]<\/p>\n","protected":false},"author":10,"featured_media":0,"parent":0,"menu_order":0,"comment_status":"closed","ping_status":"closed","template":"","meta":{"_acf_changed":false,"footnotes":""},"class_list":["post-200","page","type-page","status-publish","hentry"],"acf":[],"_links":{"self":[{"href":"https:\/\/graduacao.uel.br\/arquitetura-e-urbanismo\/wp-json\/wp\/v2\/pages\/200","targetHints":{"allow":["GET"]}}],"collection":[{"href":"https:\/\/graduacao.uel.br\/arquitetura-e-urbanismo\/wp-json\/wp\/v2\/pages"}],"about":[{"href":"https:\/\/graduacao.uel.br\/arquitetura-e-urbanismo\/wp-json\/wp\/v2\/types\/page"}],"author":[{"embeddable":true,"href":"https:\/\/graduacao.uel.br\/arquitetura-e-urbanismo\/wp-json\/wp\/v2\/users\/10"}],"replies":[{"embeddable":true,"href":"https:\/\/graduacao.uel.br\/arquitetura-e-urbanismo\/wp-json\/wp\/v2\/comments?post=200"}],"version-history":[{"count":1,"href":"https:\/\/graduacao.uel.br\/arquitetura-e-urbanismo\/wp-json\/wp\/v2\/pages\/200\/revisions"}],"predecessor-version":[{"id":202,"href":"https:\/\/graduacao.uel.br\/arquitetura-e-urbanismo\/wp-json\/wp\/v2\/pages\/200\/revisions\/202"}],"wp:attachment":[{"href":"https:\/\/graduacao.uel.br\/arquitetura-e-urbanismo\/wp-json\/wp\/v2\/media?parent=200"}],"curies":[{"name":"wp","href":"https:\/\/api.w.org\/{rel}","templated":true}]}}