{"id":104,"date":"2024-06-28T14:41:45","date_gmt":"2024-06-28T17:41:45","guid":{"rendered":"https:\/\/graduacao.uel.br\/arquivologia\/?page_id=104"},"modified":"2024-06-28T14:41:46","modified_gmt":"2024-06-28T17:41:46","slug":"centro-academico-ca","status":"publish","type":"page","link":"https:\/\/graduacao.uel.br\/arquivologia\/centro-academico-ca\/","title":{"rendered":"Centro Acad\u00eamico (CA)"},"content":{"rendered":"\n<p>&nbsp;Diret\u00f3rio Acad\u00eamico de Ci\u00eancia da Informa\u00e7\u00e3o (DACIN) \u00e9 a entidade oficial de representa\u00e7\u00e3o e coordena\u00e7\u00e3o dos estudantes dos cursos de Arquivologia e Biblioteconomia da Universidade Estadual de Londrina (UEL).<\/p>\n\n\n\n<p>Sua cria\u00e7\u00e3o se prop\u00f4s a partir da uni\u00e3o de estudantes dos cursos que comp\u00f5em o Departamento de Ci\u00eancia da Informa\u00e7\u00e3o, com objetivo de melhorar a comunica\u00e7\u00e3o entre os estudantes e as demais estruturas administrativas e representativas da UEL .<\/p>\n\n\n\n<p>A proposta de cria\u00e7\u00e3o de um Diret\u00f3rio acad\u00eamico, surgiu entre os discentes de Biblioteconomia e Arquivologia em 2016, com objetivo de instigar a participa\u00e7\u00e3o dos estudantes no ambiente universit\u00e1rio.<\/p>\n\n\n\n<p>Desta forma, o&nbsp;<strong>DACIN<\/strong>&nbsp;foi criado em assembleia geral do corpo estudantil de ambos os cursos, no dia 14 de fevereiro de 2017 e sua primeira chapa eleita, assumiu a diretoria no dia 02 de maio de 2017.<\/p>\n\n\n\n<p>S\u00e3o atribui\u00e7\u00f5es do DACIN:<\/p>\n\n\n\n<ol class=\"wp-block-list\">\n<li>Indicar representantes para os conselhos e \u00f3rg\u00e3o administrativos da universidade;<\/li>\n\n\n\n<li>Mediar a comunica\u00e7\u00e3o entre os estudantes e as demais estruturas da comunidade universit\u00e1ria;<\/li>\n\n\n\n<li>Incentivar a participa\u00e7\u00e3o de seus representados em eventos cient\u00edficos, culturais e demais atividades;<\/li>\n\n\n\n<li>Promover eventos e cursos acad\u00eamicos do interesse dos estudantes;<\/li>\n\n\n\n<li>Integrar o corpo discente em outras organiza\u00e7\u00f5es estudantis presentes na universidade.<\/li>\n<\/ol>\n\n\n\n<p><strong>Contato: dacinuel@gmail.com \/ Instagram: @dacin_uel<\/strong><\/p>\n","protected":false},"excerpt":{"rendered":"<p>&nbsp;Diret\u00f3rio Acad\u00eamico de Ci\u00eancia da Informa\u00e7\u00e3o (DACIN) \u00e9 a entidade oficial de representa\u00e7\u00e3o e coordena\u00e7\u00e3o dos estudantes dos cursos de Arquivologia e Biblioteconomia da Universidade Estadual de Londrina (UEL). Sua cria\u00e7\u00e3o se prop\u00f4s a partir da uni\u00e3o de estudantes dos cursos que comp\u00f5em o Departamento de Ci\u00eancia da Informa\u00e7\u00e3o, com objetivo de melhorar a comunica\u00e7\u00e3o [&hellip;]<\/p>\n","protected":false},"author":6,"featured_media":0,"parent":0,"menu_order":0,"comment_status":"closed","ping_status":"closed","template":"","meta":{"_acf_changed":false,"footnotes":""},"class_list":["post-104","page","type-page","status-publish","hentry"],"acf":[],"_links":{"self":[{"href":"https:\/\/graduacao.uel.br\/arquivologia\/wp-json\/wp\/v2\/pages\/104","targetHints":{"allow":["GET"]}}],"collection":[{"href":"https:\/\/graduacao.uel.br\/arquivologia\/wp-json\/wp\/v2\/pages"}],"about":[{"href":"https:\/\/graduacao.uel.br\/arquivologia\/wp-json\/wp\/v2\/types\/page"}],"author":[{"embeddable":true,"href":"https:\/\/graduacao.uel.br\/arquivologia\/wp-json\/wp\/v2\/users\/6"}],"replies":[{"embeddable":true,"href":"https:\/\/graduacao.uel.br\/arquivologia\/wp-json\/wp\/v2\/comments?post=104"}],"version-history":[{"count":1,"href":"https:\/\/graduacao.uel.br\/arquivologia\/wp-json\/wp\/v2\/pages\/104\/revisions"}],"predecessor-version":[{"id":105,"href":"https:\/\/graduacao.uel.br\/arquivologia\/wp-json\/wp\/v2\/pages\/104\/revisions\/105"}],"wp:attachment":[{"href":"https:\/\/graduacao.uel.br\/arquivologia\/wp-json\/wp\/v2\/media?parent=104"}],"curies":[{"name":"wp","href":"https:\/\/api.w.org\/{rel}","templated":true}]}}