{"id":16,"date":"2024-06-27T11:06:14","date_gmt":"2024-06-27T14:06:14","guid":{"rendered":"https:\/\/graduacao.uel.br\/arquivologia\/?page_id=16"},"modified":"2024-06-27T11:36:45","modified_gmt":"2024-06-27T14:36:45","slug":"infraestrutura","status":"publish","type":"page","link":"https:\/\/graduacao.uel.br\/arquivologia\/infraestrutura\/","title":{"rendered":"Infraestrutura"},"content":{"rendered":"\n<p>O curso de Arquivologia da UEL faz parte da estrutura administrativa e f\u00edsica do Centro de Educa\u00e7\u00e3o, Comunica\u00e7\u00e3o e Artes (CECA). Al\u00e9m de salas de aulas, o curso se utiliza de estruturas de laborat\u00f3rios e bibliotecas para as atividades acad\u00eamicas.<\/p>\n\n\n\n<iframe src=\"https:\/\/www.google.com\/maps\/embed?pb=!1m18!1m12!1m3!1d7327.521396403364!2d-51.212749346093766!3d-23.324439699999978!2m3!1f0!2f0!3f0!3m2!1i1024!2i768!4f13.1!3m3!1m2!1s0x94eb5bfae70b7f5f%3A0xefcfa5865d05a13d!2sN%C3%BAcleo%20de%20Documena%C3%A7%C3%A3o%20e%20Pesquisa%20Hist%C3%B3rica%20-%20UEL!5e0!3m2!1spt-BR!2sbr!4v1719498899410!5m2!1spt-BR!2sbr\" width=\"1200\" height=\"600\" style=\"border:0;\" allowfullscreen=\"\" loading=\"lazy\" referrerpolicy=\"no-referrer-when-downgrade\"><\/iframe>\n","protected":false},"excerpt":{"rendered":"<p>O curso de Arquivologia da UEL faz parte da estrutura administrativa e f\u00edsica do Centro de Educa\u00e7\u00e3o, Comunica\u00e7\u00e3o e Artes (CECA). Al\u00e9m de salas de aulas, o curso se utiliza de estruturas de laborat\u00f3rios e bibliotecas para as atividades acad\u00eamicas.<\/p>\n","protected":false},"author":6,"featured_media":0,"parent":0,"menu_order":0,"comment_status":"closed","ping_status":"closed","template":"","meta":{"_acf_changed":false,"footnotes":""},"class_list":["post-16","page","type-page","status-publish","hentry"],"acf":[],"_links":{"self":[{"href":"https:\/\/graduacao.uel.br\/arquivologia\/wp-json\/wp\/v2\/pages\/16","targetHints":{"allow":["GET"]}}],"collection":[{"href":"https:\/\/graduacao.uel.br\/arquivologia\/wp-json\/wp\/v2\/pages"}],"about":[{"href":"https:\/\/graduacao.uel.br\/arquivologia\/wp-json\/wp\/v2\/types\/page"}],"author":[{"embeddable":true,"href":"https:\/\/graduacao.uel.br\/arquivologia\/wp-json\/wp\/v2\/users\/6"}],"replies":[{"embeddable":true,"href":"https:\/\/graduacao.uel.br\/arquivologia\/wp-json\/wp\/v2\/comments?post=16"}],"version-history":[{"count":4,"href":"https:\/\/graduacao.uel.br\/arquivologia\/wp-json\/wp\/v2\/pages\/16\/revisions"}],"predecessor-version":[{"id":60,"href":"https:\/\/graduacao.uel.br\/arquivologia\/wp-json\/wp\/v2\/pages\/16\/revisions\/60"}],"wp:attachment":[{"href":"https:\/\/graduacao.uel.br\/arquivologia\/wp-json\/wp\/v2\/media?parent=16"}],"curies":[{"name":"wp","href":"https:\/\/api.w.org\/{rel}","templated":true}]}}