{"id":20,"date":"2024-06-27T11:06:41","date_gmt":"2024-06-27T14:06:41","guid":{"rendered":"https:\/\/graduacao.uel.br\/arquivologia\/?page_id=20"},"modified":"2024-06-28T16:26:18","modified_gmt":"2024-06-28T19:26:18","slug":"eventos","status":"publish","type":"page","link":"https:\/\/graduacao.uel.br\/arquivologia\/eventos\/","title":{"rendered":"Eventos"},"content":{"rendered":"\n<p>Conhe\u00e7a os eventos que est\u00e3o acontecendo e prestes a acontecer na UEL:<\/p>\n\n\n\n<div class=\"wp-block-pb-accordion-item c-accordion__item js-accordion-item no-js\" data-initially-open=\"false\" data-click-to-close=\"true\" data-auto-close=\"true\" data-scroll=\"false\" data-scroll-offset=\"0\"><h2 id=\"at-201\" class=\"c-accordion__title js-accordion-controller\" role=\"button\">2024<\/h2><div id=\"ac-201\" class=\"c-accordion__content\">\n<p><strong>TROTE SOLID\u00c1RIO DE ARQUIVOLOGIA<\/strong><\/p>\n\n\n\n<p>Os cursos de Arquivologia e Biblioteconomia v\u00e3o receber seus calouros com um trote solid\u00e1rio.<br>Vamos arrecadar itens para o Hospital do C\u00e2ncer de Londrina.<br>Todos est\u00e3o convidados a contribuir at\u00e9 dia 10\/07. Participem!\u00a0<\/p>\n\n\n\n<figure class=\"wp-block-image size-full is-resized\"><img loading=\"lazy\" decoding=\"async\" width=\"527\" height=\"539\" src=\"https:\/\/graduacao.uel.br\/arquivologia\/wp-content\/uploads\/2024\/06\/trote-solidario.png\" alt=\"\" class=\"wp-image-118\" style=\"width:272px;height:auto\" srcset=\"https:\/\/graduacao.uel.br\/arquivologia\/wp-content\/uploads\/2024\/06\/trote-solidario.png 527w, https:\/\/graduacao.uel.br\/arquivologia\/wp-content\/uploads\/2024\/06\/trote-solidario-293x300.png 293w\" sizes=\"auto, (max-width: 527px) 100vw, 527px\" \/><\/figure>\n<\/div><\/div>\n\n\n\n<div class=\"wp-block-columns is-layout-flex wp-container-core-columns-is-layout-9d6595d7 wp-block-columns-is-layout-flex\">\n<div class=\"wp-block-column is-layout-flow wp-block-column-is-layout-flow\"><\/div>\n<\/div>\n\n\n\n<p class=\"has-primary-accent-color has-text-color has-link-color has-medium-font-size wp-elements-88fe800876dcb0dc8575e963d210fc36\"><strong>Eventos diversos na UEL<\/strong><\/p>\n\n\n\n                <div class=\"feed-noticias-perobal alm-listing alm-ajax alm-has-transition\" id=\"feed-noticias-perobal-evento\"><a class=\"noticia-feed d-flex flex-column flex-md-row align-items-start\" href=\"https:\/\/operobal.uel.br\/ultimas\/2026\/05\/08\/novos-professores-da-uel-tomam-posse-em-cerimonia-no-ccb\/\">\n                                                    <img decoding=\"async\" class=\"lazy entered loaded\" src=\"https:\/\/operobal.uel.br\/wp-content\/uploads\/2026\/05\/Carimonia-Posse-Cred.-Maycon-Rocha-87.jpg\"\/>    \n                                                    <article class=\"ml-0 ml-md-4 corpo-noticia-feed\">\n                                                        <p class=\"antetitulo mb-0\">Efetivos<\/p>\n                                                        <p class=\"titulo mb-2\">Novos professores da UEL tomam posse em cerim\u00f4nia no CCB<\/p>\n                                                        <p class=\"descricao\">Professores entram em exerc\u00edcio em no m\u00e1ximo 60 dias. Previs\u00e3o publica\u00e7\u00e3o de edital para um novo concurso no final do segundo semestre.<\/p>\n                                                    <\/article>\n                                                <\/a><hr class=\"mt-4 mb-4 d-none d-md-block\"><a class=\"noticia-feed d-flex flex-column flex-md-row align-items-start\" href=\"https:\/\/operobal.uel.br\/casa-de-cultura\/2026\/05\/07\/empresa-junior-de-artes-cenicas-realiza-mostra-de-teatro-e-circo-na-dac\/\">\n                                                    <img decoding=\"async\" class=\"lazy entered loaded\" src=\"https:\/\/operobal.uel.br\/wp-content\/uploads\/2026\/05\/20-Mostra-Circo-e-Teatro.jpeg\"\/>    \n                                                    <article class=\"ml-0 ml-md-4 corpo-noticia-feed\">\n                                                        <p class=\"antetitulo mb-0\">Cultura<\/p>\n                                                        <p class=\"titulo mb-2\">Empresa  J\u00fanior de Artes C\u00eanicas realiza Mostra de Teatro e Circo na DAC<\/p>\n                                                        <p class=\"descricao\">Evento acontece de 15 a 17 de maio, com entrada gratuita. Al\u00e9m dos, espet\u00e1culos, discotecagens e a estreia de um minidocument\u00e1rio.<\/p>\n                                                    <\/article>\n                                                <\/a><hr class=\"mt-4 mb-4 d-none d-md-block\"><a class=\"noticia-feed d-flex flex-column flex-md-row align-items-start\" href=\"https:\/\/operobal.uel.br\/hospital-universitario\/2026\/05\/04\/4o-semana-integrada-de-enfermagem-abre-inscricoes\/\">\n                                                    <img decoding=\"async\" class=\"lazy entered loaded\" src=\"https:\/\/operobal.uel.br\/wp-content\/uploads\/2025\/11\/pronto-socorro-hu.jpg\"\/>    \n                                                    <article class=\"ml-0 ml-md-4 corpo-noticia-feed\">\n                                                        <p class=\"antetitulo mb-0\">Sa\u00fade<\/p>\n                                                        <p class=\"titulo mb-2\">4\u00ba Semana Integrada de Enfermagem abre inscri\u00e7\u00f5es<\/p>\n                                                        <p class=\"descricao\">O evento busca promover a reflex\u00e3o cr\u00edtica sobre a pr\u00e1tica profissional da Enfermagem.<\/p>\n                                                    <\/article>\n                                                <\/a><hr class=\"mt-4 mb-4 d-none d-md-block\"><a class=\"noticia-feed d-flex flex-column flex-md-row align-items-start\" href=\"https:\/\/operobal.uel.br\/sociedade\/2026\/04\/23\/com-protagonismo-da-uel-fazendinha-encerra-edicao-2026-como-espaco-de-extensao-inovacao-e-formacao\/\">\n                                                    <img decoding=\"async\" class=\"lazy entered loaded\" src=\"https:\/\/operobal.uel.br\/wp-content\/uploads\/2026\/04\/FOTOS-MURILO-2-scaled.jpg\"\/>    \n                                                    <article class=\"ml-0 ml-md-4 corpo-noticia-feed\">\n                                                        <p class=\"antetitulo mb-0\">Avalia\u00e7\u00e3o<\/p>\n                                                        <p class=\"titulo mb-2\">Com protagonismo da UEL, Fazendinha encerra edi\u00e7\u00e3o 2026 como espa\u00e7o de extens\u00e3o, inova\u00e7\u00e3o e forma\u00e7\u00e3o<\/p>\n                                                        <p class=\"descricao\">Milhares de visitantes passaram pelo espa\u00e7o coordenado pela Universidade e pelo IDR-PR durante a ExpoLondrina 2026. <\/p>\n                                                    <\/article>\n                                                <\/a><hr class=\"mt-4 mb-4 d-none d-md-block\"><a class=\"noticia-feed d-flex flex-column flex-md-row align-items-start\" href=\"https:\/\/operobal.uel.br\/comunidade\/2026\/04\/10\/uel-celebra-a-presenca-indigena-com-eventos-dedicados-aos-saberes-tradicionais-artes-ciencia-e-conscientizacao\/\">\n                                                    <img decoding=\"async\" class=\"lazy entered loaded\" src=\"https:\/\/operobal.uel.br\/wp-content\/uploads\/2026\/04\/f29222ea-5d93-4d19-9084-d06cca1adad6.jpeg\"\/>    \n                                                    <article class=\"ml-0 ml-md-4 corpo-noticia-feed\">\n                                                        <p class=\"antetitulo mb-0\">Abril Ind\u00edgena<\/p>\n                                                        <p class=\"titulo mb-2\">UEL celebra presen\u00e7a ind\u00edgena com eventos dedicados aos saberes tradicionais, artes e ci\u00eancia<\/p>\n                                                        <p class=\"descricao\">O evento recorrente aproveita o m\u00eas do Dia dos Povos Ind\u00edgenas para celebrar a presen\u00e7a dos povos origin\u00e1rios na UEL.<\/p>\n                                                    <\/article>\n                                                <\/a><\/div><button id=\"feed-noticias-perobal-load-moreevento\" type=\"button\" class=\"feed-noticias-button\" data-endpoint=\"https:\/\/operobal.uel.br\/wp-json\/wp-perobal\/v1\/posts\/tags\/evento?numberposts=50\" data-ppp=\"5\" data-pages=\"5\">Leia mais<\/button>","protected":false},"excerpt":{"rendered":"<p>Conhe\u00e7a os eventos que est\u00e3o acontecendo e prestes a acontecer na UEL: Eventos diversos na UEL<\/p>\n","protected":false},"author":6,"featured_media":0,"parent":0,"menu_order":0,"comment_status":"closed","ping_status":"closed","template":"","meta":{"_acf_changed":false,"footnotes":""},"class_list":["post-20","page","type-page","status-publish","hentry"],"acf":[],"_links":{"self":[{"href":"https:\/\/graduacao.uel.br\/arquivologia\/wp-json\/wp\/v2\/pages\/20","targetHints":{"allow":["GET"]}}],"collection":[{"href":"https:\/\/graduacao.uel.br\/arquivologia\/wp-json\/wp\/v2\/pages"}],"about":[{"href":"https:\/\/graduacao.uel.br\/arquivologia\/wp-json\/wp\/v2\/types\/page"}],"author":[{"embeddable":true,"href":"https:\/\/graduacao.uel.br\/arquivologia\/wp-json\/wp\/v2\/users\/6"}],"replies":[{"embeddable":true,"href":"https:\/\/graduacao.uel.br\/arquivologia\/wp-json\/wp\/v2\/comments?post=20"}],"version-history":[{"count":8,"href":"https:\/\/graduacao.uel.br\/arquivologia\/wp-json\/wp\/v2\/pages\/20\/revisions"}],"predecessor-version":[{"id":128,"href":"https:\/\/graduacao.uel.br\/arquivologia\/wp-json\/wp\/v2\/pages\/20\/revisions\/128"}],"wp:attachment":[{"href":"https:\/\/graduacao.uel.br\/arquivologia\/wp-json\/wp\/v2\/media?parent=20"}],"curies":[{"name":"wp","href":"https:\/\/api.w.org\/{rel}","templated":true}]}}