{"id":31,"date":"2024-06-27T11:13:26","date_gmt":"2024-06-27T14:13:26","guid":{"rendered":"https:\/\/graduacao.uel.br\/arquivologia\/?page_id=31"},"modified":"2024-06-27T16:41:35","modified_gmt":"2024-06-27T19:41:35","slug":"projeto-pedagogico-ppc","status":"publish","type":"page","link":"https:\/\/graduacao.uel.br\/arquivologia\/projeto-pedagogico-ppc\/","title":{"rendered":"Projeto Pedag\u00f3gico (PPC)"},"content":{"rendered":"\n<p>Conforme mencionado, a DEL \u00e9 a \u00fanica universidade que oferta o curso de Arquivologia no Paran\u00e1. Desde sua g\u00e9nese, sendo que o Curso de Arquivologia da UEL busca adequar-se \u00e0s necessidades e demandas de uma sociedade em constantes modifica\u00e7\u00f5es, como por exemplo, as exig\u00eancias curriculares do Conselho Federal de Educa\u00e7\u00e3o. <\/p>\n\n\n\n<p>Al\u00e9m disso, avalia\u00e7\u00f5es sistem\u00e1ticas realizadas junto aos docentes e discentes do Curso, promovem significativas altera\u00e7\u00f5es em sua proposta de ensino e aprendizagem todas elas evidenciadas em seu Projeto Pedag\u00f3gico do Curso (PPC). <\/p>\n\n\n\n<p>O PPC de Arquivologia da UEL busca efetivar o necess\u00e1rio alinhamento entre a forma\u00e7\u00e3o t\u00e9cnico-cient\u00edfica almejada e as diretrizes curriculares de modo a atender \u00e0s demandas econ\u00f3micas e sociais n\u00e3o apenas restritas ao estado do Paran\u00e1 e regi\u00e3o, como tamb\u00e9m nacionalmente. <\/p>\n\n\n\n<p>A estrutura curricular leva em conta a atualiza\u00e7\u00e3o da profiss\u00e3o, como consequ\u00eancia direta dos avan\u00e7os das tecnologias de informa\u00e7\u00e3o, ofertando, desde as primeiras s\u00e9ries, disciplinas que buscam o nivelamento e o aperfei\u00e7oamento para o uso de ferramentas e plataformas digitais em seus diferentes contextos. <\/p>\n\n\n\n<p>A forma\u00e7\u00e3o profissional do arquivista decorre dos objetivos expressos no PPC, da estrutura curricular (desenvolvida e atualizada constantemente) e do contexto educacional. <\/p>\n\n\n\n<p>No caso dos arquivistas, o contexto vem se ampliando devido aos avan\u00e7os das tecnologias de informa\u00e7\u00e3o; ao volume de informa\u00e7\u00e3o\/documenta\u00e7\u00e3o que \u00e9 produzido diariamente e a necessidade de se ter um profissional que domine diferentes suportes informacionais para suprir as necessidades de informa\u00e7\u00e3o dos diversos usu\u00e1rios em v\u00e1rios ambientes, tais como: Centros de Documenta\u00e7\u00e3o, Museus, Editoras, R\u00e1dio e TV, Clinicas, Hospitais, Autarquias e outras tantas institui\u00e7\u00f5es de car\u00e1ter p\u00fablico e privado.<br><\/p>\n\n\n\n<p>A demanda por profissionais competentes, devidamente capacitados em gest\u00e3o documental de determinada institui\u00e7\u00e3o, seja ela de car\u00e1ter p\u00fablico ou privado, excede o n\u00famero de egressos dos cursos nacionais de Arquivologia. <\/p>\n\n\n\n<p>No contexto da regi\u00e3o de Londrina o cen\u00e1rio n\u00e3o \u00e9 diferente, pois s\u00e3o muitos os espa\u00e7os empresariais, culturais, da sa\u00fade, entre outros, que buscam inserir arquivistas em seus quadros de funcion\u00e1rios. <\/p>\n\n\n\n<p>Nessa perspectiva, infere-se que cada vez mais se faz necess\u00e1rio compreender e atuar frente \u00e0s necessidades econ\u00f3micas, sociais e culturais que se fazem presentes na sociedade. Para tanto, o curso de Arquivologia da DEL se preocupa em instruir e capacitar seus alunos.<\/p>\n\n\n\n<div class=\"wp-block-buttons is-content-justification-center is-layout-flex wp-container-core-buttons-is-layout-16018d1d wp-block-buttons-is-layout-flex\">\n<div class=\"wp-block-button\"><a class=\"wp-block-button__link has-primary-accent-background-color has-background wp-element-button\" href=\"https:\/\/sites.uel.br\/prograd\/graduacao\/projetos-pedagogicos\/projetos-pedagogicos-arquivologia\/\">Resolu\u00e7\u00f5es e Delibera\u00e7\u00f5es<\/a><\/div>\n<\/div>\n\n\n\n<div class=\"wp-block-pb-accordion-item c-accordion__item js-accordion-item no-js\" data-initially-open=\"false\" data-click-to-close=\"true\" data-auto-close=\"true\" data-scroll=\"false\" data-scroll-offset=\"0\"><h6 id=\"at-310\" class=\"c-accordion__title js-accordion-controller\" role=\"button\"><strong>DEPARTAMENTO<\/strong><\/h6><div id=\"ac-310\" class=\"c-accordion__content\">\n<p>O Departamento, subunidade dos Centros de Estudos, constitui-se na menor estrutura de organiza\u00e7\u00e3o administrativa, did\u00e1tico cient\u00edfica e de lota\u00e7\u00e3o de pessoal.<br>No Departamento s\u00e3o reunidas atividades acad\u00eamicas afins e nele est\u00e3o integrados docentes e t\u00e9cnico administrativos para objetivos comuns. (Art. 122 do Regimento Geral da UEL).<\/p>\n<\/div><\/div>\n\n\n\n<div class=\"wp-block-pb-accordion-item c-accordion__item js-accordion-item no-js\" data-initially-open=\"false\" data-click-to-close=\"true\" data-auto-close=\"true\" data-scroll=\"false\" data-scroll-offset=\"0\"><h6 id=\"at-311\" class=\"c-accordion__title js-accordion-controller\" role=\"button\"><strong>COLEGIADO<\/strong><\/h6><div id=\"ac-311\" class=\"c-accordion__content\">\n<p>Os Colegiados de cursos de gradua\u00e7\u00e3o exercem a coordena\u00e7\u00e3o pedag\u00f3gica dos cursos e ser\u00e3o constitu\u00eddos por representantes docentes da \u00e1rea principal de conhecimento e da \u00e1rea b\u00e1sica e\/ou complementar de conhecimento, estudantes e servidores, na forma prevista nos \u00a72\u00ba e \u00a73\u00ba do Art. 27 do Estatuto da Universidade. (Art. alterado atrav\u00e9s da Resolu\u00e7\u00e3o CU 168\/2007).<\/p>\n<\/div><\/div>\n\n\n\n<div class=\"wp-block-pb-accordion-item c-accordion__item js-accordion-item no-js\" data-initially-open=\"false\" data-click-to-close=\"true\" data-auto-close=\"true\" data-scroll=\"false\" data-scroll-offset=\"0\"><h6 id=\"at-312\" class=\"c-accordion__title js-accordion-controller\" role=\"button\"><strong>N\u00daCLEO DOCENTE ESTRUTURANTE (NDE)<\/strong><\/h6><div id=\"ac-312\" class=\"c-accordion__content\">\n<p>O NDE institui-se como parte da estrutura de gest\u00e3o acad\u00eamica do curso com atribui\u00e7\u00f5es consultivas, propositivas e de assessoria, acerca de mat\u00e9rias de natureza acad\u00eamica e pedag\u00f3gica, sendo correspons\u00e1vel pela elabora\u00e7\u00e3o, implementa\u00e7\u00e3o e consolida\u00e7\u00e3o do Projeto Pedag\u00f3gico do Curso (PPC), al\u00e9m de zelar pelo cumprimento das Diretrizes Curriculares Nacionais (DCNs). Tem como objetivos:<\/p>\n\n\n\n<p>1 \u2013 Levantar dificuldades na atua\u00e7\u00e3o do corpo docente do Curso;<\/p>\n\n\n\n<p>2 \u2013 Auxiliar na elabora\u00e7\u00e3o e no acompanhamento do PPC;<\/p>\n\n\n\n<p>3 \u2013 Propor programas ou outras formas de capacita\u00e7\u00e3o docente;<\/p>\n\n\n\n<p>4 \u2013 Acompanhar as avalia\u00e7\u00f5es do Curso definidas pelo Colegiado;<\/p>\n\n\n\n<p>5 \u2013 Analisar e propor modifica\u00e7\u00f5es, quando necess\u00e1rias;<\/p>\n\n\n\n<p>6 \u2013 Indicar formas de incentivo ao desenvolvimento de atividades de pesquisa;<\/p>\n\n\n\n<p>7 \u2013 Contribuir para a concretiza\u00e7\u00e3o do perfil profissional;<\/p>\n\n\n\n<p>8 \u2013 Zelar pelo cumprimento das DCNs aplic\u00e1veis ao Curso de Arquivologia.<\/p>\n<\/div><\/div>\n\n\n\n<div class=\"wp-block-columns is-layout-flex wp-container-core-columns-is-layout-9d6595d7 wp-block-columns-is-layout-flex\">\n<div class=\"wp-block-column is-layout-flow wp-block-column-is-layout-flow\"><\/div>\n<\/div>\n","protected":false},"excerpt":{"rendered":"<p>Conforme mencionado, a DEL \u00e9 a \u00fanica universidade que oferta o curso de Arquivologia no Paran\u00e1. Desde sua g\u00e9nese, sendo que o Curso de Arquivologia da UEL busca adequar-se \u00e0s necessidades e demandas de uma sociedade em constantes modifica\u00e7\u00f5es, como por exemplo, as exig\u00eancias curriculares do Conselho Federal de Educa\u00e7\u00e3o. Al\u00e9m disso, avalia\u00e7\u00f5es sistem\u00e1ticas realizadas [&hellip;]<\/p>\n","protected":false},"author":6,"featured_media":0,"parent":0,"menu_order":0,"comment_status":"closed","ping_status":"closed","template":"","meta":{"_acf_changed":false,"footnotes":""},"class_list":["post-31","page","type-page","status-publish","hentry"],"acf":[],"_links":{"self":[{"href":"https:\/\/graduacao.uel.br\/arquivologia\/wp-json\/wp\/v2\/pages\/31","targetHints":{"allow":["GET"]}}],"collection":[{"href":"https:\/\/graduacao.uel.br\/arquivologia\/wp-json\/wp\/v2\/pages"}],"about":[{"href":"https:\/\/graduacao.uel.br\/arquivologia\/wp-json\/wp\/v2\/types\/page"}],"author":[{"embeddable":true,"href":"https:\/\/graduacao.uel.br\/arquivologia\/wp-json\/wp\/v2\/users\/6"}],"replies":[{"embeddable":true,"href":"https:\/\/graduacao.uel.br\/arquivologia\/wp-json\/wp\/v2\/comments?post=31"}],"version-history":[{"count":8,"href":"https:\/\/graduacao.uel.br\/arquivologia\/wp-json\/wp\/v2\/pages\/31\/revisions"}],"predecessor-version":[{"id":82,"href":"https:\/\/graduacao.uel.br\/arquivologia\/wp-json\/wp\/v2\/pages\/31\/revisions\/82"}],"wp:attachment":[{"href":"https:\/\/graduacao.uel.br\/arquivologia\/wp-json\/wp\/v2\/media?parent=31"}],"curies":[{"name":"wp","href":"https:\/\/api.w.org\/{rel}","templated":true}]}}