{"id":89,"date":"2024-06-28T11:49:06","date_gmt":"2024-06-28T14:49:06","guid":{"rendered":"https:\/\/graduacao.uel.br\/arquivologia\/?page_id=89"},"modified":"2024-06-28T14:13:13","modified_gmt":"2024-06-28T17:13:13","slug":"tcc","status":"publish","type":"page","link":"https:\/\/graduacao.uel.br\/arquivologia\/tcc\/","title":{"rendered":"TCC"},"content":{"rendered":"\n<p>O trabalho de conclus\u00e3o do curso (TCC) de Arquivologia \u00e9 uma atividade obrigat\u00f3ria para obten\u00e7\u00e3o do t\u00edtulo de gradua\u00e7\u00e3o. Caracteriza-se como trabalho escrito sobre objeto de pesquisa da \u00e1rea de conhecimento do curso.<\/p>\n\n\n\n<p>O TCC de Arquivologia deve ser elaborado individualmente pelo estudante regularmente matriculado no Curso de Arquivologia, devendo seguir a forma textual de car\u00e1ter monogr\u00e1fico e atender aos seguintes objetivos:<\/p>\n\n\n\n<p>1 ) capacitar o estudante para a elabora\u00e7\u00e3o de pesquisas;<\/p>\n\n\n\n<p>2) levar o estudante a correlacionar e aprofundar os conhecimentos te\u00f3ricos e pr\u00e1ticos adquiridos no curso;<\/p>\n\n\n\n<p>3) propiciar ao estudante o contato com o processo de investiga\u00e7\u00e3o, documenta\u00e7\u00e3o, conserva\u00e7\u00e3o, auxiliando-o em todas essas etapas.<\/p>\n\n\n\n<p>4) contribuir para o enriquecimento das atividades acad\u00eamicas do Curso de Arquivologia, estimulando a organiza\u00e7\u00e3o, categoriza\u00e7\u00e3o, documenta\u00e7\u00e3o e conserva\u00e7\u00e3o, que poder\u00e1 estar articulada \u00e0s necessidades da comunidade local, nacional ou internacional.<\/p>\n","protected":false},"excerpt":{"rendered":"<p>O trabalho de conclus\u00e3o do curso (TCC) de Arquivologia \u00e9 uma atividade obrigat\u00f3ria para obten\u00e7\u00e3o do t\u00edtulo de gradua\u00e7\u00e3o. Caracteriza-se como trabalho escrito sobre objeto de pesquisa da \u00e1rea de conhecimento do curso. O TCC de Arquivologia deve ser elaborado individualmente pelo estudante regularmente matriculado no Curso de Arquivologia, devendo seguir a forma textual de [&hellip;]<\/p>\n","protected":false},"author":6,"featured_media":0,"parent":0,"menu_order":0,"comment_status":"closed","ping_status":"closed","template":"","meta":{"_acf_changed":false,"footnotes":""},"class_list":["post-89","page","type-page","status-publish","hentry"],"acf":[],"_links":{"self":[{"href":"https:\/\/graduacao.uel.br\/arquivologia\/wp-json\/wp\/v2\/pages\/89","targetHints":{"allow":["GET"]}}],"collection":[{"href":"https:\/\/graduacao.uel.br\/arquivologia\/wp-json\/wp\/v2\/pages"}],"about":[{"href":"https:\/\/graduacao.uel.br\/arquivologia\/wp-json\/wp\/v2\/types\/page"}],"author":[{"embeddable":true,"href":"https:\/\/graduacao.uel.br\/arquivologia\/wp-json\/wp\/v2\/users\/6"}],"replies":[{"embeddable":true,"href":"https:\/\/graduacao.uel.br\/arquivologia\/wp-json\/wp\/v2\/comments?post=89"}],"version-history":[{"count":2,"href":"https:\/\/graduacao.uel.br\/arquivologia\/wp-json\/wp\/v2\/pages\/89\/revisions"}],"predecessor-version":[{"id":97,"href":"https:\/\/graduacao.uel.br\/arquivologia\/wp-json\/wp\/v2\/pages\/89\/revisions\/97"}],"wp:attachment":[{"href":"https:\/\/graduacao.uel.br\/arquivologia\/wp-json\/wp\/v2\/media?parent=89"}],"curies":[{"name":"wp","href":"https:\/\/api.w.org\/{rel}","templated":true}]}}