{"id":104,"date":"2024-06-20T14:21:29","date_gmt":"2024-06-20T17:21:29","guid":{"rendered":"https:\/\/graduacao.uel.br\/artes-cenicas\/?page_id=104"},"modified":"2024-06-20T14:24:42","modified_gmt":"2024-06-20T17:24:42","slug":"centro-academico-ca","status":"publish","type":"page","link":"https:\/\/graduacao.uel.br\/artes-cenicas\/centro-academico-ca\/","title":{"rendered":"Centro Acad\u00eamico (CA)"},"content":{"rendered":"\n<p>O Centro Acad\u00eamico de Artes C\u00eanicas (<strong>CAAC<\/strong>), \u00e9 o espa\u00e7o para se trocar opini\u00f5es, not\u00edcias e arte.<\/p>\n\n\n\n<p>Venha conhecer e participe: <strong><a href=\"https:\/\/www.facebook.com\/CAACUEl\/?locale=pt_BR\">CAAC<\/a><\/strong><\/p>\n","protected":false},"excerpt":{"rendered":"<p>O Centro Acad\u00eamico de Artes C\u00eanicas (CAAC), \u00e9 o espa\u00e7o para se trocar opini\u00f5es, not\u00edcias e arte. Venha conhecer e participe: CAAC<\/p>\n","protected":false},"author":6,"featured_media":0,"parent":0,"menu_order":0,"comment_status":"closed","ping_status":"closed","template":"","meta":{"_acf_changed":false,"footnotes":""},"class_list":["post-104","page","type-page","status-publish","hentry"],"acf":[],"_links":{"self":[{"href":"https:\/\/graduacao.uel.br\/artes-cenicas\/wp-json\/wp\/v2\/pages\/104","targetHints":{"allow":["GET"]}}],"collection":[{"href":"https:\/\/graduacao.uel.br\/artes-cenicas\/wp-json\/wp\/v2\/pages"}],"about":[{"href":"https:\/\/graduacao.uel.br\/artes-cenicas\/wp-json\/wp\/v2\/types\/page"}],"author":[{"embeddable":true,"href":"https:\/\/graduacao.uel.br\/artes-cenicas\/wp-json\/wp\/v2\/users\/6"}],"replies":[{"embeddable":true,"href":"https:\/\/graduacao.uel.br\/artes-cenicas\/wp-json\/wp\/v2\/comments?post=104"}],"version-history":[{"count":2,"href":"https:\/\/graduacao.uel.br\/artes-cenicas\/wp-json\/wp\/v2\/pages\/104\/revisions"}],"predecessor-version":[{"id":108,"href":"https:\/\/graduacao.uel.br\/artes-cenicas\/wp-json\/wp\/v2\/pages\/104\/revisions\/108"}],"wp:attachment":[{"href":"https:\/\/graduacao.uel.br\/artes-cenicas\/wp-json\/wp\/v2\/media?parent=104"}],"curies":[{"name":"wp","href":"https:\/\/api.w.org\/{rel}","templated":true}]}}