{"id":118,"date":"2024-06-06T15:41:18","date_gmt":"2024-06-06T18:41:18","guid":{"rendered":"https:\/\/graduacao.uel.br\/artes-visuais\/?page_id=118"},"modified":"2024-06-06T15:44:46","modified_gmt":"2024-06-06T18:44:46","slug":"estagio","status":"publish","type":"page","link":"https:\/\/graduacao.uel.br\/artes-visuais\/estagio\/","title":{"rendered":"Est\u00e1gio"},"content":{"rendered":"\n<p>O estudante dos cursos de licenciatura plena dever\u00e1 cumprir 800 (oitocentas) horas de atividades pedag\u00f3gicas durante o curso, assim divididas: 400 (quatrocentas) horas vivenciadas no decorrer de curso 400 (quatrocentas) horas de est\u00e1gio curricular supervisionado a partir da segunda metade do curso.<\/p>\n\n\n\n<p>As quatrocentas e vinte horas de est\u00e1gio supervisionado, ofertada no PPC do Curso Artes Visuais, compreendem as pr\u00e1ticas pedag\u00f3gicas e ser\u00e3o cumpridas a partir do terceiro ano do curso, junto \u00e0s institui\u00e7\u00f5es da educa\u00e7\u00e3o b\u00e1sica, de ensino infantil, fundamental e m\u00e9dio, bem como na pr\u00f3pria institui\u00e7\u00e3o, sob a orienta\u00e7\u00e3o de diferentes professores, de acordo com suas especialidades. <\/p>\n\n\n\n<p>As atividades acad\u00eamicas de Est\u00e1gio Curricular Obrigat\u00f3rio est\u00e3o vinculadas \u00e0s seguintes atividades acad\u00eamicas: Est\u00e1gio Supervisionado I, Est\u00e1gio e Ensino de Arte I, Est\u00e1gio Supervisionado II, Est\u00e1gio e Ensino de Arte II, Est\u00e1gio Supervisionado III, Est\u00e1gio Supervisionado IV. <\/p>\n\n\n\n<p>Os Est\u00e1gios est\u00e3o distribu\u00eddos na terceira e quartas s\u00e9ries, configurado em quatro etapas, a saber: Est\u00e1gio I, realizado em Escolas da Educa\u00e7\u00e3o Infantil ou Fundamental I (anos iniciais); Est\u00e1gio II no Fundamental II ou Ensino M\u00e9dio e Est\u00e1gio III e IV em Espa\u00e7os N\u00e3o Formal.<\/p>\n\n\n\n<p>Para mais informa\u00e7\u00f5es sobre est\u00e1gios clique em <strong><a href=\"https:\/\/sites.uel.br\/prograd\/estudante\/estagios-e-intercambios\/\">saiba mais<\/a><\/strong>.<\/p>\n","protected":false},"excerpt":{"rendered":"<p>O estudante dos cursos de licenciatura plena dever\u00e1 cumprir 800 (oitocentas) horas de atividades pedag\u00f3gicas durante o curso, assim divididas: 400 (quatrocentas) horas vivenciadas no decorrer de curso 400 (quatrocentas) horas de est\u00e1gio curricular supervisionado a partir da segunda metade do curso. As quatrocentas e vinte horas de est\u00e1gio supervisionado, ofertada no PPC do Curso [&hellip;]<\/p>\n","protected":false},"author":6,"featured_media":0,"parent":0,"menu_order":0,"comment_status":"closed","ping_status":"closed","template":"","meta":{"_acf_changed":false,"footnotes":""},"class_list":["post-118","page","type-page","status-publish","hentry"],"acf":[],"_links":{"self":[{"href":"https:\/\/graduacao.uel.br\/artes-visuais\/wp-json\/wp\/v2\/pages\/118","targetHints":{"allow":["GET"]}}],"collection":[{"href":"https:\/\/graduacao.uel.br\/artes-visuais\/wp-json\/wp\/v2\/pages"}],"about":[{"href":"https:\/\/graduacao.uel.br\/artes-visuais\/wp-json\/wp\/v2\/types\/page"}],"author":[{"embeddable":true,"href":"https:\/\/graduacao.uel.br\/artes-visuais\/wp-json\/wp\/v2\/users\/6"}],"replies":[{"embeddable":true,"href":"https:\/\/graduacao.uel.br\/artes-visuais\/wp-json\/wp\/v2\/comments?post=118"}],"version-history":[{"count":3,"href":"https:\/\/graduacao.uel.br\/artes-visuais\/wp-json\/wp\/v2\/pages\/118\/revisions"}],"predecessor-version":[{"id":130,"href":"https:\/\/graduacao.uel.br\/artes-visuais\/wp-json\/wp\/v2\/pages\/118\/revisions\/130"}],"wp:attachment":[{"href":"https:\/\/graduacao.uel.br\/artes-visuais\/wp-json\/wp\/v2\/media?parent=118"}],"curies":[{"name":"wp","href":"https:\/\/api.w.org\/{rel}","templated":true}]}}