{"id":122,"date":"2024-06-06T15:41:42","date_gmt":"2024-06-06T18:41:42","guid":{"rendered":"https:\/\/graduacao.uel.br\/artes-visuais\/?page_id=122"},"modified":"2024-06-06T15:52:53","modified_gmt":"2024-06-06T18:52:53","slug":"aex","status":"publish","type":"page","link":"https:\/\/graduacao.uel.br\/artes-visuais\/aex\/","title":{"rendered":"AEX"},"content":{"rendered":"\n<p>A estrutura da Curriculariza\u00e7\u00e3o da Extens\u00e3o est\u00e1 organizada com a seguinte configura\u00e7\u00e3o: S\u00e3o 320 horas de carga hor\u00e1ria total das AEX, assim distribu\u00eddas: 200 horas de AEX Indicadas e 120 horas para as AEX Livres. <\/p>\n\n\n\n<p>Estas, assim se definem, conforme Resolu\u00e7\u00e3o CEPE 039\/2021, I. AEX Indicadas: aquelas que se vinculam diretamente \u00e0 forma\u00e7\u00e3o acad\u00eamica do estudante e que sejam articuladas com os demais componentes curriculares, sendo escolhidas livremente pelo estudante dentre aquelas indicadas pelo Colegiado de Curso, observada a regulamenta\u00e7\u00e3o vigente. II. AEX Livres: aquelas que n\u00e3o necessariamente se vinculam diretamente \u00e0 forma\u00e7\u00e3o acad\u00eamica do estudante, sendo objeto de seu interesse espec\u00edfico, escolhidas livremente pelo estudante dentre aquelas regulamentadas pela PROEX, observada a normatiza\u00e7\u00e3o vigente. <\/p>\n\n\n\n<p>As Atividades Acad\u00eamicas de Extens\u00e3o ser\u00e3o implementadas de forma articulada com os Eixos de Conhecimento do Curso: Ensino-Aprendizagem em Artes Visuais; Hist\u00f3ria, Teorias e Cr\u00edtica de Arte; Po\u00e9ticas Visuais e o Eixo Articulador, Espa\u00e7os Relacionais de onde emanar\u00e3o, continuamente, temas, propostas e a\u00e7\u00f5es extensionistas. <\/p>\n\n\n\n<p>Tamb\u00e9m est\u00e3o elencadas as seguintes modalidades de extens\u00e3o: <\/p>\n\n\n\n<p>l. programas de extens\u00e3o; <\/p>\n\n\n\n<p>Il. projetos de extens\u00e3o ou projetos integrados com \u00eanfase em extens\u00e3o; <\/p>\n\n\n\n<p>III. projetos de presta\u00e7\u00e3o de servi\u00e7o; <\/p>\n\n\n\n<p>IV. cursos de extens\u00e3o; <\/p>\n\n\n\n<p>V. eventos de extens\u00e3o. <\/p>\n\n\n\n<p>As Atividades de Extens\u00e3o ser\u00e3o realizadas eminentemente fora do per\u00edodo das aulas; e parcialmente no turno das aulas, preferencialmente, aos estudantes trabalhadores com dificuldade de acesso \u00e0s a\u00e7\u00f5es extensionistas. <\/p>\n\n\n\n<p>Para esta modalidade, est\u00e1 dispon\u00edvel na grade de hor\u00e1rio semanal, a partir da II s\u00e9rie per\u00edodos livres para as Atividades de Extens\u00e3o.<\/p>\n\n\n\n<p>Para maiores informa\u00e7\u00f5es sobre Atividades Acad\u00eamicas de Extens\u00e3o, clique em <strong><a href=\"https:\/\/sites.uel.br\/proex\/atividades-academicas-de-extensao-aex\/\">saiba mais<\/a><\/strong>.<\/p>\n","protected":false},"excerpt":{"rendered":"<p>A estrutura da Curriculariza\u00e7\u00e3o da Extens\u00e3o est\u00e1 organizada com a seguinte configura\u00e7\u00e3o: S\u00e3o 320 horas de carga hor\u00e1ria total das AEX, assim distribu\u00eddas: 200 horas de AEX Indicadas e 120 horas para as AEX Livres. Estas, assim se definem, conforme Resolu\u00e7\u00e3o CEPE 039\/2021, I. AEX Indicadas: aquelas que se vinculam diretamente \u00e0 forma\u00e7\u00e3o acad\u00eamica do [&hellip;]<\/p>\n","protected":false},"author":6,"featured_media":0,"parent":0,"menu_order":0,"comment_status":"closed","ping_status":"closed","template":"","meta":{"_acf_changed":false,"footnotes":""},"class_list":["post-122","page","type-page","status-publish","hentry"],"acf":[],"_links":{"self":[{"href":"https:\/\/graduacao.uel.br\/artes-visuais\/wp-json\/wp\/v2\/pages\/122","targetHints":{"allow":["GET"]}}],"collection":[{"href":"https:\/\/graduacao.uel.br\/artes-visuais\/wp-json\/wp\/v2\/pages"}],"about":[{"href":"https:\/\/graduacao.uel.br\/artes-visuais\/wp-json\/wp\/v2\/types\/page"}],"author":[{"embeddable":true,"href":"https:\/\/graduacao.uel.br\/artes-visuais\/wp-json\/wp\/v2\/users\/6"}],"replies":[{"embeddable":true,"href":"https:\/\/graduacao.uel.br\/artes-visuais\/wp-json\/wp\/v2\/comments?post=122"}],"version-history":[{"count":3,"href":"https:\/\/graduacao.uel.br\/artes-visuais\/wp-json\/wp\/v2\/pages\/122\/revisions"}],"predecessor-version":[{"id":134,"href":"https:\/\/graduacao.uel.br\/artes-visuais\/wp-json\/wp\/v2\/pages\/122\/revisions\/134"}],"wp:attachment":[{"href":"https:\/\/graduacao.uel.br\/artes-visuais\/wp-json\/wp\/v2\/media?parent=122"}],"curies":[{"name":"wp","href":"https:\/\/api.w.org\/{rel}","templated":true}]}}