{"id":124,"date":"2024-06-06T15:41:53","date_gmt":"2024-06-06T18:41:53","guid":{"rendered":"https:\/\/graduacao.uel.br\/artes-visuais\/?page_id=124"},"modified":"2024-06-06T16:01:37","modified_gmt":"2024-06-06T19:01:37","slug":"tcc","status":"publish","type":"page","link":"https:\/\/graduacao.uel.br\/artes-visuais\/tcc\/","title":{"rendered":"TCC"},"content":{"rendered":"\n<p>O Trabalho de Conclus\u00e3o de Curso (TCC) \u00e9 uma exig\u00eancia parcial para obten\u00e7\u00e3o do grau de Licenciado. <\/p>\n\n\n\n<p>Entende-se por Trabalho de Conclus\u00e3o de Curso o estudo sistematizado das atividades desenvolvidas pelo estudante, sob a orienta\u00e7\u00e3o de um docente, durante seu \u00faltimo ano acad\u00eamico no Curso de Artes Visuais \u2013 Licenciatura, normatizado em regulamento pr\u00f3prio. <\/p>\n\n\n\n<p>O TCC tem por finalidade possibilitar a aferi\u00e7\u00e3o, de um lado, dos dom\u00ednios e conte\u00fados apreendidos pelo concluinte em seu percurso acad\u00eamico, decorrentes de seu aprendizado nas diferentes disciplinas que frequentou e, de outro, ensaiar as possibilidades e potenciais que o estudante apresenta para atua\u00e7\u00e3o no seu campo profissional tendo como base os objetivos propostos pelo curso no que diz respeito ao ensino e a cultura, como tamb\u00e9m ao fazer art\u00edstico como um todo. <\/p>\n\n\n\n<p>O TCC deve ser feito individualmente, sob orienta\u00e7\u00e3o de um docente, e pode ser te\u00f3rico-pr\u00e1tico ou te\u00f3rico. O trabalho te\u00f3rico deve levar em conta a investiga\u00e7\u00e3o com base na revis\u00e3o ou pesquisa bibliogr\u00e1fica, no seu campo de atua\u00e7\u00e3o ou na experimenta\u00e7\u00e3o de processo e procedimentos para os quais est\u00e1 se preparando. <\/p>\n\n\n\n<p>Este trabalho dever\u00e1 ser realizado, preferencialmente, sob a forma de Monografia, a ser apresentada formalmente a uma banca examinadora, designada exclusivamente para sua qualifica\u00e7\u00e3o\/avalia\u00e7\u00e3o. <\/p>\n\n\n\n<p>Os trabalhos te\u00f3rico-pr\u00e1ticos devem ter um recorte dentro das pr\u00e1ticas de cria\u00e7\u00e3o desenvolvidas durante o curso, envolvendo obrigatoriamente uma fundamenta\u00e7\u00e3o te\u00f3rica que d\u00ea conta da explicita\u00e7\u00e3o do processo de cria\u00e7\u00e3o, que pode ter a forma de um memorial descritivo. <\/p>\n\n\n\n<p>O resultado ser\u00e1 aferido por meio de apresenta\u00e7\u00e3o formal para uma banca examinadora designada exclusivamente para sua qualifica\u00e7\u00e3o e apresenta\u00e7\u00e3o final.<\/p>\n\n\n\n<div class=\"wp-block-buttons is-content-justification-center is-layout-flex wp-container-core-buttons-is-layout-16018d1d wp-block-buttons-is-layout-flex\">\n<div class=\"wp-block-button\"><a class=\"wp-block-button__link has-primary-accent-background-color has-background wp-element-button\" href=\"https:\/\/sites.uel.br\/prograd\/wp-content\/uploads\/documentos\/deliberacoes\/2018\/deliberacao_03_18.pdf\">Regulamento TCC<\/a><\/div>\n<\/div>\n\n\n\n<div class=\"wp-block-columns is-layout-flex wp-container-core-columns-is-layout-9d6595d7 wp-block-columns-is-layout-flex\">\n<div class=\"wp-block-column is-layout-flow wp-block-column-is-layout-flow\"><\/div>\n<\/div>\n","protected":false},"excerpt":{"rendered":"<p>O Trabalho de Conclus\u00e3o de Curso (TCC) \u00e9 uma exig\u00eancia parcial para obten\u00e7\u00e3o do grau de Licenciado. Entende-se por Trabalho de Conclus\u00e3o de Curso o estudo sistematizado das atividades desenvolvidas pelo estudante, sob a orienta\u00e7\u00e3o de um docente, durante seu \u00faltimo ano acad\u00eamico no Curso de Artes Visuais \u2013 Licenciatura, normatizado em regulamento pr\u00f3prio. O [&hellip;]<\/p>\n","protected":false},"author":6,"featured_media":0,"parent":0,"menu_order":0,"comment_status":"closed","ping_status":"closed","template":"","meta":{"_acf_changed":false,"footnotes":""},"class_list":["post-124","page","type-page","status-publish","hentry"],"acf":[],"_links":{"self":[{"href":"https:\/\/graduacao.uel.br\/artes-visuais\/wp-json\/wp\/v2\/pages\/124","targetHints":{"allow":["GET"]}}],"collection":[{"href":"https:\/\/graduacao.uel.br\/artes-visuais\/wp-json\/wp\/v2\/pages"}],"about":[{"href":"https:\/\/graduacao.uel.br\/artes-visuais\/wp-json\/wp\/v2\/types\/page"}],"author":[{"embeddable":true,"href":"https:\/\/graduacao.uel.br\/artes-visuais\/wp-json\/wp\/v2\/users\/6"}],"replies":[{"embeddable":true,"href":"https:\/\/graduacao.uel.br\/artes-visuais\/wp-json\/wp\/v2\/comments?post=124"}],"version-history":[{"count":4,"href":"https:\/\/graduacao.uel.br\/artes-visuais\/wp-json\/wp\/v2\/pages\/124\/revisions"}],"predecessor-version":[{"id":139,"href":"https:\/\/graduacao.uel.br\/artes-visuais\/wp-json\/wp\/v2\/pages\/124\/revisions\/139"}],"wp:attachment":[{"href":"https:\/\/graduacao.uel.br\/artes-visuais\/wp-json\/wp\/v2\/media?parent=124"}],"curies":[{"name":"wp","href":"https:\/\/api.w.org\/{rel}","templated":true}]}}