{"id":14,"date":"2024-06-05T14:10:42","date_gmt":"2024-06-05T17:10:42","guid":{"rendered":"https:\/\/graduacao.uel.br\/artes-visuais\/?page_id=14"},"modified":"2025-01-22T16:53:14","modified_gmt":"2025-01-22T19:53:14","slug":"o-curso","status":"publish","type":"page","link":"https:\/\/graduacao.uel.br\/artes-visuais\/o-curso\/","title":{"rendered":"O curso"},"content":{"rendered":"\n<p>O Curso de Artes Visuais \u00e9 oriundo do curso de Educa\u00e7\u00e3o Art\u00edstica, criado em 1974 com base na Resolu\u00e7\u00e3o do CFE n\u00ba 198, de 15\/12\/1973 e reconhecido pelo Decreto Federal n\u00ba 83.656, de 28\/06\/1979. <\/p>\n\n\n\n<p>Renova\u00e7\u00e3o de reconhecimento: Decreto Estadual n\u00ba 1705 de 13\/06\/2011 at\u00e9 12\/06\/2016; Renova\u00e7\u00e3o de reconhecimento: Decreto Estadual n\u00ba 6096 de 31\/01\/2017 at\u00e9 13\/06\/2021; Renova\u00e7\u00e3o de reconhecimento: Portaria Estadual n\u00ba 178 de 22\/09\/2020 at\u00e9 13\/06\/2025. <\/p>\n\n\n\n<p><strong>Objetivo <\/strong><\/p>\n\n\n\n<p>Fomentar uma postura investigativa e relacional em todos os campos de atua\u00e7\u00e3o do profissional licenciado na \u00e1rea de arte: no ensino, na sua produ\u00e7\u00e3o art\u00edstica, e enquanto agente cultural, redimensionando, assim, de forma integrada, visa o desenvolvimento do ser humano, a partir da vis\u00e3o cr\u00edtica da realidade em que atua, consciente de sua sociedade e do seu contexto. O profissional formado pelo curso de Artes Visuais ter\u00e1 um perfil diferente daquele que se construiu h\u00e1 anos, pois ao compreender a educa\u00e7\u00e3o como realidade inserida em um contexto social do qual ele \u00e9 parte, sua atitude investigativa e propositiva ser\u00e1 inevit\u00e1vel. Assim, operar\u00e1 as po\u00e9ticas pl\u00e1stico\/visuais dominando seu conte\u00fado te\u00f3rico-pr\u00e1tico e promover\u00e1 a conscientiza\u00e7\u00e3o para a preserva\u00e7\u00e3o do patrim\u00f4nio natural, art\u00edstico e cultural por meio de uma a\u00e7\u00e3o docente transformadora, cr\u00edtica e compromissada com o seu tempo. <\/p>\n\n\n\n<p><\/p>\n\n\n\n<p><strong>Conhe\u00e7a um pouco mais sobre o Curso de Artes Visuais da UEL:<\/strong><\/p>\n\n\n\n<div class=\"wp-block-columns is-layout-flex wp-container-core-columns-is-layout-9d6595d7 wp-block-columns-is-layout-flex\">\n<div class=\"wp-block-column is-layout-flow wp-block-column-is-layout-flow\" style=\"flex-basis:66.66%\">\n<figure class=\"wp-block-embed is-type-video is-provider-youtube wp-block-embed-youtube wp-embed-aspect-16-9 wp-has-aspect-ratio\"><div class=\"wp-block-embed__wrapper\">\n<iframe loading=\"lazy\" title=\"Artes Visuais \u2013 Cursos de A a Z\" width=\"640\" height=\"360\" src=\"https:\/\/www.youtube.com\/embed\/o15FyT7_6LM?feature=oembed\" frameborder=\"0\" allow=\"accelerometer; autoplay; clipboard-write; encrypted-media; gyroscope; picture-in-picture; web-share\" referrerpolicy=\"strict-origin-when-cross-origin\" allowfullscreen><\/iframe>\n<\/div><\/figure>\n<\/div>\n\n\n\n<div class=\"wp-block-column is-layout-flow wp-block-column-is-layout-flow\" style=\"flex-basis:33.33%\">\n<p><\/p>\n\n\n\n<p>O licenciado em Artes Visuais poder\u00e1 atuar nas institui\u00e7\u00f5es de ensino p\u00fablico e particular, na disciplina de arte, nas aulas do curr\u00edculo formal e tamb\u00e9m em atividades extracurriculares, assim quanto, nos museus de arte, centros culturais, galerias, nas oficinas de arte e nos projetos culturais da comunidade em geral, assim como um agente cultural.<\/p>\n\n\n\n<p>A forma\u00e7\u00e3o do licenciado considera o pensar e o fazer e investe na rela\u00e7\u00e3o teoria e pr\u00e1tica, sem se distanciar das outras \u00e1reas do saber que dialogam com a arte.<\/p>\n<\/div>\n<\/div>\n","protected":false},"excerpt":{"rendered":"<p>O Curso de Artes Visuais \u00e9 oriundo do curso de Educa\u00e7\u00e3o Art\u00edstica, criado em 1974 com base na Resolu\u00e7\u00e3o do CFE n\u00ba 198, de 15\/12\/1973 e reconhecido pelo Decreto Federal n\u00ba 83.656, de 28\/06\/1979. Renova\u00e7\u00e3o de reconhecimento: Decreto Estadual n\u00ba 1705 de 13\/06\/2011 at\u00e9 12\/06\/2016; Renova\u00e7\u00e3o de reconhecimento: Decreto Estadual n\u00ba 6096 de 31\/01\/2017 at\u00e9 [&hellip;]<\/p>\n","protected":false},"author":6,"featured_media":0,"parent":0,"menu_order":0,"comment_status":"closed","ping_status":"closed","template":"","meta":{"_acf_changed":false,"footnotes":""},"class_list":["post-14","page","type-page","status-publish","hentry"],"acf":[],"_links":{"self":[{"href":"https:\/\/graduacao.uel.br\/artes-visuais\/wp-json\/wp\/v2\/pages\/14","targetHints":{"allow":["GET"]}}],"collection":[{"href":"https:\/\/graduacao.uel.br\/artes-visuais\/wp-json\/wp\/v2\/pages"}],"about":[{"href":"https:\/\/graduacao.uel.br\/artes-visuais\/wp-json\/wp\/v2\/types\/page"}],"author":[{"embeddable":true,"href":"https:\/\/graduacao.uel.br\/artes-visuais\/wp-json\/wp\/v2\/users\/6"}],"replies":[{"embeddable":true,"href":"https:\/\/graduacao.uel.br\/artes-visuais\/wp-json\/wp\/v2\/comments?post=14"}],"version-history":[{"count":6,"href":"https:\/\/graduacao.uel.br\/artes-visuais\/wp-json\/wp\/v2\/pages\/14\/revisions"}],"predecessor-version":[{"id":211,"href":"https:\/\/graduacao.uel.br\/artes-visuais\/wp-json\/wp\/v2\/pages\/14\/revisions\/211"}],"wp:attachment":[{"href":"https:\/\/graduacao.uel.br\/artes-visuais\/wp-json\/wp\/v2\/media?parent=14"}],"curies":[{"name":"wp","href":"https:\/\/api.w.org\/{rel}","templated":true}]}}