{"id":157,"date":"2024-06-10T10:47:04","date_gmt":"2024-06-10T13:47:04","guid":{"rendered":"https:\/\/graduacao.uel.br\/artes-visuais\/?page_id=157"},"modified":"2024-06-10T16:27:03","modified_gmt":"2024-06-10T19:27:03","slug":"centro-academico-ca","status":"publish","type":"page","link":"https:\/\/graduacao.uel.br\/artes-visuais\/centro-academico-ca\/","title":{"rendered":"Centro Acad\u00eamico (CA)"},"content":{"rendered":"\n<p>O Centro Acad\u00eamico possui uma sala pr\u00f3pria nas instala\u00e7\u00f5es do pr\u00f3prio <a href=\"https:\/\/www.uel.br\/ceca\/educacaoartistica\/\">Departamento de Artes Visuais<\/a>.<\/p>\n\n\n\n<p>Atualmente os estudantes respons\u00e1veis pelo CA s\u00e3o:<\/p>\n\n\n\n<p><strong>Kaue Juan Bispo Malta<\/strong> e<\/p>\n\n\n\n<p><strong>Paulo Colli Enzo da Silva<\/strong>.<\/p>\n","protected":false},"excerpt":{"rendered":"<p>O Centro Acad\u00eamico possui uma sala pr\u00f3pria nas instala\u00e7\u00f5es do pr\u00f3prio Departamento de Artes Visuais. Atualmente os estudantes respons\u00e1veis pelo CA s\u00e3o: Kaue Juan Bispo Malta e Paulo Colli Enzo da Silva.<\/p>\n","protected":false},"author":6,"featured_media":0,"parent":0,"menu_order":0,"comment_status":"closed","ping_status":"closed","template":"","meta":{"_acf_changed":false,"footnotes":""},"class_list":["post-157","page","type-page","status-publish","hentry"],"acf":[],"_links":{"self":[{"href":"https:\/\/graduacao.uel.br\/artes-visuais\/wp-json\/wp\/v2\/pages\/157","targetHints":{"allow":["GET"]}}],"collection":[{"href":"https:\/\/graduacao.uel.br\/artes-visuais\/wp-json\/wp\/v2\/pages"}],"about":[{"href":"https:\/\/graduacao.uel.br\/artes-visuais\/wp-json\/wp\/v2\/types\/page"}],"author":[{"embeddable":true,"href":"https:\/\/graduacao.uel.br\/artes-visuais\/wp-json\/wp\/v2\/users\/6"}],"replies":[{"embeddable":true,"href":"https:\/\/graduacao.uel.br\/artes-visuais\/wp-json\/wp\/v2\/comments?post=157"}],"version-history":[{"count":4,"href":"https:\/\/graduacao.uel.br\/artes-visuais\/wp-json\/wp\/v2\/pages\/157\/revisions"}],"predecessor-version":[{"id":193,"href":"https:\/\/graduacao.uel.br\/artes-visuais\/wp-json\/wp\/v2\/pages\/157\/revisions\/193"}],"wp:attachment":[{"href":"https:\/\/graduacao.uel.br\/artes-visuais\/wp-json\/wp\/v2\/media?parent=157"}],"curies":[{"name":"wp","href":"https:\/\/api.w.org\/{rel}","templated":true}]}}