{"id":33,"date":"2024-06-05T15:08:09","date_gmt":"2024-06-05T18:08:09","guid":{"rendered":"https:\/\/graduacao.uel.br\/artes-visuais\/?page_id=33"},"modified":"2024-06-05T16:34:08","modified_gmt":"2024-06-05T19:34:08","slug":"matriz-curricular","status":"publish","type":"page","link":"https:\/\/graduacao.uel.br\/artes-visuais\/matriz-curricular\/","title":{"rendered":"Matriz Curricular"},"content":{"rendered":"\n<p>Para os estudantes que\u00a0<strong>ingressaram antes de 2023<\/strong>, observe a Matriz Curricular para:<\/p>\n\n\n\n<p><strong><a href=\"https:\/\/sites.uel.br\/prograd\/wp-content\/uploads\/catalogo_cursos\/2019\/organizacao_curricular\/artes_visuais_matutino.pdf\">Licenciatura Matutino<\/a><\/strong>. <\/p>\n\n\n\n<p><strong><a href=\"https:\/\/sites.uel.br\/prograd\/wp-content\/uploads\/catalogo_cursos\/2019\/organizacao_curricular\/artes_visuais_noturno.pdf\">Licenciatura Noturno<\/a><\/strong>.<\/p>\n\n\n\n<p><strong>A partir de 2023<\/strong>, ap\u00f3s reformula\u00e7\u00e3o curricular do Projeto Pedag\u00f3gico do Curso de Artes Visuais a Matriz Curricular vigente para cada turno, passou a ser a seguinte:\u00a0<\/p>\n\n\n\n<p><strong><a href=\"https:\/\/sites.uel.br\/prograd\/wp-content\/uploads\/catalogo_cursos\/2023\/organizacao_curricular\/artes_visuais_matutino.pdf\">Licenciatura Matutino<\/a><\/strong>.<\/p>\n\n\n\n<p><strong><a href=\"https:\/\/sites.uel.br\/prograd\/wp-content\/uploads\/catalogo_cursos\/2023\/organizacao_curricular\/artes_visuais_noturno.pdf\">Licenciatura Noturno<\/a><\/strong>.<\/p>\n","protected":false},"excerpt":{"rendered":"<p>Para os estudantes que\u00a0ingressaram antes de 2023, observe a Matriz Curricular para: Licenciatura Matutino. Licenciatura Noturno. A partir de 2023, ap\u00f3s reformula\u00e7\u00e3o curricular do Projeto Pedag\u00f3gico do Curso de Artes Visuais a Matriz Curricular vigente para cada turno, passou a ser a seguinte:\u00a0 Licenciatura Matutino. Licenciatura Noturno.<\/p>\n","protected":false},"author":6,"featured_media":0,"parent":0,"menu_order":0,"comment_status":"closed","ping_status":"closed","template":"","meta":{"_acf_changed":false,"footnotes":""},"class_list":["post-33","page","type-page","status-publish","hentry"],"acf":[],"_links":{"self":[{"href":"https:\/\/graduacao.uel.br\/artes-visuais\/wp-json\/wp\/v2\/pages\/33","targetHints":{"allow":["GET"]}}],"collection":[{"href":"https:\/\/graduacao.uel.br\/artes-visuais\/wp-json\/wp\/v2\/pages"}],"about":[{"href":"https:\/\/graduacao.uel.br\/artes-visuais\/wp-json\/wp\/v2\/types\/page"}],"author":[{"embeddable":true,"href":"https:\/\/graduacao.uel.br\/artes-visuais\/wp-json\/wp\/v2\/users\/6"}],"replies":[{"embeddable":true,"href":"https:\/\/graduacao.uel.br\/artes-visuais\/wp-json\/wp\/v2\/comments?post=33"}],"version-history":[{"count":4,"href":"https:\/\/graduacao.uel.br\/artes-visuais\/wp-json\/wp\/v2\/pages\/33\/revisions"}],"predecessor-version":[{"id":70,"href":"https:\/\/graduacao.uel.br\/artes-visuais\/wp-json\/wp\/v2\/pages\/33\/revisions\/70"}],"wp:attachment":[{"href":"https:\/\/graduacao.uel.br\/artes-visuais\/wp-json\/wp\/v2\/media?parent=33"}],"curies":[{"name":"wp","href":"https:\/\/api.w.org\/{rel}","templated":true}]}}