{"id":35,"date":"2024-06-05T15:09:18","date_gmt":"2024-06-05T18:09:18","guid":{"rendered":"https:\/\/graduacao.uel.br\/artes-visuais\/?page_id=35"},"modified":"2024-06-06T14:20:15","modified_gmt":"2024-06-06T17:20:15","slug":"projeto-pedagogico-ppc","status":"publish","type":"page","link":"https:\/\/graduacao.uel.br\/artes-visuais\/projeto-pedagogico-ppc\/","title":{"rendered":"Projeto Pedag\u00f3gico (PPC)"},"content":{"rendered":"\n<p>O Departamento de Arte Visual do CECA, apresenta \u00e0 UEL o Curso de Artes Visuais com seu Projeto Pedag\u00f3gico de curso devidamente adequado \u00e0 credita\u00e7\u00e3o curricular da extens\u00e3o, desta forma se insere aos pilares da universidade contempor\u00e2nea, Ensino, Pesquisa e Extens\u00e3o de forma plena e definitiva.<\/p>\n\n\n\n<p>O novo curr\u00edculo que apresentamos, \u00e9 a representa\u00e7\u00e3o de uma constru\u00e7\u00e3o hist\u00f3rica, quando da sua g\u00eanese em 1974, \u00fanico curso de gradua\u00e7\u00e3o em artes no interior do Paran\u00e1 e, por d\u00e9cadas, t\u00ednhamos um curr\u00edculo assentado nas bases do bacharelado, modalidade polivalente (disciplinas de artes-pl\u00e1sticas, artes visuais, m\u00fasica, teatro e desenho), desta forma as disciplinas pedag\u00f3gicas eram generalistas e perif\u00e9ricas. <\/p>\n\n\n\n<p>Contudo, a partir da d\u00e9cada de 1980, com a abertura do regime de exce\u00e7\u00e3o e os debates em torno da educa\u00e7\u00e3o, o ensino da arte, atrav\u00e9s dos movimentos de arte educadores e da cria\u00e7\u00e3o das entidades de classe estaduais, se mobiliza pela renova\u00e7\u00e3o e a busca por novas metodologias de ensino. Essas a\u00e7\u00f5es promovem intensas mudan\u00e7as e adequa\u00e7\u00f5es em nosso curso, com a inser\u00e7\u00e3o em novos campos de conhecimento (fotografia, computador, v\u00eddeo, tecnologias digitais), amplia\u00e7\u00e3o de conte\u00fados (as vanguardas na arte, arte contempor\u00e2nea). <\/p>\n\n\n\n<p>E, neste s\u00e9culo XXI a virada, constitu\u00edmos um curr\u00edculo harm\u00f4nico e equilibrado em todos os seus eixos\/\u00e1reas de conhecimento: Hist\u00f3ria e Teorias da Arte, Po\u00e9ticas Visuais e Ensino e Aprendizagem da Arte.<\/p>\n\n\n\n<p>\u00c9 importante destacar que estas \u00e1reas de conhecimento em arte, para al\u00e9m dos conte\u00fados trabalhados em sala de aula, os mesmos s\u00e3o praticados em viagens acad\u00eamicas de estudo de campo para museus, centros culturais, pinacotecas, galerias e bienais distribu\u00eddas ao longo dos quatro anos e meio: primeira s\u00e9rie &#8211; S\u00e3o Paulo, segunda s\u00e9rie &#8211; Minas Gerais (Cidades Hist\u00f3ricas do Barroco Mineiro); terceira e quarta s\u00e9ries &#8211; Bienais (S\u00e3o Paulo ou Porto Alegre &#8211; Bienal do Mercosul), bem como com a galeria de arte do curso, laborat\u00f3rio para exposi\u00e7\u00e3o da produ\u00e7\u00e3o dos estudantes, dos professores, dos artistas egressos, das disciplinas em po\u00e9ticas, dos projetos de pesquisa, ensino e extens\u00e3o. <\/p>\n\n\n\n<p>Vale ressaltar o quanto tem sido recorrente, a procura dos pr\u00f3prios estudantes para ocuparem este espa\u00e7o, inclusive propondo projetos curatoriais de exposi\u00e7\u00f5es, o que aponta para uma outras dimens\u00e3o e import\u00e2ncia dos seus processos formativos que se d\u00e3o por meio dos desenhos expositivos que eles acabam por exercitar em suas curadorias.<\/p>\n\n\n\n<p>E, ainda, temos a considerar como um valor ao nosso curr\u00edculo a pot\u00eancia de nosso \u00d3rg\u00e3o Suplementar, a Divis\u00e3o de Artes Pl\u00e1sticas &#8211; DAP, que faz parte da Casa de Cultura da UEL, por ser um \u00d3rg\u00e3o Suplementar da Universidade, tem como finalidade atender a comunidade da UEL e a comunidade externa, na \u00e1rea cient\u00edfica, cultural, t\u00e9cnica, art\u00edstica e pedag\u00f3gica, bem como, suplementar as atividades acad\u00eamicas de um ou mais cursos, integrando as atividades, de ensino, pesquisa e extens\u00e3o. <\/p>\n\n\n\n<p>Neste sentido, a DAP realiza exposi\u00e7\u00f5es de Arte Contempor\u00e2nea com media\u00e7\u00f5es realizadas por nossos estudantes e publica\u00e7\u00f5es que se constituem como registro e material did\u00e1tico. Mant\u00e9m um site informativo que permite uma permanente atualiza\u00e7\u00e3o.<\/p>\n\n\n\n<p>Com o exposto, demonstramos que este curr\u00edculo \u00e9 capaz de formar o Professor, o Produtor de Arte, e o Pesquisador, ou seja, o estudante ao final de um ciclo de quatro anos e seis meses, vai saber arte, fazer arte e saber ensinar arte, e que se expande tamb\u00e9m para campos como a cr\u00edtica de arte e agente cultural.<\/p>\n\n\n\n<div class=\"wp-block-buttons is-content-justification-center is-layout-flex wp-container-core-buttons-is-layout-16018d1d wp-block-buttons-is-layout-flex\">\n<div class=\"wp-block-button\"><a class=\"wp-block-button__link has-primary-accent-background-color has-background wp-element-button\" href=\"https:\/\/sites.uel.br\/prograd\/graduacao\/projetos-pedagogicos\/projetos-pedagogicos-artes-visuais\/\">Resolu\u00e7\u00f5es e Delibera\u00e7\u00f5es<\/a><\/div>\n<\/div>\n\n\n\n<div class=\"wp-block-pb-accordion-item c-accordion__item js-accordion-item no-js\" data-initially-open=\"false\" data-click-to-close=\"true\" data-auto-close=\"true\" data-scroll=\"false\" data-scroll-offset=\"0\"><h6 id=\"at-350\" class=\"c-accordion__title js-accordion-controller\" role=\"button\">DEPARTAMENTO<\/h6><div id=\"ac-350\" class=\"c-accordion__content\">\n<p>O Departamento, subunidade dos Centros de Estudos, constitui-se na menor estrutura de organiza\u00e7\u00e3o administrativa, did\u00e1tico cient\u00edfica e de lota\u00e7\u00e3o de pessoal.<br>No Departamento s\u00e3o reunidas atividades acad\u00eamicas afins e nele est\u00e3o integrados docentes e t\u00e9cnico administrativos para objetivos comuns. (Art. 122 do Regimento Geral da UEL).<\/p>\n<\/div><\/div>\n\n\n\n<div class=\"wp-block-pb-accordion-item c-accordion__item js-accordion-item no-js\" data-initially-open=\"false\" data-click-to-close=\"true\" data-auto-close=\"true\" data-scroll=\"false\" data-scroll-offset=\"0\"><h6 id=\"at-351\" class=\"c-accordion__title js-accordion-controller\" role=\"button\">COLEGIADO<\/h6><div id=\"ac-351\" class=\"c-accordion__content\">\n<p>Os Colegiados de cursos de gradua\u00e7\u00e3o exercem a coordena\u00e7\u00e3o pedag\u00f3gica dos cursos e ser\u00e3o constitu\u00eddos por representantes docentes da \u00e1rea principal de conhecimento e da \u00e1rea b\u00e1sica e\/ou complementar de conhecimento, estudantes e servidores, na forma prevista nos \u00a72\u00ba e \u00a73\u00ba do Art. 27 do Estatuto da Universidade. (Art. alterado atrav\u00e9s da Resolu\u00e7\u00e3o CU 168\/2007).<\/p>\n<\/div><\/div>\n\n\n\n<div class=\"wp-block-pb-accordion-item c-accordion__item js-accordion-item no-js\" data-initially-open=\"false\" data-click-to-close=\"true\" data-auto-close=\"true\" data-scroll=\"false\" data-scroll-offset=\"0\"><h6 id=\"at-352\" class=\"c-accordion__title js-accordion-controller\" role=\"button\"><strong>N\u00daCLEO DOCENTE ESTRUTURANTE (NDE)<\/strong><\/h6><div id=\"ac-352\" class=\"c-accordion__content\">\n<p>O NDE institui-se como parte da estrutura de gest\u00e3o acad\u00eamica do curso com atribui\u00e7\u00f5es consultivas, propositivas e de assessoria, acerca de mat\u00e9rias de natureza acad\u00eamica e pedag\u00f3gica, sendo correspons\u00e1vel pela elabora\u00e7\u00e3o, implementa\u00e7\u00e3o e consolida\u00e7\u00e3o do Projeto Pedag\u00f3gico do Curso (PPC), al\u00e9m de zelar pelo cumprimento das Diretrizes Curriculares Nacionais (DCNs). Tem como objetivos:<\/p>\n\n\n\n<p>1 \u2013 Levantar dificuldades na atua\u00e7\u00e3o do corpo docente do Curso;<\/p>\n\n\n\n<p>2 \u2013 Auxiliar na elabora\u00e7\u00e3o e no acompanhamento do PPC;<\/p>\n\n\n\n<p>3 \u2013 Propor programas ou outras formas de capacita\u00e7\u00e3o docente;<\/p>\n\n\n\n<p>4 \u2013 Acompanhar as avalia\u00e7\u00f5es do Curso definidas pelo Colegiado;<\/p>\n\n\n\n<p>5 \u2013 Analisar e propor modifica\u00e7\u00f5es, quando necess\u00e1rias;<\/p>\n\n\n\n<p>6 \u2013 Indicar formas de incentivo ao desenvolvimento de atividades de pesquisa;<\/p>\n\n\n\n<p>7 \u2013 Contribuir para a concretiza\u00e7\u00e3o do perfil profissional;<\/p>\n\n\n\n<p>8 \u2013 Zelar pelo cumprimento das DCNs aplic\u00e1veis ao Curso de Artes Visuais.<\/p>\n<\/div><\/div>\n","protected":false},"excerpt":{"rendered":"<p>O Departamento de Arte Visual do CECA, apresenta \u00e0 UEL o Curso de Artes Visuais com seu Projeto Pedag\u00f3gico de curso devidamente adequado \u00e0 credita\u00e7\u00e3o curricular da extens\u00e3o, desta forma se insere aos pilares da universidade contempor\u00e2nea, Ensino, Pesquisa e Extens\u00e3o de forma plena e definitiva. O novo curr\u00edculo que apresentamos, \u00e9 a representa\u00e7\u00e3o de [&hellip;]<\/p>\n","protected":false},"author":6,"featured_media":0,"parent":0,"menu_order":0,"comment_status":"closed","ping_status":"closed","template":"","meta":{"_acf_changed":false,"footnotes":""},"class_list":["post-35","page","type-page","status-publish","hentry"],"acf":[],"_links":{"self":[{"href":"https:\/\/graduacao.uel.br\/artes-visuais\/wp-json\/wp\/v2\/pages\/35","targetHints":{"allow":["GET"]}}],"collection":[{"href":"https:\/\/graduacao.uel.br\/artes-visuais\/wp-json\/wp\/v2\/pages"}],"about":[{"href":"https:\/\/graduacao.uel.br\/artes-visuais\/wp-json\/wp\/v2\/types\/page"}],"author":[{"embeddable":true,"href":"https:\/\/graduacao.uel.br\/artes-visuais\/wp-json\/wp\/v2\/users\/6"}],"replies":[{"embeddable":true,"href":"https:\/\/graduacao.uel.br\/artes-visuais\/wp-json\/wp\/v2\/comments?post=35"}],"version-history":[{"count":16,"href":"https:\/\/graduacao.uel.br\/artes-visuais\/wp-json\/wp\/v2\/pages\/35\/revisions"}],"predecessor-version":[{"id":100,"href":"https:\/\/graduacao.uel.br\/artes-visuais\/wp-json\/wp\/v2\/pages\/35\/revisions\/100"}],"wp:attachment":[{"href":"https:\/\/graduacao.uel.br\/artes-visuais\/wp-json\/wp\/v2\/media?parent=35"}],"curies":[{"name":"wp","href":"https:\/\/api.w.org\/{rel}","templated":true}]}}