{"id":11,"date":"2023-11-21T16:34:59","date_gmt":"2023-11-21T19:34:59","guid":{"rendered":"https:\/\/graduacao.uel.br\/biomedicina\/?page_id=11"},"modified":"2025-01-21T11:03:25","modified_gmt":"2025-01-21T14:03:25","slug":"sobre","status":"publish","type":"page","link":"https:\/\/graduacao.uel.br\/biomedicina\/sobre\/","title":{"rendered":"O curso"},"content":{"rendered":"\n<p>O Curso de Biomedicina da UEL foi idealizado para formar profissionais com capacidade de aprendizado cont\u00ednuo. Essa caracter\u00edstica \u00e9 fundamental para que se adaptem \u00e0s constantes mudan\u00e7as na \u00e1rea e se tornem docentes e pesquisadores de excel\u00eancia, para que possam contribuir para a forma\u00e7\u00e3o de recursos humanos qualificados para os cursos das \u00e1reas de Sa\u00fade e Biol\u00f3gicas no contexto do s\u00e9culo XXI, marcado pela globaliza\u00e7\u00e3o e informatiza\u00e7\u00e3o.<\/p>\n\n\n\n<p><\/p>\n\n\n\n<p><strong>Objetivo do curso:<\/strong><\/p>\n\n\n\n<p>Formar biom\u00e9dicos generalistas, aptos para atuarem como pesquisadores e docentes de ensino superior, dotados dos conhecimentos requeridos para o exerc\u00edcio das seguintes compet\u00eancias e habilidades gerais: aten\u00e7\u00e3o \u00e0 sa\u00fade, tomada de decis\u00f5es, comunica\u00e7\u00e3o, lideran\u00e7a e educa\u00e7\u00e3o permanente.<\/p>\n\n\n\n<p><\/p>\n\n\n\n<p><strong>Corpo docente altamente qualificado:<\/strong><\/p>\n\n\n\n<p>O curso conta com o suporte de diversos departamentos do Centro de Ci\u00eancias Biol\u00f3gicas (CCB) e do Centro de Ci\u00eancias Exatas (CCE). S\u00e3o mais de 50 professores, a maioria doutores com vasta experi\u00eancia na \u00e1rea de ci\u00eancias biom\u00e9dicas e da sa\u00fade.<\/p>\n\n\n\n<p><\/p>\n\n\n\n<p><strong>Compromisso com a forma\u00e7\u00e3o de profissionais de alto n\u00edvel:<\/strong><\/p>\n\n\n\n<p>O corpo docente do curso de Biomedicina da UEL est\u00e1 profundamente comprometido com a gradua\u00e7\u00e3o e com a p\u00f3s-gradua\u00e7\u00e3o (<em>Lato sensu<\/em> e <em>Stricto sensu<\/em>), tanto no CCB quanto em outros centros de estudos da UEL.<\/p>\n\n\n\n<p><\/p>\n\n\n\n<p><strong>Diferenciais do curso:<\/strong><\/p>\n\n\n\n<ul class=\"wp-block-list\">\n<li>Corpo docente altamente qualificado e experiente<\/li>\n\n\n\n<li>Abordagem interdisciplinar e atualizada<\/li>\n\n\n\n<li>Infraestrutura moderna e completa<\/li>\n\n\n\n<li>\u00canfase na pesquisa e na inova\u00e7\u00e3o<\/li>\n\n\n\n<li>Ampla inser\u00e7\u00e3o no mercado de trabalho<\/li>\n<\/ul>\n\n\n\n<p><\/p>\n\n\n\n<p><strong>Forma\u00e7\u00e3o Pr\u00e1tica:<\/strong><\/p>\n\n\n\n<p>Visando \u00e0 forma\u00e7\u00e3o profissional do estudante, o curso tem em sua matriz mais de 1000 horas de Est\u00e1gio Curricular em in\u00fameras \u00e1reas para obten\u00e7\u00e3o de habilita\u00e7\u00f5es, que s\u00e3o outorgadas pelo Conselho <a href=\"https:\/\/crbm6.gov.br\/\" target=\"_blank\" rel=\"noreferrer noopener\">Regional <\/a>e <a href=\"https:\/\/cfbm.gov.br\/\" target=\"_blank\" rel=\"noreferrer noopener\">Federal <\/a>de Biomedicina.<\/p>\n\n\n\n<p><\/p>\n\n\n\n<p><strong>Interc\u00e2mbio:<\/strong><\/p>\n\n\n\n<p>A partir de 2012, com o in\u00edcio da participa\u00e7\u00e3o dos estudantes do curso de Biomedicina da UEL no programa de interc\u00e2mbio Ci\u00eancias sem Fronteiras, 11 estudantes (com m\u00e9dia geral entre 7,603 e 8,933) foram para o exterior (Canad\u00e1, Estados Unidos, Portugal e Irlanda) e l\u00e1 obtiveram GPA entre 3,56 e 3,76, esses estudantes apresentaram aproveitamento entre 87-93%. Esse conjunto de dados indicam que a forma\u00e7\u00e3o oportunizada aos estudantes est\u00e1 permitindo bom desempenho tanto no Brasil quanto no exterior. <\/p>\n\n\n\n<p><\/p>\n\n\n\n<p><strong>Ao escolher o curso de Biomedicina da UEL, voc\u00ea estar\u00e1 investindo em uma forma\u00e7\u00e3o de excel\u00eancia que te preparar\u00e1 para os desafios do futuro.<\/strong><\/p>\n\n\n\n<p><strong>Conhe\u00e7a um pouco mais sobre  o Curso de Biomedicina da UEL:<\/strong><\/p>\n\n\n\n<div class=\"wp-block-columns is-layout-flex wp-container-core-columns-is-layout-9d6595d7 wp-block-columns-is-layout-flex\">\n<div class=\"wp-block-column is-layout-flow wp-block-column-is-layout-flow\" style=\"flex-basis:66.66%\">\n<figure class=\"wp-block-embed is-type-video is-provider-youtube wp-block-embed-youtube wp-embed-aspect-16-9 wp-has-aspect-ratio\"><div class=\"wp-block-embed__wrapper\">\n<iframe loading=\"lazy\" title=\"Biomedicina - Cursos De A a Z\" width=\"640\" height=\"360\" src=\"https:\/\/www.youtube.com\/embed\/9oCSZZcQ2W8?list=PLViP9rEFf1TMNC7bufHvtjh2ljFXM1hgz\" frameborder=\"0\" allow=\"accelerometer; autoplay; clipboard-write; encrypted-media; gyroscope; picture-in-picture; web-share\" referrerpolicy=\"strict-origin-when-cross-origin\" allowfullscreen><\/iframe>\n<\/div><\/figure>\n<\/div>\n\n\n\n<div class=\"wp-block-column is-layout-flow wp-block-column-is-layout-flow\" style=\"flex-basis:33.33%\">\n<p><strong>Avalia\u00e7\u00e3o do Curso:<\/strong><\/p>\n\n\n\n<p>O Curso de Biomedicina da UEL \u00e9 periodicamente avaliado por diferentes indicadores, com resultados excelentes:<\/p>\n\n\n\n<ul class=\"wp-block-list\">\n<li>ENADE (2013, 2016, 2019, 2023): Conceito 4<\/li>\n\n\n\n<li>CEA\/CES\/SETI-CEE\/PR (2014): Conceito 4,04<\/li>\n\n\n\n<li>MEC (2014): \u00cdndice 4<\/li>\n\n\n\n<li>Ranking das Universidades (RUF-2014 e 2015): 4\u00ba e 10\u00ba melhor curso de Biomedicina do Brasil, respectivamente<\/li>\n\n\n\n<li>Guia do Estudante (desde 2015): 4 estrelas<\/li>\n<\/ul>\n\n\n\n<p><\/p>\n<\/div>\n<\/div>\n","protected":false},"excerpt":{"rendered":"<p>O Curso de Biomedicina da UEL foi idealizado para formar profissionais com capacidade de aprendizado cont\u00ednuo. Essa caracter\u00edstica \u00e9 fundamental para que se adaptem \u00e0s constantes mudan\u00e7as na \u00e1rea e se tornem docentes e pesquisadores de excel\u00eancia, para que possam contribuir para a forma\u00e7\u00e3o de recursos humanos qualificados para os cursos das \u00e1reas de Sa\u00fade [&hellip;]<\/p>\n","protected":false},"author":8,"featured_media":0,"parent":0,"menu_order":0,"comment_status":"closed","ping_status":"closed","template":"","meta":{"_acf_changed":false,"footnotes":""},"class_list":["post-11","page","type-page","status-publish","hentry"],"acf":[],"_links":{"self":[{"href":"https:\/\/graduacao.uel.br\/biomedicina\/wp-json\/wp\/v2\/pages\/11","targetHints":{"allow":["GET"]}}],"collection":[{"href":"https:\/\/graduacao.uel.br\/biomedicina\/wp-json\/wp\/v2\/pages"}],"about":[{"href":"https:\/\/graduacao.uel.br\/biomedicina\/wp-json\/wp\/v2\/types\/page"}],"author":[{"embeddable":true,"href":"https:\/\/graduacao.uel.br\/biomedicina\/wp-json\/wp\/v2\/users\/8"}],"replies":[{"embeddable":true,"href":"https:\/\/graduacao.uel.br\/biomedicina\/wp-json\/wp\/v2\/comments?post=11"}],"version-history":[{"count":33,"href":"https:\/\/graduacao.uel.br\/biomedicina\/wp-json\/wp\/v2\/pages\/11\/revisions"}],"predecessor-version":[{"id":997,"href":"https:\/\/graduacao.uel.br\/biomedicina\/wp-json\/wp\/v2\/pages\/11\/revisions\/997"}],"wp:attachment":[{"href":"https:\/\/graduacao.uel.br\/biomedicina\/wp-json\/wp\/v2\/media?parent=11"}],"curies":[{"name":"wp","href":"https:\/\/api.w.org\/{rel}","templated":true}]}}