{"id":272,"date":"2024-02-01T15:16:40","date_gmt":"2024-02-01T18:16:40","guid":{"rendered":"https:\/\/graduacao.uel.br\/biomedicina\/?page_id=272"},"modified":"2024-03-20T09:33:33","modified_gmt":"2024-03-20T12:33:33","slug":"contatos","status":"publish","type":"page","link":"https:\/\/graduacao.uel.br\/biomedicina\/contatos\/","title":{"rendered":"Contatos"},"content":{"rendered":"\n<p><em>Gest\u00e3o 2024-2026<\/em><\/p>\n\n\n\n<p><strong>Coordenador do Colegiado<\/strong><br>F\u00e1bio Goulart de Andrade<br><a href=\"mailto:andrade@uel.br\">andrade@uel.br<\/a><\/p>\n\n\n\n<p><strong>Coordenadora de Est\u00e1gio<\/strong><br>Priscilla Cassolla<br><a href=\"mailto:pricassolla@uel.br\">pricassolla@uel.br<\/a><\/p>\n\n\n\n<p><strong>Coordenadora de Trabalho de Conclus\u00e3o de Curso (TCC<\/strong>)<br>Gislaine Garcia Pelosi Gomes<br><a href=\"mailto:gislaine@uel.br\">gislaine@uel.br<\/a><\/p>\n\n\n\n<p><strong>Coordenador das Atividades Acad\u00eamicas de Extens\u00e3o (AEX<\/strong>)<br>S\u00e9rgio Paulo Dejato da Rocha<br><a href=\"mailto:rochaspd@uel.br\">rochaspd@uel.br<\/a><\/p>\n\n\n\n<p><strong>Coordenadora do N\u00facleo Docente Estruturante (NDE)<\/strong><br>Karen Braj\u00e3o de Oliveira<br><a href=\"mailto:karen.brajao@uel.br\">karen.brajao@uel.br<\/a><\/p>\n","protected":false},"excerpt":{"rendered":"<p>Gest\u00e3o 2024-2026 Coordenador do ColegiadoF\u00e1bio Goulart de Andradeandrade@uel.br Coordenadora de Est\u00e1gioPriscilla Cassollapricassolla@uel.br Coordenadora de Trabalho de Conclus\u00e3o de Curso (TCC)Gislaine Garcia Pelosi Gomesgislaine@uel.br Coordenador das Atividades Acad\u00eamicas de Extens\u00e3o (AEX)S\u00e9rgio Paulo Dejato da Rocharochaspd@uel.br Coordenadora do N\u00facleo Docente Estruturante (NDE)Karen Braj\u00e3o de Oliveirakaren.brajao@uel.br<\/p>\n","protected":false},"author":6,"featured_media":0,"parent":0,"menu_order":0,"comment_status":"closed","ping_status":"closed","template":"","meta":{"_acf_changed":false,"footnotes":""},"class_list":["post-272","page","type-page","status-publish","hentry"],"acf":[],"_links":{"self":[{"href":"https:\/\/graduacao.uel.br\/biomedicina\/wp-json\/wp\/v2\/pages\/272","targetHints":{"allow":["GET"]}}],"collection":[{"href":"https:\/\/graduacao.uel.br\/biomedicina\/wp-json\/wp\/v2\/pages"}],"about":[{"href":"https:\/\/graduacao.uel.br\/biomedicina\/wp-json\/wp\/v2\/types\/page"}],"author":[{"embeddable":true,"href":"https:\/\/graduacao.uel.br\/biomedicina\/wp-json\/wp\/v2\/users\/6"}],"replies":[{"embeddable":true,"href":"https:\/\/graduacao.uel.br\/biomedicina\/wp-json\/wp\/v2\/comments?post=272"}],"version-history":[{"count":8,"href":"https:\/\/graduacao.uel.br\/biomedicina\/wp-json\/wp\/v2\/pages\/272\/revisions"}],"predecessor-version":[{"id":661,"href":"https:\/\/graduacao.uel.br\/biomedicina\/wp-json\/wp\/v2\/pages\/272\/revisions\/661"}],"wp:attachment":[{"href":"https:\/\/graduacao.uel.br\/biomedicina\/wp-json\/wp\/v2\/media?parent=272"}],"curies":[{"name":"wp","href":"https:\/\/api.w.org\/{rel}","templated":true}]}}