{"id":309,"date":"2024-02-01T16:49:56","date_gmt":"2024-02-01T19:49:56","guid":{"rendered":"https:\/\/graduacao.uel.br\/biomedicina\/?page_id=309"},"modified":"2025-11-25T21:53:24","modified_gmt":"2025-11-26T00:53:24","slug":"eventos","status":"publish","type":"page","link":"https:\/\/graduacao.uel.br\/biomedicina\/eventos\/","title":{"rendered":"Eventos"},"content":{"rendered":"\n<div class=\"wp-block-pb-accordion-item c-accordion__item js-accordion-item no-js is-open\" data-initially-open=\"true\" data-click-to-close=\"false\" data-auto-close=\"false\" data-scroll=\"false\" data-scroll-offset=\"0\"><h3 id=\"at-3090\" class=\"c-accordion__title js-accordion-controller\" role=\"button\"><strong>2025<\/strong><\/h3><div id=\"ac-3090\" class=\"c-accordion__content\">\n<p class=\"has-medium-font-size\"><strong>Comemora\u00e7\u00e3o dos 25 anos do curso de Biomedicina da UEL<\/strong><\/p>\n\n\n\n<ul class=\"wp-block-list\">\n<li><a href=\"https:\/\/photos.app.goo.gl\/QhR252jLGf6Vbv83A\" target=\"_blank\" rel=\"noreferrer noopener\"><strong>Fotos da Cerim\u00f4nia e V\u00eddeo Comemorativo<\/strong><\/a><\/li>\n<\/ul>\n\n\n\n<ul class=\"wp-block-list\">\n<li><a href=\"https:\/\/photos.app.goo.gl\/KwsrYxEpXajBKn6W6\" data-type=\"link\" data-id=\"https:\/\/photos.app.goo.gl\/KwsrYxEpXajBKn6W6\" target=\"_blank\" rel=\"noreferrer noopener\"><strong>Arquivo de fotos da Profa. Tha\u00efs Zaia<\/strong><\/a><\/li>\n<\/ul>\n\n\n\n<hr class=\"wp-block-separator has-alpha-channel-opacity is-style-wide\" \/>\n\n\n\n<p class=\"has-medium-font-size\"><strong><a href=\"https:\/\/sites.uel.br\/cpcb\/\" target=\"_blank\" rel=\"noreferrer noopener\">Congresso Paranaense de Ci\u00eancias Biom\u00e9dicas<\/a><\/strong><\/p>\n\n\n\n<hr class=\"wp-block-separator has-alpha-channel-opacity is-style-wide\" \/>\n<\/div><\/div>\n\n\n\n<div class=\"wp-block-columns is-layout-flex wp-container-core-columns-is-layout-9d6595d7 wp-block-columns-is-layout-flex\">\n<div class=\"wp-block-column is-layout-flow wp-block-column-is-layout-flow\"><\/div>\n<\/div>\n\n\n\n<p class=\"has-text-align-left has-primary-accent-color has-text-color has-link-color has-medium-font-size wp-elements-3a08c1cd50e54ec3cc21c4e9f43373c4\"><strong>Eventos Diversos na UEL<\/strong><\/p>\n\n\n\n                <div class=\"feed-noticias-perobal alm-listing alm-ajax alm-has-transition\" id=\"feed-noticias-perobal-evento\"><a class=\"noticia-feed d-flex flex-column flex-md-row align-items-start\" href=\"https:\/\/operobal.uel.br\/clch\/2026\/04\/09\/escrita-criativa-e-tema-de-encontro-com-oficinas-e-palestras\/\">\n                                                    <img decoding=\"async\" class=\"lazy entered loaded\" src=\"https:\/\/operobal.uel.br\/wp-content\/uploads\/2026\/04\/fotografierende-write-4491459-scaled.jpg\"\/>    \n                                                    <article class=\"ml-0 ml-md-4 corpo-noticia-feed\">\n                                                        <p class=\"antetitulo mb-0\">Literatura<\/p>\n                                                        <p class=\"titulo mb-2\">Escrita Criativa \u00e9 tema de encontro com oficinas e palestras<\/p>\n                                                        <p class=\"descricao\">Comunidade interna e externa poder\u00e1 participar de palestras, bate-papos e oficinas com convidados sobre temas diversos.\n<\/p>\n                                                    <\/article>\n                                                <\/a><hr class=\"mt-4 mb-4 d-none d-md-block\"><a class=\"noticia-feed d-flex flex-column flex-md-row align-items-start\" href=\"https:\/\/operobal.uel.br\/ultimas\/2026\/04\/08\/evento-analisa-ligacoes-entre-meio-ambiente-e-tecnologia\/\">\n                                                    <img decoding=\"async\" class=\"lazy entered loaded\" src=\"https:\/\/operobal.uel.br\/wp-content\/uploads\/2026\/04\/brianpenny-ai-generated-8540921_1280.jpg\"\/>    \n                                                    <article class=\"ml-0 ml-md-4 corpo-noticia-feed\">\n                                                        <p class=\"antetitulo mb-0\">Direito Ambiental<\/p>\n                                                        <p class=\"titulo mb-2\">Evento analisa liga\u00e7\u00f5es entre meio ambiente e tecnologia<\/p>\n                                                        <p class=\"descricao\">Encontro on-line vai discutir temas como big techs, intelig\u00eancia artificial e meio ambiente digital.<\/p>\n                                                    <\/article>\n                                                <\/a><hr class=\"mt-4 mb-4 d-none d-md-block\"><a class=\"noticia-feed d-flex flex-column flex-md-row align-items-start\" href=\"https:\/\/operobal.uel.br\/cesa\/2026\/03\/24\/unati-abre-programacao-de-2026-com-palestra-sobre-saude-para-idosos\/\">\n                                                    <img decoding=\"async\" class=\"lazy entered loaded\" src=\"https:\/\/operobal.uel.br\/wp-content\/uploads\/2021\/08\/unati-uel-4.jpg\"\/>    \n                                                    <article class=\"ml-0 ml-md-4 corpo-noticia-feed\">\n                                                        <p class=\"antetitulo mb-0\">Terceira Idade<\/p>\n                                                        <p class=\"titulo mb-2\">Unati abre programa\u00e7\u00e3o de 2026 com palestra sobre sa\u00fade para idosos<\/p>\n                                                        <p class=\"descricao\">Evento gratuito marca in\u00edcio das atividades com palestras e homenagens a pessoas de refer\u00eancia na \u00e1rea do envelhecimento saud\u00e1vel.<\/p>\n                                                    <\/article>\n                                                <\/a><hr class=\"mt-4 mb-4 d-none d-md-block\"><a class=\"noticia-feed d-flex flex-column flex-md-row align-items-start\" href=\"https:\/\/operobal.uel.br\/ctu\/2026\/03\/23\/seminario-de-historia-da-cidade-e-urbanismo-esta-com-inscricoes-abertas-para-submissao-de-trabalhos\/\">\n                                                    <img decoding=\"async\" class=\"lazy entered loaded\" src=\"https:\/\/operobal.uel.br\/wp-content\/uploads\/2026\/03\/Seminario-de-Historia-da-Cidade-e-do-Urbanismo-SHCU.jpg\"\/>    \n                                                    <article class=\"ml-0 ml-md-4 corpo-noticia-feed\">\n                                                        <p class=\"antetitulo mb-0\">Semin\u00e1rio<\/p>\n                                                        <p class=\"titulo mb-2\">Semin\u00e1rio de Hist\u00f3ria da Cidade e Urbanismo est\u00e1 com inscri\u00e7\u00f5es abertas para submiss\u00e3o de trabalhos<\/p>\n                                                        <p class=\"descricao\">O evento \u00e9 uma parceria do Programa de P\u00f3s-Gradua\u00e7\u00e3o em Arquitetura e Urbanismo (PPU-UEM\/UEL)\n<\/p>\n                                                    <\/article>\n                                                <\/a><hr class=\"mt-4 mb-4 d-none d-md-block\"><a class=\"noticia-feed d-flex flex-column flex-md-row align-items-start\" href=\"https:\/\/operobal.uel.br\/clch\/2026\/03\/23\/arquivo-publico-do-parana-realiza-etapa-paranaense-da-conferencia-nacional-de-arquivos\/\">\n                                                    <img decoding=\"async\" class=\"lazy entered loaded\" src=\"https:\/\/operobal.uel.br\/wp-content\/uploads\/2026\/03\/materia-1-180-anos-jpg.jpg\"\/>    \n                                                    <article class=\"ml-0 ml-md-4 corpo-noticia-feed\">\n                                                        <p class=\"antetitulo mb-0\">ESTADUAL<\/p>\n                                                        <p class=\"titulo mb-2\">Arquivo P\u00fablico do Paran\u00e1 realiza etapa paranaense da Confer\u00eancia Nacional de Arquivos\u00a0<\/p>\n                                                        <p class=\"descricao\">Evento com participa\u00e7\u00e3o do NDPH\/UEL representa retomada sobre a discuss\u00e3o de pol\u00edticas p\u00fablicas arquiv\u00edsticas no Brasil.<\/p>\n                                                    <\/article>\n                                                <\/a><\/div><button id=\"feed-noticias-perobal-load-moreevento\" type=\"button\" class=\"feed-noticias-button\" data-endpoint=\"https:\/\/operobal.uel.br\/wp-json\/wp-perobal\/v1\/posts\/tags\/evento?numberposts=50\" data-ppp=\"5\" data-pages=\"5\">Leia mais<\/button>","protected":false},"excerpt":{"rendered":"<p>Eventos Diversos na UEL<\/p>\n","protected":false},"author":6,"featured_media":0,"parent":0,"menu_order":0,"comment_status":"closed","ping_status":"closed","template":"","meta":{"_acf_changed":false,"footnotes":""},"class_list":["post-309","page","type-page","status-publish","hentry"],"acf":[],"_links":{"self":[{"href":"https:\/\/graduacao.uel.br\/biomedicina\/wp-json\/wp\/v2\/pages\/309","targetHints":{"allow":["GET"]}}],"collection":[{"href":"https:\/\/graduacao.uel.br\/biomedicina\/wp-json\/wp\/v2\/pages"}],"about":[{"href":"https:\/\/graduacao.uel.br\/biomedicina\/wp-json\/wp\/v2\/types\/page"}],"author":[{"embeddable":true,"href":"https:\/\/graduacao.uel.br\/biomedicina\/wp-json\/wp\/v2\/users\/6"}],"replies":[{"embeddable":true,"href":"https:\/\/graduacao.uel.br\/biomedicina\/wp-json\/wp\/v2\/comments?post=309"}],"version-history":[{"count":48,"href":"https:\/\/graduacao.uel.br\/biomedicina\/wp-json\/wp\/v2\/pages\/309\/revisions"}],"predecessor-version":[{"id":1060,"href":"https:\/\/graduacao.uel.br\/biomedicina\/wp-json\/wp\/v2\/pages\/309\/revisions\/1060"}],"wp:attachment":[{"href":"https:\/\/graduacao.uel.br\/biomedicina\/wp-json\/wp\/v2\/media?parent=309"}],"curies":[{"name":"wp","href":"https:\/\/api.w.org\/{rel}","templated":true}]}}