{"id":527,"date":"2024-02-22T16:03:48","date_gmt":"2024-02-22T19:03:48","guid":{"rendered":"https:\/\/graduacao.uel.br\/biomedicina\/?page_id=527"},"modified":"2024-05-27T14:36:33","modified_gmt":"2024-05-27T17:36:33","slug":"aac","status":"publish","type":"page","link":"https:\/\/graduacao.uel.br\/biomedicina\/aac\/","title":{"rendered":"AAC"},"content":{"rendered":"\n<h2 class=\"wp-block-heading\"><strong>Atividade Acad\u00eamica Complementar<\/strong><\/h2>\n\n\n\n<hr class=\"wp-block-separator has-alpha-channel-opacity\" \/>\n\n\n\n<h3 class=\"wp-block-heading is-style-highlighted-heading\">Curr\u00edculo \u2013 PPC\/2023<\/h3>\n\n\n\n<p>De acordo com o Projeto Pedag\u00f3gico do Curso de Biomedicina (<a href=\"http:\/\/www.uel.br\/prograd\/documentos\/resolucoes\/2022\/resolucao_49_22.pdf\" target=\"_blank\" rel=\"noreferrer noopener\">Resolu\u00e7\u00e3o CEPE\/CA 049\/2022<\/a>), o estudante dever\u00e1 cumprir&nbsp;<strong>85 horas<\/strong> de Atividade Acad\u00eamica Complementar (AAC) ao longo da gradua\u00e7\u00e3o.<\/p>\n\n\n\n<p>Conforme Reuni\u00e3o Ordin\u00e1ria do Colegiado de Biomedicina realizada em 02\/02\/2024, n\u00e3o haver\u00e1 fragmenta\u00e7\u00e3o de carga hor\u00e1ria das atividades consideradas para AAC no Projeto Pedag\u00f3gico do Curso. No entanto, projetos e programas de extens\u00e3o, internos ou externos \u00e0 UEL, n\u00e3o ser\u00e3o considerados AAC.<\/p>\n\n\n\n<p><strong>PARA APROVEITAMENTO DE AAC<\/strong>, \u00e9 necess\u00e1rio preencher os requerimentos no <a href=\"https:\/\/sistemas.uel.br\/portaldoestudante\/index\">Portal do Estudante<\/a>.<\/p>\n\n\n\n<hr class=\"wp-block-separator has-alpha-channel-opacity\" \/>\n\n\n\n<h3 class=\"wp-block-heading is-style-highlighted-heading\">Curr\u00edculo \u2013 PPC\/2017<\/h3>\n\n\n\n<p>De acordo com o Projeto Pedag\u00f3gico do Curso de Biomedicina (<a href=\"https:\/\/sites.uel.br\/prograd\/wp-content\/uploads\/documentos\/resolucoes\/2016\/resolucao_54_16.pdf\">Resolu\u00e7\u00e3o CEPE\/CA n\u00ba 54\/2016<\/a>), o estudante dever\u00e1 cumprir&nbsp;<strong>200 horas<\/strong> de Atividade Acad\u00eamica Complementar (AAC) ao longo da gradua\u00e7\u00e3o.<\/p>\n\n\n\n<p>Conforme Reuni\u00e3o Ordin\u00e1ria do Colegiado de Biomedicina realizada em 10\/04\/2015, ser\u00e3o consideradas as seguintes cargas hor\u00e1rias m\u00e1ximas designadas como AAC:<\/p>\n\n\n\n<ul class=\"wp-block-list\">\n<li>Projetos de pesquisa: at\u00e9 100 horas;<\/li>\n\n\n\n<li>Projetos de ensino: at\u00e9 50 horas;<\/li>\n\n\n\n<li>Projetos de extens\u00e3o: at\u00e9 50 horas;<\/li>\n\n\n\n<li>Monitoria acad\u00eamica: 100 horas;<\/li>\n\n\n\n<li>Comiss\u00e3o organizadora do Congresso Paranaense de Ci\u00eancias Biom\u00e9dicas (CPCB): 50 horas por evento (conforme Reuni\u00e3o de Colegiado de 20\/10\/2017);<\/li>\n\n\n\n<li>Disciplinas de Atualidades: 30 horas por participa\u00e7\u00e3o (conforme Reuni\u00e3o de Colegiado de 13\/05\/2016);<\/li>\n\n\n\n<li>Mes\u00e1rio em elei\u00e7\u00f5es municipais, estaduais e federais: ser\u00e3o computadas 2 horas, limitado a um \u00fanico pedido de uma \u00fanica elei\u00e7\u00e3o e turno (conforme Reuni\u00e3o de Colegiado de 05\/05\/2021);<\/li>\n\n\n\n<li> Outros: carga hor\u00e1ria definida pelo certificado (do evento, minicurso ou curso de extens\u00e3o).<\/li>\n<\/ul>\n\n\n\n<p><strong>PARA APROVEITAMENTO DE AAC<\/strong>, \u00e9 necess\u00e1rio preencher os requerimentos no <a href=\"https:\/\/sistemas.uel.br\/portaldoestudante\/index\">Portal do Estudante<\/a>.<\/p>\n","protected":false},"excerpt":{"rendered":"<p>Atividade Acad\u00eamica Complementar Curr\u00edculo \u2013 PPC\/2023 De acordo com o Projeto Pedag\u00f3gico do Curso de Biomedicina (Resolu\u00e7\u00e3o CEPE\/CA 049\/2022), o estudante dever\u00e1 cumprir&nbsp;85 horas de Atividade Acad\u00eamica Complementar (AAC) ao longo da gradua\u00e7\u00e3o. Conforme Reuni\u00e3o Ordin\u00e1ria do Colegiado de Biomedicina realizada em 02\/02\/2024, n\u00e3o haver\u00e1 fragmenta\u00e7\u00e3o de carga hor\u00e1ria das atividades consideradas para AAC no [&hellip;]<\/p>\n","protected":false},"author":6,"featured_media":0,"parent":0,"menu_order":0,"comment_status":"closed","ping_status":"closed","template":"","meta":{"_acf_changed":false,"footnotes":""},"class_list":["post-527","page","type-page","status-publish","hentry"],"acf":[],"_links":{"self":[{"href":"https:\/\/graduacao.uel.br\/biomedicina\/wp-json\/wp\/v2\/pages\/527","targetHints":{"allow":["GET"]}}],"collection":[{"href":"https:\/\/graduacao.uel.br\/biomedicina\/wp-json\/wp\/v2\/pages"}],"about":[{"href":"https:\/\/graduacao.uel.br\/biomedicina\/wp-json\/wp\/v2\/types\/page"}],"author":[{"embeddable":true,"href":"https:\/\/graduacao.uel.br\/biomedicina\/wp-json\/wp\/v2\/users\/6"}],"replies":[{"embeddable":true,"href":"https:\/\/graduacao.uel.br\/biomedicina\/wp-json\/wp\/v2\/comments?post=527"}],"version-history":[{"count":13,"href":"https:\/\/graduacao.uel.br\/biomedicina\/wp-json\/wp\/v2\/pages\/527\/revisions"}],"predecessor-version":[{"id":833,"href":"https:\/\/graduacao.uel.br\/biomedicina\/wp-json\/wp\/v2\/pages\/527\/revisions\/833"}],"wp:attachment":[{"href":"https:\/\/graduacao.uel.br\/biomedicina\/wp-json\/wp\/v2\/media?parent=527"}],"curies":[{"name":"wp","href":"https:\/\/api.w.org\/{rel}","templated":true}]}}