{"id":82,"date":"2023-11-21T17:46:24","date_gmt":"2023-11-21T20:46:24","guid":{"rendered":"https:\/\/graduacao.uel.br\/biomedicina\/?page_id=82"},"modified":"2025-12-16T14:41:30","modified_gmt":"2025-12-16T17:41:30","slug":"ppc","status":"publish","type":"page","link":"https:\/\/graduacao.uel.br\/biomedicina\/ppc\/","title":{"rendered":"Projeto Pedag\u00f3gico do Curso"},"content":{"rendered":"\n<p><\/p>\n\n\n\n<h5 class=\"wp-block-heading\">Hist\u00f3rico do Curso<\/h5>\n\n\n\n<p>O Curso de Biomedicina da UEL foi concebido como uma resposta estrat\u00e9gica \u00e0 crescente demanda nacional pela forma\u00e7\u00e3o de cientistas qualificados nas \u00e1reas biom\u00e9dica e da sa\u00fade. O curr\u00edculo foi cuidadosamente elaborado com o objetivo de preparar os estudantes para programas de p\u00f3s-gradua\u00e7\u00e3o de qualidade. A proposta visa formar profissionais especializados, capazes de acompanhar a r\u00e1pida expans\u00e3o do conhecimento da Biologia Moderna \u2014 incluindo avan\u00e7os como terapia g\u00eanica e engenharia gen\u00e9tica \u2014 e de aplicar esse conhecimento na \u00e1rea m\u00e9dica, com foco principal na doc\u00eancia e na pesquisa.<\/p>\n\n\n\n<p>O projeto do curso foi conduzido por um grupo dedicado de docentes de diversos departamentos, que trabalhou para transformar essa vis\u00e3o em realidade. A comiss\u00e3o foi composta por:<\/p>\n\n\n\n<ul class=\"wp-block-list\">\n<li>Profa. MSc. Maria Claudia Noronha Outra de Menezes (Presidente)<\/li>\n\n\n\n<li>Prof. Dr. Jos\u00e9 V\u00edtor Jankevicius (Departamento de Microbiologia)<\/li>\n\n\n\n<li>Profa. Dra. C\u00e1ssia Tha\u00efs Bussamra Vieira Zaia (Departamento de Ci\u00eancias Fisiol\u00f3gicas)<\/li>\n\n\n\n<li>Profa. Dra. Maria Ang\u00e9lica Ehara Watanabe (Departamento de Ci\u00eancias Patol\u00f3gicas)<\/li>\n\n\n\n<li>Profa. Dra. Ana Maria Lopes Ferreira (Departamento de Histologia)<\/li>\n\n\n\n<li>Prof. MSc. Marcelo de Carvalho (Departamento de Biologia Geral)<\/li>\n\n\n\n<li>Profa. Dra. Claudete Faiad Name (Departamento de Ci\u00eancias Fisiol\u00f3gicas)<\/li>\n\n\n\n<li>Profa. Dra. Dileimar Machado Nallin Galegos (Departamento de Biologia Animal e Vegetal)<\/li>\n<\/ul>\n\n\n\n<p>O trabalho da comiss\u00e3o culminou na aprova\u00e7\u00e3o do curso em 23 de junho de 1999, pelo Conselho de Centro de Ci\u00eancias Biol\u00f3gicas (CCB), sob a dire\u00e7\u00e3o do Prof. Dr. Luiz Carlos Bruschi.<\/p>\n\n\n\n<h5 class=\"wp-block-heading\">O Projeto Pedag\u00f3gico do Curso (PPC)<\/h5>\n\n\n\n<p>Com o curso implantado no ano 2000, o Projeto Pedag\u00f3gico (PPC) passou, desde ent\u00e3o, por diversas adequa\u00e7\u00f5es e reformula\u00e7\u00f5es, visando sua constante atualiza\u00e7\u00e3o e aprimoramento. <\/p>\n\n\n\n<p>As Resolu\u00e7\u00f5es que detalham o hist\u00f3rico dos Projetos Pedag\u00f3gicos do Curso de Biomedicina da UEL podem ser acessadas no link: <mark class=\"has-inline-color has-primary-accent-color\"><strong><a href=\"https:\/\/sites.uel.br\/prograd\/graduacao\/projetos-pedagogicos\/projetos-pedagogicos-biomedicina\/\" target=\"_blank\" rel=\"noreferrer noopener\">Projetos Pedag\u00f3gicos &#8211; Biomedicina<\/a><\/strong><\/mark><\/p>\n\n\n\n<div class=\"wp-block-columns is-layout-flex wp-container-core-columns-is-layout-9d6595d7 wp-block-columns-is-layout-flex\">\n<div class=\"wp-block-column is-layout-flow wp-block-column-is-layout-flow\">\n<div class=\"wp-block-buttons is-content-justification-center is-layout-flex wp-container-core-buttons-is-layout-16018d1d wp-block-buttons-is-layout-flex\">\n<div class=\"wp-block-button\"><a class=\"wp-block-button__link has-primary-accent-background-color has-background has-text-align-center wp-element-button\" href=\"https:\/\/sites.uel.br\/prograd\/graduacao\/projetos-pedagogicos\/projetos-pedagogicos-biomedicina\/\">Resolu\u00e7\u00f5es e Delibera\u00e7\u00f5es<\/a><\/div>\n<\/div>\n<\/div>\n<\/div>\n\n\n\n<div class=\"wp-block-pb-accordion-item c-accordion__item js-accordion-item no-js\" data-initially-open=\"false\" data-click-to-close=\"true\" data-auto-close=\"true\" data-scroll=\"false\" data-scroll-offset=\"0\"><h5 id=\"at-820\" class=\"c-accordion__title js-accordion-controller\" role=\"button\">Departamentos<\/h5><div id=\"ac-820\" class=\"c-accordion__content\">\n<p>Conforme o Art. 122 do Regimento Geral da UEL, o Departamento \u00e9 a subunidade dos Centros de Estudos, constituindo-se na menor estrutura de organiza\u00e7\u00e3o administrativa, did\u00e1tico-cient\u00edfica e de lota\u00e7\u00e3o de pessoal. Sua finalidade \u00e9 reunir atividades acad\u00eamicas afins, integrando docentes e servidores t\u00e9cnico-administrativos para a consecu\u00e7\u00e3o de objetivos comuns.<\/p>\n\n\n\n<p>No \u00e2mbito do Projeto Pedag\u00f3gico do Curso de Biomedicina, os seguintes Departamentos est\u00e3o diretamente envolvidos na oferta de componentes curriculares:<\/p>\n\n\n\n<ul class=\"wp-block-list\">\n<li>Anatomia<\/li>\n\n\n\n<li>Ci\u00eancias Fisiol\u00f3gicas<\/li>\n\n\n\n<li>Imunologia, Parasitologia e Patologia Geral<\/li>\n\n\n\n<li>Histologia<\/li>\n\n\n\n<li>Microbiologia<\/li>\n\n\n\n<li>Biologia Geral<\/li>\n\n\n\n<li>Biologia Animal e Vegetal<\/li>\n\n\n\n<li>Psicologia Social e Institucional<\/li>\n\n\n\n<li>Bioqu\u00edmica e Biotecnologia<\/li>\n\n\n\n<li>Estat\u00edstica<\/li>\n\n\n\n<li>Qu\u00edmica<\/li>\n<\/ul>\n\n\n\n<p><\/p>\n<\/div><\/div>\n\n\n\n<div class=\"wp-block-pb-accordion-item c-accordion__item js-accordion-item no-js\" data-initially-open=\"false\" data-click-to-close=\"true\" data-auto-close=\"true\" data-scroll=\"false\" data-scroll-offset=\"0\"><h5 id=\"at-821\" class=\"c-accordion__title js-accordion-controller\" role=\"button\">Colegiado<\/h5><div id=\"ac-821\" class=\"c-accordion__content\">\n<p>O Colegiado do Curso de Gradua\u00e7\u00e3o \u00e9 o \u00f3rg\u00e3o respons\u00e1vel por exercer a coordena\u00e7\u00e3o pedag\u00f3gica do curso. Suas atribui\u00e7\u00f5es centrais s\u00e3o planejar, acompanhar e avaliar as atividades acad\u00eamicas, assegurando a qualidade do ensino, a integra\u00e7\u00e3o entre as diferentes \u00e1reas de conhecimento e a articula\u00e7\u00e3o indissoci\u00e1vel entre ensino, pesquisa e extens\u00e3o.<\/p>\n\n\n\n<p>O Colegiado de Biomedicina \u00e9 constitu\u00eddo por representantes docentes (das \u00e1reas de conhecimento principal, b\u00e1sica e\/ou complementar) e representantes estudantis. A forma e as propor\u00e7\u00f5es dessa composi\u00e7\u00e3o seguem o disposto no Art. 27, \u00a72\u00ba e \u00a73\u00ba, do Estatuto da Universidade (conforme altera\u00e7\u00e3o da Resolu\u00e7\u00e3o CU 168\/2007).<\/p>\n\n\n\n<p><strong>Coordena\u00e7\u00e3o do Colegiado de Biomedicina \u2013 Hist\u00f3rico de Gest\u00f5es<\/strong><\/p>\n\n\n\n<figure class=\"wp-block-table is-style-stripes\"><table><thead><tr><th>Ano<\/th><th>Coordena\u00e7\u00e3o<\/th><th>Vice-Coordena\u00e7\u00e3o<\/th><\/tr><\/thead><tbody><tr><td><strong>2000<\/strong><\/td><td>Prof. Jos\u00e9 Vitor Jankevicius<\/td><td>Profa. Maria Ang\u00e9lica Ehara Watanabe<\/td><\/tr><tr><td><strong>2002<\/strong><\/td><td>Profa. Maria Ang\u00e9lica Ehara Watanabe<\/td><td>Profa. Cassia Thais Bussamra Vieira Zaia<\/td><\/tr><tr><td><strong>2004<\/strong><\/td><td>Profa. Cassia Thais Bussamra Vieira Zaia<\/td><td>Profa. Neila Recanello Arrebola<\/td><\/tr><tr><td><strong>2006<\/strong><\/td><td>Profa. Neila Recanello Arrebola<\/td><td>Profa. Sueli Fumie Yamada Ogatta<\/td><\/tr><tr><td><strong>2008<\/strong><\/td><td>Prof. Francisco Jos\u00e9 Abreu Oliveira<\/td><td>Profa. Vilma Schwald Babboni<\/td><\/tr><tr><td><strong>2010<\/strong><\/td><td>Profa. Vilma Schwald Babboni<\/td><td>Profa. Lucy Megumi Yamauchi Lioni<\/td><\/tr><tr><td><strong>2012<\/strong><\/td><td>Profa. Lucy Megumi Yamauchi Lioni<\/td><td>Profa. Cassia Thais Bussamra Vieira Zaia<\/td><\/tr><tr><td><strong>2014<\/strong><\/td><td>Profa. Cassia Thais Bussamra Vieira Zaia<\/td><td>Prof. Fabio Goulart de Andrade<\/td><\/tr><tr><td><strong>2016<\/strong><\/td><td>Prof. F\u00e1bio Goulart de Andrade<\/td><td>Profa. Karen Braj\u00e3o de Oliveira<\/td><\/tr><tr><td><strong>2018<\/strong><\/td><td>Profa. Karen Braj\u00e3o de Oliveira<\/td><td>Prof. Sergio Paulo Dejato da Rocha<\/td><\/tr><tr><td><strong>2020<\/strong><\/td><td>Prof. Sergio Paulo Dejato da Rocha<\/td><td>Profa. Gislaine Garcia Pelosi Gomes<\/td><\/tr><tr><td><strong>2022<\/strong><\/td><td>Profa. Gislaine Garcia Pelosi Gomes<\/td><td>Prof. Fabio Goulart de Andrade<\/td><\/tr><tr><td><strong>2024<\/strong><\/td><td>Prof. F\u00e1bio Goulart de Andrade<\/td><td>Profa. Karen Braj\u00e3o de Oliveira<\/td><\/tr><\/tbody><\/table><\/figure>\n<\/div><\/div>\n\n\n\n<div class=\"wp-block-pb-accordion-item c-accordion__item js-accordion-item no-js\" data-initially-open=\"false\" data-click-to-close=\"true\" data-auto-close=\"true\" data-scroll=\"false\" data-scroll-offset=\"0\"><h5 id=\"at-822\" class=\"c-accordion__title js-accordion-controller\" role=\"button\">N\u00facleo Docente Estruturante (NDE)<\/h5><div id=\"ac-822\" class=\"c-accordion__content\">\n<p>O N\u00facleo Docente Estruturante (NDE) integra a estrutura de gest\u00e3o acad\u00eamica do curso, possuindo atribui\u00e7\u00f5es consultivas, propositivas e de assessoria em mat\u00e9rias de natureza acad\u00eamica e pedag\u00f3gica. O NDE \u00e9 correspons\u00e1vel pela elabora\u00e7\u00e3o, implementa\u00e7\u00e3o e consolida\u00e7\u00e3o do Projeto Pedag\u00f3gico do Curso (PPC), zelando pelo efetivo cumprimento das Diretrizes Curriculares Nacionais (DCNs) aplic\u00e1veis ao Curso de Biomedicina.<\/p>\n\n\n\n<p>Para tal, seus objetivos espec\u00edficos s\u00e3o:<\/p>\n\n\n\n<ul class=\"wp-block-list\">\n<li>Identificar e analisar eventuais dificuldades na atua\u00e7\u00e3o do corpo docente do curso.<\/li>\n\n\n\n<li>Auxiliar no acompanhamento e na constante atualiza\u00e7\u00e3o do PPC.<\/li>\n\n\n\n<li>Propor programas ou outras formas de capacita\u00e7\u00e3o docente continuada.<\/li>\n\n\n\n<li>Acompanhar as avalia\u00e7\u00f5es do curso definidas pelo Colegiado.<\/li>\n\n\n\n<li>Analisar criticamente o curr\u00edculo e propor modifica\u00e7\u00f5es, quando necess\u00e1rias.<\/li>\n\n\n\n<li>Indicar formas de incentivo ao desenvolvimento de atividades de pesquisa e extens\u00e3o.<\/li>\n\n\n\n<li>Contribuir para a efetiva concretiza\u00e7\u00e3o do perfil profissional do egresso, conforme delineado no PPC.<\/li>\n<\/ul>\n\n\n\n<p><strong>Integrantes (2024-2026):<\/strong><\/p>\n\n\n\n<ul class=\"wp-block-list\">\n<li>Profa. Karen Braj\u00e3o de Oliveira (Coordenadora, Departamento de Histologia)<\/li>\n\n\n\n<li>Profa. Lucy Megumi Yamauchi Lioni (Departamento de Microbiologia)<\/li>\n\n\n\n<li>Profa. Marcela Zanetti Corazza (Departamento de Qu\u00edmica)<\/li>\n\n\n\n<li>Prof. Marcelo de Carvalho (Departamento de Biologia Geral)<\/li>\n\n\n\n<li>Prof. Marcelo Rodrigues de Melo (Departamento de Bioqu\u00edmica e Biotecnologia)<\/li>\n<\/ul>\n<\/div><\/div>\n","protected":false},"excerpt":{"rendered":"<p>Hist\u00f3rico do Curso O Curso de Biomedicina da UEL foi concebido como uma resposta estrat\u00e9gica \u00e0 crescente demanda nacional pela forma\u00e7\u00e3o de cientistas qualificados nas \u00e1reas biom\u00e9dica e da sa\u00fade. O curr\u00edculo foi cuidadosamente elaborado com o objetivo de preparar os estudantes para programas de p\u00f3s-gradua\u00e7\u00e3o de qualidade. A proposta visa formar profissionais especializados, capazes [&hellip;]<\/p>\n","protected":false},"author":8,"featured_media":0,"parent":0,"menu_order":0,"comment_status":"closed","ping_status":"closed","template":"","meta":{"_acf_changed":false,"footnotes":""},"class_list":["post-82","page","type-page","status-publish","hentry"],"acf":[],"_links":{"self":[{"href":"https:\/\/graduacao.uel.br\/biomedicina\/wp-json\/wp\/v2\/pages\/82","targetHints":{"allow":["GET"]}}],"collection":[{"href":"https:\/\/graduacao.uel.br\/biomedicina\/wp-json\/wp\/v2\/pages"}],"about":[{"href":"https:\/\/graduacao.uel.br\/biomedicina\/wp-json\/wp\/v2\/types\/page"}],"author":[{"embeddable":true,"href":"https:\/\/graduacao.uel.br\/biomedicina\/wp-json\/wp\/v2\/users\/8"}],"replies":[{"embeddable":true,"href":"https:\/\/graduacao.uel.br\/biomedicina\/wp-json\/wp\/v2\/comments?post=82"}],"version-history":[{"count":41,"href":"https:\/\/graduacao.uel.br\/biomedicina\/wp-json\/wp\/v2\/pages\/82\/revisions"}],"predecessor-version":[{"id":1063,"href":"https:\/\/graduacao.uel.br\/biomedicina\/wp-json\/wp\/v2\/pages\/82\/revisions\/1063"}],"wp:attachment":[{"href":"https:\/\/graduacao.uel.br\/biomedicina\/wp-json\/wp\/v2\/media?parent=82"}],"curies":[{"name":"wp","href":"https:\/\/api.w.org\/{rel}","templated":true}]}}