{"id":68,"date":"2024-06-06T16:32:08","date_gmt":"2024-06-06T19:32:08","guid":{"rendered":"https:\/\/graduacao.uel.br\/biotecnologia\/?page_id=68"},"modified":"2024-06-18T11:54:38","modified_gmt":"2024-06-18T14:54:38","slug":"matriz-curricular","status":"publish","type":"page","link":"https:\/\/graduacao.uel.br\/biotecnologia\/matriz-curricular\/","title":{"rendered":"Matriz Curricular"},"content":{"rendered":"\n<p>O Curso de Biotecnologia \u00e9 integral, com dura\u00e7\u00e3o de 4 anos.<\/p>\n\n\n\n<p>A matriz curricular do Curso de Biotecnologia &#8211; Habilita\u00e7\u00e3o: Bacharelado \u00e9 composta por um conjunto de atividades distribu\u00eddas nas seguintes categorias:<\/p>\n\n\n\n<ol class=\"wp-block-list\" style=\"list-style-type:upper-roman\">\n<li>atividades acad\u00eamicas de natureza obrigat\u00f3rias;<\/li>\n\n\n\n<li>atividades acad\u00eamicas de natureza obrigat\u00f3rias especiais, correspondendo ao Trabalho de Conclus\u00e3o de Curso e Est\u00e1gio Curricular em Biotecnologia.<\/li>\n<\/ol>\n\n\n\n<div data-wp-interactive=\"core\/file\" class=\"wp-block-file\"><object data-wp-bind--hidden=\"!state.hasPdfPreview\" hidden class=\"wp-block-file__embed\" data=\"https:\/\/graduacao.uel.br\/biotecnologia\/wp-content\/uploads\/2024\/06\/biotecnologia.pdf\" type=\"application\/pdf\" style=\"width:100%;height:600px\" aria-label=\"Incorporado de biotecnologia.\"><\/object><a id=\"wp-block-file--media-da1ec5b4-f5a3-4056-ae9f-1c5013da9529\" href=\"https:\/\/graduacao.uel.br\/biotecnologia\/wp-content\/uploads\/2024\/06\/biotecnologia.pdf\">biotecnologia<\/a><a href=\"https:\/\/graduacao.uel.br\/biotecnologia\/wp-content\/uploads\/2024\/06\/biotecnologia.pdf\" class=\"wp-block-file__button wp-element-button\" download aria-describedby=\"wp-block-file--media-da1ec5b4-f5a3-4056-ae9f-1c5013da9529\">Baixar<\/a><\/div>\n","protected":false},"excerpt":{"rendered":"<p>O Curso de Biotecnologia \u00e9 integral, com dura\u00e7\u00e3o de 4 anos. A matriz curricular do Curso de Biotecnologia &#8211; Habilita\u00e7\u00e3o: Bacharelado \u00e9 composta por um conjunto de atividades distribu\u00eddas nas seguintes categorias:<\/p>\n","protected":false},"author":8,"featured_media":0,"parent":0,"menu_order":0,"comment_status":"closed","ping_status":"closed","template":"","meta":{"_acf_changed":false,"footnotes":""},"class_list":["post-68","page","type-page","status-publish","hentry"],"acf":[],"_links":{"self":[{"href":"https:\/\/graduacao.uel.br\/biotecnologia\/wp-json\/wp\/v2\/pages\/68","targetHints":{"allow":["GET"]}}],"collection":[{"href":"https:\/\/graduacao.uel.br\/biotecnologia\/wp-json\/wp\/v2\/pages"}],"about":[{"href":"https:\/\/graduacao.uel.br\/biotecnologia\/wp-json\/wp\/v2\/types\/page"}],"author":[{"embeddable":true,"href":"https:\/\/graduacao.uel.br\/biotecnologia\/wp-json\/wp\/v2\/users\/8"}],"replies":[{"embeddable":true,"href":"https:\/\/graduacao.uel.br\/biotecnologia\/wp-json\/wp\/v2\/comments?post=68"}],"version-history":[{"count":4,"href":"https:\/\/graduacao.uel.br\/biotecnologia\/wp-json\/wp\/v2\/pages\/68\/revisions"}],"predecessor-version":[{"id":88,"href":"https:\/\/graduacao.uel.br\/biotecnologia\/wp-json\/wp\/v2\/pages\/68\/revisions\/88"}],"wp:attachment":[{"href":"https:\/\/graduacao.uel.br\/biotecnologia\/wp-json\/wp\/v2\/media?parent=68"}],"curies":[{"name":"wp","href":"https:\/\/api.w.org\/{rel}","templated":true}]}}