{"id":77,"date":"2024-06-14T16:01:24","date_gmt":"2024-06-14T19:01:24","guid":{"rendered":"https:\/\/graduacao.uel.br\/biotecnologia\/?page_id=77"},"modified":"2025-02-13T11:24:22","modified_gmt":"2025-02-13T14:24:22","slug":"atletica","status":"publish","type":"page","link":"https:\/\/graduacao.uel.br\/biotecnologia\/atletica\/","title":{"rendered":"Atl\u00e9tica"},"content":{"rendered":"\n<p>Os estudantes do curso de Matem\u00e1tica podem participar das atividades esportivas da <strong>Atl\u00e9tica de Exatas<\/strong> da UEL.<\/p>\n\n\n\n<p>Quer saber mais sobre Atl\u00e9tica de Exatas, clique em\u00a0<strong><a href=\"https:\/\/www.instagram.com\/exatasuel\/\" target=\"_blank\" rel=\"noreferrer noopener\">saiba mais<\/a><\/strong>.<\/p>\n\n\n\n<p><\/p>\n","protected":false},"excerpt":{"rendered":"<p>Os estudantes do curso de Matem\u00e1tica podem participar das atividades esportivas da Atl\u00e9tica de Exatas da UEL. Quer saber mais sobre Atl\u00e9tica de Exatas, clique em\u00a0saiba mais.<\/p>\n","protected":false},"author":8,"featured_media":0,"parent":0,"menu_order":0,"comment_status":"closed","ping_status":"closed","template":"","meta":{"_acf_changed":false,"footnotes":""},"class_list":["post-77","page","type-page","status-publish","hentry"],"acf":[],"_links":{"self":[{"href":"https:\/\/graduacao.uel.br\/biotecnologia\/wp-json\/wp\/v2\/pages\/77","targetHints":{"allow":["GET"]}}],"collection":[{"href":"https:\/\/graduacao.uel.br\/biotecnologia\/wp-json\/wp\/v2\/pages"}],"about":[{"href":"https:\/\/graduacao.uel.br\/biotecnologia\/wp-json\/wp\/v2\/types\/page"}],"author":[{"embeddable":true,"href":"https:\/\/graduacao.uel.br\/biotecnologia\/wp-json\/wp\/v2\/users\/8"}],"replies":[{"embeddable":true,"href":"https:\/\/graduacao.uel.br\/biotecnologia\/wp-json\/wp\/v2\/comments?post=77"}],"version-history":[{"count":7,"href":"https:\/\/graduacao.uel.br\/biotecnologia\/wp-json\/wp\/v2\/pages\/77\/revisions"}],"predecessor-version":[{"id":124,"href":"https:\/\/graduacao.uel.br\/biotecnologia\/wp-json\/wp\/v2\/pages\/77\/revisions\/124"}],"wp:attachment":[{"href":"https:\/\/graduacao.uel.br\/biotecnologia\/wp-json\/wp\/v2\/media?parent=77"}],"curies":[{"name":"wp","href":"https:\/\/api.w.org\/{rel}","templated":true}]}}