{"id":146,"date":"2024-05-16T16:46:28","date_gmt":"2024-05-16T19:46:28","guid":{"rendered":"https:\/\/graduacao.uel.br\/ciencia-da-computacao\/?page_id=146"},"modified":"2024-05-16T16:46:29","modified_gmt":"2024-05-16T19:46:29","slug":"centro-academico-ca","status":"publish","type":"page","link":"https:\/\/graduacao.uel.br\/ciencia-da-computacao\/centro-academico-ca\/","title":{"rendered":"Centro Acad\u00eamico (CA)"},"content":{"rendered":"\n<p><\/p>\n\n\n\n<p>O Centro Acad\u00eamico de Computa\u00e7\u00e3o &#8211; <strong>Ada Lovelace, <\/strong>\u00e9 uma Organiza\u00e7\u00e3o sem fins lucrativos, a sua finalidade \u00e9 representar os alunos do curso de Ci\u00eancia da Computa\u00e7\u00e3o da Universidade Estadual de Londrina. <\/p>\n\n\n\n<p>Organizar, auxiliar e incentivar promo\u00e7\u00f5es de car\u00e1ter pol\u00edtico, cultural, cient\u00edfico e social, numa perspectiva de integra\u00e7\u00e3o e forma\u00e7\u00e3o. <\/p>\n\n\n\n<p>Felipe Shinji Ariji Presidente, Blenda Mazetto Vice-Presidente, Rafael Vince Tesoureiro, Felipe Azevedo Dir. de Marketing, Gabriela Hirashima Dir. de Eventos, Jo\u00e3o P. Cardoso Conselheiro<\/p>\n","protected":false},"excerpt":{"rendered":"<p>O Centro Acad\u00eamico de Computa\u00e7\u00e3o &#8211; Ada Lovelace, \u00e9 uma Organiza\u00e7\u00e3o sem fins lucrativos, a sua finalidade \u00e9 representar os alunos do curso de Ci\u00eancia da Computa\u00e7\u00e3o da Universidade Estadual de Londrina. Organizar, auxiliar e incentivar promo\u00e7\u00f5es de car\u00e1ter pol\u00edtico, cultural, cient\u00edfico e social, numa perspectiva de integra\u00e7\u00e3o e forma\u00e7\u00e3o. Felipe Shinji Ariji Presidente, Blenda [&hellip;]<\/p>\n","protected":false},"author":6,"featured_media":0,"parent":0,"menu_order":0,"comment_status":"closed","ping_status":"closed","template":"","meta":{"_acf_changed":false,"footnotes":""},"class_list":["post-146","page","type-page","status-publish","hentry"],"acf":[],"_links":{"self":[{"href":"https:\/\/graduacao.uel.br\/ciencia-da-computacao\/wp-json\/wp\/v2\/pages\/146","targetHints":{"allow":["GET"]}}],"collection":[{"href":"https:\/\/graduacao.uel.br\/ciencia-da-computacao\/wp-json\/wp\/v2\/pages"}],"about":[{"href":"https:\/\/graduacao.uel.br\/ciencia-da-computacao\/wp-json\/wp\/v2\/types\/page"}],"author":[{"embeddable":true,"href":"https:\/\/graduacao.uel.br\/ciencia-da-computacao\/wp-json\/wp\/v2\/users\/6"}],"replies":[{"embeddable":true,"href":"https:\/\/graduacao.uel.br\/ciencia-da-computacao\/wp-json\/wp\/v2\/comments?post=146"}],"version-history":[{"count":1,"href":"https:\/\/graduacao.uel.br\/ciencia-da-computacao\/wp-json\/wp\/v2\/pages\/146\/revisions"}],"predecessor-version":[{"id":147,"href":"https:\/\/graduacao.uel.br\/ciencia-da-computacao\/wp-json\/wp\/v2\/pages\/146\/revisions\/147"}],"wp:attachment":[{"href":"https:\/\/graduacao.uel.br\/ciencia-da-computacao\/wp-json\/wp\/v2\/media?parent=146"}],"curies":[{"name":"wp","href":"https:\/\/api.w.org\/{rel}","templated":true}]}}