{"id":148,"date":"2024-05-16T16:47:46","date_gmt":"2024-05-16T19:47:46","guid":{"rendered":"https:\/\/graduacao.uel.br\/ciencia-da-computacao\/?page_id=148"},"modified":"2024-05-16T16:47:46","modified_gmt":"2024-05-16T19:47:46","slug":"empresa-junior","status":"publish","type":"page","link":"https:\/\/graduacao.uel.br\/ciencia-da-computacao\/empresa-junior\/","title":{"rendered":"Empresa J\u00fanior"},"content":{"rendered":"\n<p>Temos como miss\u00e3o, suprir a car\u00eancia de solu\u00e7\u00f5es WEB e MOBILE de maneira eficaz atrav\u00e9s da capacita\u00e7\u00e3o e treinamento dos estudantes de Ci\u00eancia da Computa\u00e7\u00e3o da UEL. <\/p>\n\n\n\n<p>Jo\u00e3o Carlos Presidente da <strong>CodificaJr<\/strong>.<\/p>\n","protected":false},"excerpt":{"rendered":"<p>Temos como miss\u00e3o, suprir a car\u00eancia de solu\u00e7\u00f5es WEB e MOBILE de maneira eficaz atrav\u00e9s da capacita\u00e7\u00e3o e treinamento dos estudantes de Ci\u00eancia da Computa\u00e7\u00e3o da UEL. Jo\u00e3o Carlos Presidente da CodificaJr.<\/p>\n","protected":false},"author":6,"featured_media":0,"parent":0,"menu_order":0,"comment_status":"closed","ping_status":"closed","template":"","meta":{"_acf_changed":false,"footnotes":""},"class_list":["post-148","page","type-page","status-publish","hentry"],"acf":[],"_links":{"self":[{"href":"https:\/\/graduacao.uel.br\/ciencia-da-computacao\/wp-json\/wp\/v2\/pages\/148","targetHints":{"allow":["GET"]}}],"collection":[{"href":"https:\/\/graduacao.uel.br\/ciencia-da-computacao\/wp-json\/wp\/v2\/pages"}],"about":[{"href":"https:\/\/graduacao.uel.br\/ciencia-da-computacao\/wp-json\/wp\/v2\/types\/page"}],"author":[{"embeddable":true,"href":"https:\/\/graduacao.uel.br\/ciencia-da-computacao\/wp-json\/wp\/v2\/users\/6"}],"replies":[{"embeddable":true,"href":"https:\/\/graduacao.uel.br\/ciencia-da-computacao\/wp-json\/wp\/v2\/comments?post=148"}],"version-history":[{"count":1,"href":"https:\/\/graduacao.uel.br\/ciencia-da-computacao\/wp-json\/wp\/v2\/pages\/148\/revisions"}],"predecessor-version":[{"id":149,"href":"https:\/\/graduacao.uel.br\/ciencia-da-computacao\/wp-json\/wp\/v2\/pages\/148\/revisions\/149"}],"wp:attachment":[{"href":"https:\/\/graduacao.uel.br\/ciencia-da-computacao\/wp-json\/wp\/v2\/media?parent=148"}],"curies":[{"name":"wp","href":"https:\/\/api.w.org\/{rel}","templated":true}]}}