{"id":18,"date":"2024-05-16T11:03:35","date_gmt":"2024-05-16T14:03:35","guid":{"rendered":"https:\/\/graduacao.uel.br\/ciencia-da-computacao\/?page_id=18"},"modified":"2025-01-21T09:53:46","modified_gmt":"2025-01-21T12:53:46","slug":"o-curso","status":"publish","type":"page","link":"https:\/\/graduacao.uel.br\/ciencia-da-computacao\/o-curso\/","title":{"rendered":"O curso"},"content":{"rendered":"\n<p>O curso de bacharelado em Ci\u00eancia da Computa\u00e7\u00e3o foi criado na UEL em 26 de setembro de 1990 (Resolu\u00e7\u00e3o CEPE\/1586), sendo que o reconhecimento do curso aconteceu em 24 de janeiro de 1997 pela Portaria Ministerial N\u00ba 115, assinada pelo ent\u00e3o Ministro da Educa\u00e7\u00e3o Paulo Renato Souza. <\/p>\n\n\n\n<p>A \u00faltima renova\u00e7\u00e3o do reconhecimento do curso de Bacharelado em Ci\u00eancia da Computa\u00e7\u00e3o se deu em 15\/05\/2019, identificado pelo Decreto Estadual N\u00ba 1404\/2019, cuja validade vai at\u00e9 13\/07\/2024, que foi publicado no Di\u00e1rio Oficial do Paran\u00e1 N\u00ba 10436 de 15\/05\/2019. <\/p>\n\n\n\n<p>O curso de bacharelado em Ci\u00eancia da Computa\u00e7\u00e3o est\u00e1 alocado no Centro de Ci\u00eancias Exatas (CCE) da Universidade Estadual de Londrina (UEL). <\/p>\n\n\n\n<p><\/p>\n\n\n\n<p><strong>Conhe\u00e7a um pouco mais sobre o Curso de Ci\u00eancia da Computa\u00e7\u00e3o da UEL:<\/strong><\/p>\n\n\n\n<div class=\"wp-block-columns is-layout-flex wp-container-core-columns-is-layout-9d6595d7 wp-block-columns-is-layout-flex\">\n<div class=\"wp-block-column is-layout-flow wp-block-column-is-layout-flow\" style=\"flex-basis:66.66%\">\n<figure class=\"wp-block-embed is-type-video is-provider-youtube wp-block-embed-youtube wp-embed-aspect-16-9 wp-has-aspect-ratio\"><div class=\"wp-block-embed__wrapper\">\n<iframe loading=\"lazy\" title=\"Ci\u00eancia da Computa\u00e7\u00e3o \u2013 Cursos de A a Z\" width=\"640\" height=\"360\" src=\"https:\/\/www.youtube.com\/embed\/QUNBlLBlpGo?list=PLViP9rEFf1TMNC7bufHvtjh2ljFXM1hgz\" frameborder=\"0\" allow=\"accelerometer; autoplay; clipboard-write; encrypted-media; gyroscope; picture-in-picture; web-share\" referrerpolicy=\"strict-origin-when-cross-origin\" allowfullscreen><\/iframe>\n<\/div><\/figure>\n<\/div>\n\n\n\n<div class=\"wp-block-column is-layout-flow wp-block-column-is-layout-flow\" style=\"flex-basis:33.33%\">\n<p><\/p>\n\n\n\n<p>Atualmente, o curso de Ci\u00eancia da Computa\u00e7\u00e3o, est\u00e1 estruturado no sistema acad\u00eamico seriado anual, com ingresso \u00fanico, no qual s\u00e3o oferecidas 40 vagas anualmente.<\/p>\n\n\n\n<p>O curso possui turno integral. O presente Projeto Pedag\u00f3gico do curso de Bacharelado em Ci\u00eancia da Computa\u00e7\u00e3o apresenta a estrutura b\u00e1sica do curso, contemplando informa\u00e7\u00f5es que englobam desde sua contextualiza\u00e7\u00e3o, atendimento \u00e0s demandas sociais, quest\u00f5es de gest\u00e3o acad\u00eamica e auto avalia\u00e7\u00e3o do curso.<\/p>\n\n\n\n<p><\/p>\n<\/div>\n<\/div>\n","protected":false},"excerpt":{"rendered":"<p>O curso de bacharelado em Ci\u00eancia da Computa\u00e7\u00e3o foi criado na UEL em 26 de setembro de 1990 (Resolu\u00e7\u00e3o CEPE\/1586), sendo que o reconhecimento do curso aconteceu em 24 de janeiro de 1997 pela Portaria Ministerial N\u00ba 115, assinada pelo ent\u00e3o Ministro da Educa\u00e7\u00e3o Paulo Renato Souza. A \u00faltima renova\u00e7\u00e3o do reconhecimento do curso de [&hellip;]<\/p>\n","protected":false},"author":6,"featured_media":0,"parent":0,"menu_order":0,"comment_status":"closed","ping_status":"closed","template":"","meta":{"_acf_changed":false,"footnotes":""},"class_list":["post-18","page","type-page","status-publish","hentry"],"acf":[],"_links":{"self":[{"href":"https:\/\/graduacao.uel.br\/ciencia-da-computacao\/wp-json\/wp\/v2\/pages\/18","targetHints":{"allow":["GET"]}}],"collection":[{"href":"https:\/\/graduacao.uel.br\/ciencia-da-computacao\/wp-json\/wp\/v2\/pages"}],"about":[{"href":"https:\/\/graduacao.uel.br\/ciencia-da-computacao\/wp-json\/wp\/v2\/types\/page"}],"author":[{"embeddable":true,"href":"https:\/\/graduacao.uel.br\/ciencia-da-computacao\/wp-json\/wp\/v2\/users\/6"}],"replies":[{"embeddable":true,"href":"https:\/\/graduacao.uel.br\/ciencia-da-computacao\/wp-json\/wp\/v2\/comments?post=18"}],"version-history":[{"count":7,"href":"https:\/\/graduacao.uel.br\/ciencia-da-computacao\/wp-json\/wp\/v2\/pages\/18\/revisions"}],"predecessor-version":[{"id":304,"href":"https:\/\/graduacao.uel.br\/ciencia-da-computacao\/wp-json\/wp\/v2\/pages\/18\/revisions\/304"}],"wp:attachment":[{"href":"https:\/\/graduacao.uel.br\/ciencia-da-computacao\/wp-json\/wp\/v2\/media?parent=18"}],"curies":[{"name":"wp","href":"https:\/\/api.w.org\/{rel}","templated":true}]}}