{"id":20,"date":"2024-05-16T11:04:04","date_gmt":"2024-05-16T14:04:04","guid":{"rendered":"https:\/\/graduacao.uel.br\/ciencia-da-computacao\/?page_id=20"},"modified":"2024-06-04T17:54:45","modified_gmt":"2024-06-04T20:54:45","slug":"infraestrutura","status":"publish","type":"page","link":"https:\/\/graduacao.uel.br\/ciencia-da-computacao\/infraestrutura\/","title":{"rendered":"Infraestrutura"},"content":{"rendered":"\n<p>O curso de Ci\u00eancia da Computa\u00e7\u00e3o da UEL, faz parte da estrutura administrativa e f\u00edsica do Centro de Ci\u00eancias Exatas (CCE). Al\u00e9m de salas de aulas, o curso se utiliza de estruturas de laborat\u00f3rios e bibliotecas para as atividades acad\u00eamicas.<\/p>\n\n\n\n<iframe src=\"https:\/\/www.google.com\/maps\/embed?pb=!1m18!1m12!1m3!1d3663.706497015318!2d-51.20420112491096!3d-23.326405478961902!2m3!1f0!2f0!3f0!3m2!1i1024!2i768!4f13.1!3m3!1m2!1s0x94eb5c9fbda47459%3A0x6238131a3eb5480e!2sCCE%20-%20Centro%20de%20Ci%C3%AAncias%20Exatas!5e0!3m2!1spt-BR!2sbr!4v1713534577779!5m2!1spt-BR!2sbr\" width=\"1200\" height=\"600\" style=\"border:0;\" allowfullscreen=\"\" loading=\"lazy\" referrerpolicy=\"no-referrer-when-downgrade\"><\/iframe>\n","protected":false},"excerpt":{"rendered":"<p>O curso de Ci\u00eancia da Computa\u00e7\u00e3o da UEL, faz parte da estrutura administrativa e f\u00edsica do Centro de Ci\u00eancias Exatas (CCE). Al\u00e9m de salas de aulas, o curso se utiliza de estruturas de laborat\u00f3rios e bibliotecas para as atividades acad\u00eamicas.<\/p>\n","protected":false},"author":6,"featured_media":0,"parent":0,"menu_order":0,"comment_status":"closed","ping_status":"closed","template":"","meta":{"_acf_changed":false,"footnotes":""},"class_list":["post-20","page","type-page","status-publish","hentry"],"acf":[],"_links":{"self":[{"href":"https:\/\/graduacao.uel.br\/ciencia-da-computacao\/wp-json\/wp\/v2\/pages\/20","targetHints":{"allow":["GET"]}}],"collection":[{"href":"https:\/\/graduacao.uel.br\/ciencia-da-computacao\/wp-json\/wp\/v2\/pages"}],"about":[{"href":"https:\/\/graduacao.uel.br\/ciencia-da-computacao\/wp-json\/wp\/v2\/types\/page"}],"author":[{"embeddable":true,"href":"https:\/\/graduacao.uel.br\/ciencia-da-computacao\/wp-json\/wp\/v2\/users\/6"}],"replies":[{"embeddable":true,"href":"https:\/\/graduacao.uel.br\/ciencia-da-computacao\/wp-json\/wp\/v2\/comments?post=20"}],"version-history":[{"count":4,"href":"https:\/\/graduacao.uel.br\/ciencia-da-computacao\/wp-json\/wp\/v2\/pages\/20\/revisions"}],"predecessor-version":[{"id":205,"href":"https:\/\/graduacao.uel.br\/ciencia-da-computacao\/wp-json\/wp\/v2\/pages\/20\/revisions\/205"}],"wp:attachment":[{"href":"https:\/\/graduacao.uel.br\/ciencia-da-computacao\/wp-json\/wp\/v2\/media?parent=20"}],"curies":[{"name":"wp","href":"https:\/\/api.w.org\/{rel}","templated":true}]}}