{"id":35,"date":"2024-05-16T11:10:10","date_gmt":"2024-05-16T14:10:10","guid":{"rendered":"https:\/\/graduacao.uel.br\/ciencia-da-computacao\/?page_id=35"},"modified":"2024-05-16T16:12:21","modified_gmt":"2024-05-16T19:12:21","slug":"projeto-pedagogico-ppc","status":"publish","type":"page","link":"https:\/\/graduacao.uel.br\/ciencia-da-computacao\/projeto-pedagogico-ppc\/","title":{"rendered":"Projeto Pedag\u00f3gico (PPC)"},"content":{"rendered":"\n<p>O Projeto Pedag\u00f3gico em vigor leva em considera\u00e7\u00e3o as avalia\u00e7\u00f5es realizadas durante ao longo dos anos, em rela\u00e7\u00e3o \u00e0 entrada e forma\u00e7\u00e3o do aluno no curso de Bacharelado em Ci\u00eancia da Computa\u00e7\u00e3o. <\/p>\n\n\n\n<p>Ele leva em considera\u00e7\u00e3o o novo cen\u00e1rio tecnol\u00f3gico que se descortinou em tempos recentes, tendo inserido novas disciplinas e atualizado a ementa de outras, de modo a prover uma melhor forma\u00e7\u00e3o do egresso.<\/p>\n\n\n\n<p>Como pontos positivos do projeto pedag\u00f3gico pode-se destacar a grande intera\u00e7\u00e3o que ele promove com a pesquisa, atrav\u00e9s do incentivo dos alunos a fazerem inicia\u00e7\u00e3o cient\u00edfica e posteriormente ingressarem na p\u00f3s-gradua\u00e7\u00e3o, seja na pr\u00f3pria UEL ou em outras institui\u00e7\u00f5es renomadas. <\/p>\n\n\n\n<p>Al\u00e9m disso, a modalidade de cr\u00e9dito permitiu uma maior flexibilidade para os estudantes para a realiza\u00e7\u00e3o de est\u00e1gio n\u00e3o-obrigat\u00f3rio, criando assim uma \u00f3tima intera\u00e7\u00e3o com o mercado de trabalho e suas necessidades; fazendo com que muitos estudantes terminem o curso j\u00e1 empregados.<\/p>\n\n\n\n<p>Em termos de auto avalia\u00e7\u00e3o, a Universidade Estadual de Londrina (DEL) tem oportunizado um processo de auto avalia\u00e7\u00e3o institucional din\u00e2mico, cont\u00ednuo e de constru\u00e7\u00e3o colaborativa, que tem auxiliado no planejamento consciente, na qualidade, democratiza\u00e7\u00e3o e<br>transpar\u00eancia da universidade, baseado em seu Plano de Desenvolvimento Institucional (PDI).<\/p>\n\n\n\n<div class=\"wp-block-columns is-layout-flex wp-container-core-columns-is-layout-9d6595d7 wp-block-columns-is-layout-flex\">\n<div class=\"wp-block-column is-layout-flow wp-block-column-is-layout-flow\"><\/div>\n<\/div>\n\n\n\n<div class=\"wp-block-buttons is-content-justification-center is-layout-flex wp-container-core-buttons-is-layout-16018d1d wp-block-buttons-is-layout-flex\">\n<div class=\"wp-block-button\"><a class=\"wp-block-button__link has-primary-accent-background-color has-background wp-element-button\" href=\"https:\/\/sites.uel.br\/prograd\/graduacao\/projetos-pedagogicos\/projetos-pedagogicos-ciencia-da-computacao\/\">Resolu\u00e7\u00f5es e Delibera\u00e7\u00f5es<\/a><\/div>\n<\/div>\n\n\n\n<div class=\"wp-block-pb-accordion-item c-accordion__item js-accordion-item no-js\" data-initially-open=\"false\" data-click-to-close=\"true\" data-auto-close=\"true\" data-scroll=\"false\" data-scroll-offset=\"0\"><h6 id=\"at-350\" class=\"c-accordion__title js-accordion-controller\" role=\"button\">DEPARTAMENTO<\/h6><div id=\"ac-350\" class=\"c-accordion__content\">\n<p>O Departamento, subunidade dos Centros de Estudos, constitui-se na menor estrutura de organiza\u00e7\u00e3o administrativa, did\u00e1tico cient\u00edfica e de lota\u00e7\u00e3o de pessoal.<br>No Departamento s\u00e3o reunidas atividades acad\u00eamicas afins e nele est\u00e3o integrados docentes e t\u00e9cnico administrativos para objetivos comuns. (Art. 122 do Regimento Geral da UEL).<\/p>\n<\/div><\/div>\n\n\n\n<div class=\"wp-block-pb-accordion-item c-accordion__item js-accordion-item no-js\" data-initially-open=\"false\" data-click-to-close=\"true\" data-auto-close=\"true\" data-scroll=\"false\" data-scroll-offset=\"0\"><h6 id=\"at-351\" class=\"c-accordion__title js-accordion-controller\" role=\"button\">COLEGIADO<\/h6><div id=\"ac-351\" class=\"c-accordion__content\">\n<p>Os Colegiados de cursos de gradua\u00e7\u00e3o exercem a coordena\u00e7\u00e3o pedag\u00f3gica dos cursos e ser\u00e3o constitu\u00eddos por representantes docentes da \u00e1rea principal de conhecimento e da \u00e1rea b\u00e1sica e\/ou complementar de conhecimento, estudantes e servidores, na forma prevista nos \u00a72\u00ba e \u00a73\u00ba do Art. 27 do Estatuto da Universidade. (Art. alterado atrav\u00e9s da Resolu\u00e7\u00e3o CU 168\/2007).<\/p>\n<\/div><\/div>\n\n\n\n<div class=\"wp-block-pb-accordion-item c-accordion__item js-accordion-item no-js\" data-initially-open=\"false\" data-click-to-close=\"true\" data-auto-close=\"true\" data-scroll=\"false\" data-scroll-offset=\"0\"><h6 id=\"at-352\" class=\"c-accordion__title js-accordion-controller\" role=\"button\"><strong>N\u00daCLEO DOCENTE ESTRUTURANTE (NDE)<\/strong><\/h6><div id=\"ac-352\" class=\"c-accordion__content\">\n<p>O NDE institui-se como parte da estrutura de gest\u00e3o acad\u00eamica do curso com atribui\u00e7\u00f5es consultivas, propositivas e de assessoria, acerca de mat\u00e9rias de natureza acad\u00eamica e pedag\u00f3gica, sendo correspons\u00e1vel pela elabora\u00e7\u00e3o, implementa\u00e7\u00e3o e consolida\u00e7\u00e3o do Projeto Pedag\u00f3gico do Curso (PPC), al\u00e9m de zelar pelo cumprimento das Diretrizes Curriculares Nacionais (DCNs). Tem como objetivos:<\/p>\n\n\n\n<p>1 \u2013 Levantar dificuldades na atua\u00e7\u00e3o do corpo docente do Curso;<\/p>\n\n\n\n<p>2 \u2013 Auxiliar na elabora\u00e7\u00e3o e no acompanhamento do PPC;<\/p>\n\n\n\n<p>3 \u2013 Propor programas ou outras formas de capacita\u00e7\u00e3o docente;<\/p>\n\n\n\n<p>4 \u2013 Acompanhar as avalia\u00e7\u00f5es do Curso definidas pelo Colegiado;<\/p>\n\n\n\n<p>5 \u2013 Analisar e propor modifica\u00e7\u00f5es, quando necess\u00e1rias;<\/p>\n\n\n\n<p>6 \u2013 Indicar formas de incentivo ao desenvolvimento de atividades de pesquisa;<\/p>\n\n\n\n<p>7 \u2013 Contribuir para a concretiza\u00e7\u00e3o do perfil profissional;<\/p>\n\n\n\n<p>8 \u2013 Zelar pelo cumprimento das DCNs aplic\u00e1veis ao Curso de Ci\u00eancia da Computa\u00e7\u00e3o.<\/p>\n<\/div><\/div>\n\n\n\n<div class=\"wp-block-columns is-layout-flex wp-container-core-columns-is-layout-9d6595d7 wp-block-columns-is-layout-flex\">\n<div class=\"wp-block-column is-layout-flow wp-block-column-is-layout-flow\"><\/div>\n<\/div>\n","protected":false},"excerpt":{"rendered":"<p>O Projeto Pedag\u00f3gico em vigor leva em considera\u00e7\u00e3o as avalia\u00e7\u00f5es realizadas durante ao longo dos anos, em rela\u00e7\u00e3o \u00e0 entrada e forma\u00e7\u00e3o do aluno no curso de Bacharelado em Ci\u00eancia da Computa\u00e7\u00e3o. Ele leva em considera\u00e7\u00e3o o novo cen\u00e1rio tecnol\u00f3gico que se descortinou em tempos recentes, tendo inserido novas disciplinas e atualizado a ementa de [&hellip;]<\/p>\n","protected":false},"author":6,"featured_media":0,"parent":0,"menu_order":0,"comment_status":"closed","ping_status":"closed","template":"","meta":{"_acf_changed":false,"footnotes":""},"class_list":["post-35","page","type-page","status-publish","hentry"],"acf":[],"_links":{"self":[{"href":"https:\/\/graduacao.uel.br\/ciencia-da-computacao\/wp-json\/wp\/v2\/pages\/35","targetHints":{"allow":["GET"]}}],"collection":[{"href":"https:\/\/graduacao.uel.br\/ciencia-da-computacao\/wp-json\/wp\/v2\/pages"}],"about":[{"href":"https:\/\/graduacao.uel.br\/ciencia-da-computacao\/wp-json\/wp\/v2\/types\/page"}],"author":[{"embeddable":true,"href":"https:\/\/graduacao.uel.br\/ciencia-da-computacao\/wp-json\/wp\/v2\/users\/6"}],"replies":[{"embeddable":true,"href":"https:\/\/graduacao.uel.br\/ciencia-da-computacao\/wp-json\/wp\/v2\/comments?post=35"}],"version-history":[{"count":11,"href":"https:\/\/graduacao.uel.br\/ciencia-da-computacao\/wp-json\/wp\/v2\/pages\/35\/revisions"}],"predecessor-version":[{"id":127,"href":"https:\/\/graduacao.uel.br\/ciencia-da-computacao\/wp-json\/wp\/v2\/pages\/35\/revisions\/127"}],"wp:attachment":[{"href":"https:\/\/graduacao.uel.br\/ciencia-da-computacao\/wp-json\/wp\/v2\/media?parent=35"}],"curies":[{"name":"wp","href":"https:\/\/api.w.org\/{rel}","templated":true}]}}