{"id":69,"date":"2024-05-16T13:50:00","date_gmt":"2024-05-16T16:50:00","guid":{"rendered":"https:\/\/graduacao.uel.br\/ciencia-da-computacao\/?page_id=69"},"modified":"2024-05-16T14:06:48","modified_gmt":"2024-05-16T17:06:48","slug":"aac","status":"publish","type":"page","link":"https:\/\/graduacao.uel.br\/ciencia-da-computacao\/aac\/","title":{"rendered":"AAC"},"content":{"rendered":"\n<p>De acordo com o&nbsp;<a href=\"https:\/\/sites.uel.br\/proplan\/wp-content\/uploads\/2024\/02\/Regimento_Geral.pdf\">Regimento Geral da UEL: Art.28<\/a>&nbsp;\u2013 Os curr\u00edculos dos cursos de gradua\u00e7\u00e3o ser\u00e3o constitu\u00eddos por um conjunto de atividades acad\u00eamicas de natureza obrigat\u00f3ria, complementares e optativas; tendo como objetivo a forma\u00e7\u00e3o cultural e profissional do estudante.<\/p>\n\n\n\n<p>As Atividades Acad\u00eamicas Complementares correspondem \u00e0 participa\u00e7\u00e3o do estudante nos itens a seguir:<\/p>\n\n\n\n<p>a) Disciplinas eletivas;<\/p>\n\n\n\n<p>b) Disciplinas especiais;<\/p>\n\n\n\n<p>c) Est\u00e1gios curriculares n\u00e3o obrigat\u00f3rios;<\/p>\n\n\n\n<p>d) Eventos;<\/p>\n\n\n\n<p>e) Monitoria acad\u00eamica;<\/p>\n\n\n\n<p>f) Programas de extens\u00e3o;<\/p>\n\n\n\n<p>g) Programas de forma\u00e7\u00e3o complementar;<\/p>\n\n\n\n<p>h) Projetos integrados;<\/p>\n\n\n\n<p>i) Projetos de pesquisa;<\/p>\n\n\n\n<p>J) Projetos de pesquisa em ensino.<\/p>\n\n\n\n<p>As atividades acad\u00eamicas complementares devem ser aprovadas pelos respectivos Colegiados de Cursos.<\/p>\n\n\n\n<p>A monitoria acad\u00eamica e a participa\u00e7\u00e3o em projetos e programas, somente ser\u00e3o consideradas como atividades acad\u00eamicas complementares (AAC), mediante apresenta\u00e7\u00e3o de relat\u00f3rio circunstanciado com a supervis\u00e3o e avalia\u00e7\u00e3o a cargo de docente respons\u00e1vel.<\/p>\n\n\n\n<p>\u00c9 vedada a repeti\u00e7\u00e3o de conte\u00fado espec\u00edfico de categoria obrigat\u00f3ria na oferta de disciplinas especiais.<\/p>\n\n\n\n<p>As disciplinas eletivas, de livre escolha do estudante, s\u00e3o constitu\u00eddas de disciplinas regulares pertencentes a outros cursos de gradua\u00e7\u00e3o da UEL, que s\u00e3o disponibilizadas para todos os estudantes da universidade.<\/p>\n\n\n\n<p>A matr\u00edcula em atividades acad\u00eamicas especiais e eletivas, previstas para as atividades acad\u00eamicas complementares, far-se-\u00e1 independentemente do ano em que estiver matriculado, exceto o primeiro ano.<\/p>\n","protected":false},"excerpt":{"rendered":"<p>De acordo com o&nbsp;Regimento Geral da UEL: Art.28&nbsp;\u2013 Os curr\u00edculos dos cursos de gradua\u00e7\u00e3o ser\u00e3o constitu\u00eddos por um conjunto de atividades acad\u00eamicas de natureza obrigat\u00f3ria, complementares e optativas; tendo como objetivo a forma\u00e7\u00e3o cultural e profissional do estudante. As Atividades Acad\u00eamicas Complementares correspondem \u00e0 participa\u00e7\u00e3o do estudante nos itens a seguir: a) Disciplinas eletivas; b) [&hellip;]<\/p>\n","protected":false},"author":6,"featured_media":0,"parent":0,"menu_order":0,"comment_status":"closed","ping_status":"closed","template":"","meta":{"_acf_changed":false,"footnotes":""},"class_list":["post-69","page","type-page","status-publish","hentry"],"acf":[],"_links":{"self":[{"href":"https:\/\/graduacao.uel.br\/ciencia-da-computacao\/wp-json\/wp\/v2\/pages\/69","targetHints":{"allow":["GET"]}}],"collection":[{"href":"https:\/\/graduacao.uel.br\/ciencia-da-computacao\/wp-json\/wp\/v2\/pages"}],"about":[{"href":"https:\/\/graduacao.uel.br\/ciencia-da-computacao\/wp-json\/wp\/v2\/types\/page"}],"author":[{"embeddable":true,"href":"https:\/\/graduacao.uel.br\/ciencia-da-computacao\/wp-json\/wp\/v2\/users\/6"}],"replies":[{"embeddable":true,"href":"https:\/\/graduacao.uel.br\/ciencia-da-computacao\/wp-json\/wp\/v2\/comments?post=69"}],"version-history":[{"count":4,"href":"https:\/\/graduacao.uel.br\/ciencia-da-computacao\/wp-json\/wp\/v2\/pages\/69\/revisions"}],"predecessor-version":[{"id":78,"href":"https:\/\/graduacao.uel.br\/ciencia-da-computacao\/wp-json\/wp\/v2\/pages\/69\/revisions\/78"}],"wp:attachment":[{"href":"https:\/\/graduacao.uel.br\/ciencia-da-computacao\/wp-json\/wp\/v2\/media?parent=69"}],"curies":[{"name":"wp","href":"https:\/\/api.w.org\/{rel}","templated":true}]}}