{"id":71,"date":"2024-05-16T13:50:16","date_gmt":"2024-05-16T16:50:16","guid":{"rendered":"https:\/\/graduacao.uel.br\/ciencia-da-computacao\/?page_id=71"},"modified":"2025-02-10T17:19:35","modified_gmt":"2025-02-10T20:19:35","slug":"tcc","status":"publish","type":"page","link":"https:\/\/graduacao.uel.br\/ciencia-da-computacao\/tcc\/","title":{"rendered":"TCC"},"content":{"rendered":"\n<p>O Regulamento do Trabalho de Conclus\u00e3o do Curso (TCC), do Curso de Ci\u00eancia da Computa\u00e7\u00e3o da Universidade Estadual de Londrina, \u00e9 atividade essencial e obrigat\u00f3ria para a obten\u00e7\u00e3o do t\u00edtulo de Bacharel em Ci\u00eancia da Computa\u00e7\u00e3o pela Universidade Estadual de Londrina. <\/p>\n\n\n\n<p>O TCC \u00e9 um trabalho de natureza monogr\u00e1fica, t\u00e9cnica e cient\u00edfica, com defesa oral e p\u00fablica, elaborado individualmente pelo estudante devidamente matriculado na atividade acad\u00eamica especial de Trabalho de Conclus\u00e3o de Curso, podendo ser iniciado quando o estudante atingir 65% da carga hor\u00e1ria total do curso. <\/p>\n\n\n\n<p>O TCC consiste em uma pesquisa individual orientada, relatada sob a forma de monografia escrita, em uma das linhas de pesquisa do Departamento de Computa\u00e7\u00e3o. <\/p>\n\n\n\n<p>A coordena\u00e7\u00e3o do TCC \u00e9 formada pelo Coordenador de TCC <a href=\"elieser@uel.br\">Elieser Botelho Manhas<\/a> e pelo Vice-Coordenador de TCC <a href=\"proenca@uel.br\">M\u00e1rio Lemes Proen\u00e7a J\u00fanior<\/a>, sendo ambos docentes efetivos em regime de tempo integral, os quais s\u00e3o nomeados por portaria do(a) Reitor(a) para um per\u00edodo de 2 (dois) anos, permitidas recondu\u00e7\u00f5es.<\/p>\n\n\n\n<p>Os TCCs devem seguir o <a href=\"https:\/\/departamentos.uel.br\/computacao\/wp-content\/uploads\/2024\/09\/templates-ABNT-DC-UEL-v1.2.zip\">Template ABNT-DC-UEL<\/a>.<\/p>\n\n\n\n<p><\/p>\n\n\n\n<div style=\"height:42px\" aria-hidden=\"true\" class=\"wp-block-spacer\"><\/div>\n\n\n\n<div class=\"wp-block-buttons is-content-justification-center is-layout-flex wp-container-core-buttons-is-layout-16018d1d wp-block-buttons-is-layout-flex\">\n<div class=\"wp-block-button\"><a class=\"wp-block-button__link has-primary-accent-background-color has-background wp-element-button\" href=\"https:\/\/sites.uel.br\/prograd\/wp-content\/uploads\/documentos\/deliberacoes\/2023\/deliberacao_15_23.pdf\">Delibera\u00e7\u00e3o<\/a><\/div>\n<\/div>\n\n\n\n<div class=\"wp-block-columns is-layout-flex wp-container-core-columns-is-layout-9d6595d7 wp-block-columns-is-layout-flex\">\n<div class=\"wp-block-column is-layout-flow wp-block-column-is-layout-flow\"><\/div>\n<\/div>\n","protected":false},"excerpt":{"rendered":"<p>O Regulamento do Trabalho de Conclus\u00e3o do Curso (TCC), do Curso de Ci\u00eancia da Computa\u00e7\u00e3o da Universidade Estadual de Londrina, \u00e9 atividade essencial e obrigat\u00f3ria para a obten\u00e7\u00e3o do t\u00edtulo de Bacharel em Ci\u00eancia da Computa\u00e7\u00e3o pela Universidade Estadual de Londrina. O TCC \u00e9 um trabalho de natureza monogr\u00e1fica, t\u00e9cnica e cient\u00edfica, com defesa oral [&hellip;]<\/p>\n","protected":false},"author":6,"featured_media":0,"parent":0,"menu_order":0,"comment_status":"closed","ping_status":"closed","template":"","meta":{"_acf_changed":false,"footnotes":""},"class_list":["post-71","page","type-page","status-publish","hentry"],"acf":[],"_links":{"self":[{"href":"https:\/\/graduacao.uel.br\/ciencia-da-computacao\/wp-json\/wp\/v2\/pages\/71","targetHints":{"allow":["GET"]}}],"collection":[{"href":"https:\/\/graduacao.uel.br\/ciencia-da-computacao\/wp-json\/wp\/v2\/pages"}],"about":[{"href":"https:\/\/graduacao.uel.br\/ciencia-da-computacao\/wp-json\/wp\/v2\/types\/page"}],"author":[{"embeddable":true,"href":"https:\/\/graduacao.uel.br\/ciencia-da-computacao\/wp-json\/wp\/v2\/users\/6"}],"replies":[{"embeddable":true,"href":"https:\/\/graduacao.uel.br\/ciencia-da-computacao\/wp-json\/wp\/v2\/comments?post=71"}],"version-history":[{"count":10,"href":"https:\/\/graduacao.uel.br\/ciencia-da-computacao\/wp-json\/wp\/v2\/pages\/71\/revisions"}],"predecessor-version":[{"id":308,"href":"https:\/\/graduacao.uel.br\/ciencia-da-computacao\/wp-json\/wp\/v2\/pages\/71\/revisions\/308"}],"wp:attachment":[{"href":"https:\/\/graduacao.uel.br\/ciencia-da-computacao\/wp-json\/wp\/v2\/media?parent=71"}],"curies":[{"name":"wp","href":"https:\/\/api.w.org\/{rel}","templated":true}]}}