{"id":18,"date":"2023-07-19T16:53:02","date_gmt":"2023-07-19T19:53:02","guid":{"rendered":"https:\/\/graduacao.uel.br\/ciencia-de-dados-e-inteligencia-artificial\/?page_id=18"},"modified":"2025-12-16T14:56:38","modified_gmt":"2025-12-16T17:56:38","slug":"projeto-pedagogico","status":"publish","type":"page","link":"https:\/\/graduacao.uel.br\/ciencia-de-dados-e-inteligencia-artificial\/projeto-pedagogico\/","title":{"rendered":"Projeto Pedag\u00f3gico (PPC)"},"content":{"rendered":"\n<p>O Curso de Ci\u00eancia de Dados e Intelig\u00eancia Artificial representa uma oportunidade \u00fanica de forma\u00e7\u00e3o para aqueles que buscam compreender e dominar as mais avan\u00e7adas tecnologias relacionadas \u00e0 an\u00e1lise de dados e ao desenvolvimento de sistemas inteligentes. Este projeto pedag\u00f3gico delineia os objetivos, a estrutura curricular e as diretrizes educacionais que nortear\u00e3o o curso. Visa formar profissionais altamente capacitados e \u00e9ticos para liderar a revolu\u00e7\u00e3o da an\u00e1lise de dados e da IA. Este projeto pedag\u00f3gico \u00e9 din\u00e2mico e estar\u00e1 sempre adaptado \u00e0s necessidades em constante evolu\u00e7\u00e3o do mercado e da pesquisa em ci\u00eancia de dados e IA.<\/p>\n\n\n\n<p><strong>ESTRUTURA CURRICULAR<\/strong><\/p>\n\n\n\n<p>O Curso de Ci\u00eancia de Dados e Intelig\u00eancia Artificial, representa uma jornada educacional que preparar\u00e1 para liderar a revolu\u00e7\u00e3o digital e maximizar o potencial das tecnologias de dados e IA. Nossa estrutura curricular foi cuidadosamente projetada para oferecer uma forma\u00e7\u00e3o completa e atualizada nesse campo em constante evolu\u00e7\u00e3o.<\/p>\n\n\n\n<p><strong>N\u00facleo B\u00e1sico<\/strong><\/p>\n\n\n\n<ul class=\"wp-block-list\">\n<li>Matem\u00e1tica e Estat\u00edstica para Ci\u00eancia de Dados<\/li>\n\n\n\n<li>Programa\u00e7\u00e3o em Python<\/li>\n\n\n\n<li>Fundamentos de Ci\u00eancia de Dados<\/li>\n\n\n\n<li>Aprendizado de M\u00e1quina<\/li>\n\n\n\n<li>Processamento de Linguagem Natural<\/li>\n\n\n\n<li>Vis\u00e3o Computacional<\/li>\n\n\n\n<li>\u00c9tica e Sustentabilidade em Ci\u00eancia de Dados e IA<\/li>\n<\/ul>\n\n\n\n<p><strong>N\u00facleo Avan\u00e7ado<\/strong><\/p>\n\n\n\n<ul class=\"wp-block-list\">\n<li>Deep Learning e Redes Neurais<\/li>\n\n\n\n<li>Minera\u00e7\u00e3o de Dados<\/li>\n\n\n\n<li>Big Data e Computa\u00e7\u00e3o em Nuvem<\/li>\n\n\n\n<li>Rob\u00f3tica Inteligente<\/li>\n\n\n\n<li>Intelig\u00eancia Artificial Aplicada \u00e0 Sa\u00fade<\/li>\n\n\n\n<li>Intelig\u00eancia Artificial na Ind\u00fastria 4.0<\/li>\n\n\n\n<li>Projeto de Desenvolvimento em Ci\u00eancia de Dados e IA<\/li>\n<\/ul>\n\n\n\n<p><strong>Projetos e Pesquisa<\/strong><\/p>\n\n\n\n<ul class=\"wp-block-list\">\n<li>Projeto de Pesquisa em Ci\u00eancia de Dados e IA<\/li>\n\n\n\n<li>Est\u00e1gio em Empresas de Tecnologia<\/li>\n\n\n\n<li>Competi\u00e7\u00f5es de Ci\u00eancia de Dados<\/li>\n<\/ul>\n\n\n\n<div class=\"wp-block-buttons is-content-justification-center is-layout-flex wp-container-core-buttons-is-layout-16018d1d wp-block-buttons-is-layout-flex\">\n<div class=\"wp-block-button\"><a class=\"wp-block-button__link has-primary-accent-background-color has-background wp-element-button\" href=\"https:\/\/sites.uel.br\/prograd\/graduacao\/projetos-pedagogicos\/projetos-pedagogicos-ciencia-de-dados-e-inteligencia-artificial\/\">Resolu\u00e7\u00f5es e Delibera\u00e7\u00f5es<\/a><\/div>\n<\/div>\n\n\n\n<div class=\"wp-block-pb-accordion-item c-accordion__item js-accordion-item no-js\" data-initially-open=\"false\" data-click-to-close=\"true\" data-auto-close=\"true\" data-scroll=\"false\" data-scroll-offset=\"0\"><h6 id=\"at-180\" class=\"c-accordion__title js-accordion-controller\" role=\"button\"><strong>DEPARTAMENTO<\/strong><\/h6><div id=\"ac-180\" class=\"c-accordion__content\">\n<p>O Departamento, subunidade dos Centros de Estudos, constitui-se na menor estrutura de organiza\u00e7\u00e3o administrativa, did\u00e1tico cient\u00edfica e de lota\u00e7\u00e3o de pessoal.<br>No Departamento s\u00e3o reunidas atividades acad\u00eamicas afins e nele est\u00e3o integrados docentes e t\u00e9cnico administrativos para objetivos comuns. (Art. 122 do Regimento Geral da UEL).<\/p>\n<\/div><\/div>\n\n\n\n<div class=\"wp-block-pb-accordion-item c-accordion__item js-accordion-item no-js\" data-initially-open=\"false\" data-click-to-close=\"true\" data-auto-close=\"true\" data-scroll=\"false\" data-scroll-offset=\"0\"><h6 id=\"at-181\" class=\"c-accordion__title js-accordion-controller\" role=\"button\"><strong>COLEGIADO<\/strong><\/h6><div id=\"ac-181\" class=\"c-accordion__content\">\n<p>Os Colegiados de cursos de gradua\u00e7\u00e3o exercem a coordena\u00e7\u00e3o pedag\u00f3gica dos cursos e ser\u00e3o constitu\u00eddos por representantes docentes da \u00e1rea principal de conhecimento e da \u00e1rea b\u00e1sica e\/ou complementar de conhecimento, estudantes e servidores, na forma prevista nos \u00a72\u00ba e \u00a73\u00ba do Art. 27 do Estatuto da Universidade. (Art. alterado atrav\u00e9s da Resolu\u00e7\u00e3o CU 168\/2007).<\/p>\n<\/div><\/div>\n\n\n\n<div class=\"wp-block-pb-accordion-item c-accordion__item js-accordion-item no-js\" data-initially-open=\"false\" data-click-to-close=\"true\" data-auto-close=\"true\" data-scroll=\"false\" data-scroll-offset=\"0\"><h6 id=\"at-182\" class=\"c-accordion__title js-accordion-controller\" role=\"button\"><strong>N\u00daCLEO DOCENTE ESTRUTURANTE (NDE)<\/strong><\/h6><div id=\"ac-182\" class=\"c-accordion__content\">\n<p><span>O NDE institui-se como parte da estrutura de gest\u00e3o acad\u00eamica do curso com atribui\u00e7\u00f5es consultivas, propositivas e de assessoria, acerca de mat\u00e9rias de natureza acad\u00eamica e pedag\u00f3gica, sendo correspons\u00e1vel pela elabora\u00e7\u00e3o, implementa\u00e7\u00e3o e consolida\u00e7\u00e3o do Projeto Pedag\u00f3gico do Curso (PPC), al\u00e9m de zelar pelo cumprimento das Diretrizes Curriculares Nacionais (DCNs). Tem como objetivos:<\/span><p class=\"has-text-align-left\" style=\"font-size: 16px\">1 \u2013 Levantar dificuldades na atua\u00e7\u00e3o do corpo docente do Curso;<\/p><p class=\"has-text-align-left\" style=\"font-size: 16px\">2 \u2013 Auxiliar na elabora\u00e7\u00e3o e no acompanhamento do PPC;<\/p><p class=\"has-text-align-left\" style=\"font-size: 16px\">3 \u2013 Propor programas ou outras formas de capacita\u00e7\u00e3o docente;<\/p><p class=\"has-text-align-left\" style=\"font-size: 16px\">4 \u2013 Acompanhar as avalia\u00e7\u00f5es do Curso definidas pelo Colegiado;<\/p><p class=\"has-text-align-left\" style=\"font-size: 16px\">5 \u2013 Analisar e propor modifica\u00e7\u00f5es, quando necess\u00e1rias;<\/p><p class=\"has-text-align-left\" style=\"font-size: 16px\">6 \u2013 Indicar formas de incentivo ao desenvolvimento de atividades de pesquisa;<\/p><p class=\"has-text-align-left\" style=\"font-size: 16px\">7 \u2013 Contribuir para a concretiza\u00e7\u00e3o do perfil profissional;<\/p><p class=\"has-text-align-left\" style=\"font-size: 16px\">8 \u2013 Zelar pelo cumprimento das DCNs aplic\u00e1veis ao Curso de<span style=\"font-size: revert\">\u00a0Ci\u00eancia de Dados e Intelig\u00eancia Artificial.<\/span><\/p><\/p>\n<\/div><\/div>\n","protected":false},"excerpt":{"rendered":"<p>O Curso de Ci\u00eancia de Dados e Intelig\u00eancia Artificial representa uma oportunidade \u00fanica de forma\u00e7\u00e3o para aqueles que buscam compreender e dominar as mais avan\u00e7adas tecnologias relacionadas \u00e0 an\u00e1lise de dados e ao desenvolvimento de sistemas inteligentes. Este projeto pedag\u00f3gico delineia os objetivos, a estrutura curricular e as diretrizes educacionais que nortear\u00e3o o curso. Visa [&hellip;]<\/p>\n","protected":false},"author":6,"featured_media":0,"parent":0,"menu_order":0,"comment_status":"closed","ping_status":"closed","template":"","meta":{"_acf_changed":false,"footnotes":""},"class_list":["post-18","page","type-page","status-publish","hentry"],"acf":[],"_links":{"self":[{"href":"https:\/\/graduacao.uel.br\/ciencia-de-dados-e-inteligencia-artificial\/wp-json\/wp\/v2\/pages\/18","targetHints":{"allow":["GET"]}}],"collection":[{"href":"https:\/\/graduacao.uel.br\/ciencia-de-dados-e-inteligencia-artificial\/wp-json\/wp\/v2\/pages"}],"about":[{"href":"https:\/\/graduacao.uel.br\/ciencia-de-dados-e-inteligencia-artificial\/wp-json\/wp\/v2\/types\/page"}],"author":[{"embeddable":true,"href":"https:\/\/graduacao.uel.br\/ciencia-de-dados-e-inteligencia-artificial\/wp-json\/wp\/v2\/users\/6"}],"replies":[{"embeddable":true,"href":"https:\/\/graduacao.uel.br\/ciencia-de-dados-e-inteligencia-artificial\/wp-json\/wp\/v2\/comments?post=18"}],"version-history":[{"count":12,"href":"https:\/\/graduacao.uel.br\/ciencia-de-dados-e-inteligencia-artificial\/wp-json\/wp\/v2\/pages\/18\/revisions"}],"predecessor-version":[{"id":346,"href":"https:\/\/graduacao.uel.br\/ciencia-de-dados-e-inteligencia-artificial\/wp-json\/wp\/v2\/pages\/18\/revisions\/346"}],"wp:attachment":[{"href":"https:\/\/graduacao.uel.br\/ciencia-de-dados-e-inteligencia-artificial\/wp-json\/wp\/v2\/media?parent=18"}],"curies":[{"name":"wp","href":"https:\/\/api.w.org\/{rel}","templated":true}]}}