{"id":220,"date":"2024-06-04T17:58:44","date_gmt":"2024-06-04T20:58:44","guid":{"rendered":"https:\/\/graduacao.uel.br\/ciencia-de-dados-e-inteligencia-artificial\/?page_id=220"},"modified":"2024-06-14T15:42:14","modified_gmt":"2024-06-14T18:42:14","slug":"o-curso","status":"publish","type":"page","link":"https:\/\/graduacao.uel.br\/ciencia-de-dados-e-inteligencia-artificial\/o-curso\/","title":{"rendered":"O Curso"},"content":{"rendered":"\n<p>O curso de Ci\u00eancia de Dados e Intelig\u00eancia Artificial \u00e9 uma jornada educacional abrangente que oferece aos alunos uma compreens\u00e3o profunda e pr\u00e1tica das disciplinas interconectadas da Ci\u00eancia de Dados e da Intelig\u00eancia Artificial (IA). <\/p>\n\n\n\n<p>Essa combina\u00e7\u00e3o \u00fanica, visa capacitar os estudantes a extrair informa\u00e7\u00f5es significativas de dados complexos e aplicar algoritmos de IA para criar sistemas inteligentes que possam tomar decis\u00f5es e realizar tarefas de forma aut\u00f4noma. <\/p>\n\n\n\n<p>Proporciona aos alunos uma base s\u00f3lida em matem\u00e1tica, programa\u00e7\u00e3o e estat\u00edstica, al\u00e9m de uma compreens\u00e3o profunda das t\u00e9cnicas de Ci\u00eancia de Dados e IA. <\/p>\n\n\n\n<p>Essa estrutura educacional prepara os graduados para carreiras que v\u00e3o desde an\u00e1lise de dados at\u00e9 desenvolvimento de sistemas de IA avan\u00e7ados, contribuindo para a inova\u00e7\u00e3o e avan\u00e7o da tecnologia em diversos setores.<\/p>\n\n\n\n<h4 class=\"wp-block-heading\"><strong>Perfil do profissional de Ci\u00eancia de Dados e Intelig\u00eancia Artificial<\/strong><\/h4>\n\n\n\n<p>O profissional de Ci\u00eancia de Dados e Intelig\u00eancia Artificial \u00e9 capaz de extrair informa\u00e7\u00e3o relevante de grandes volumes de dados, fazendo uso intensivo de&nbsp;<strong>t\u00e9cnicas avan\u00e7adas de computa\u00e7\u00e3o<\/strong>&nbsp;para coleta, integra\u00e7\u00e3o, prepara\u00e7\u00e3o e an\u00e1lise de dados, concep\u00e7\u00e3o e modelagem de solu\u00e7\u00f5es, descoberta de conhecimento e aprendizado automatizado na resolu\u00e7\u00e3o de problemas e desenvolvimento de aplica\u00e7\u00f5es para as mais diversas \u00e1reas.<\/p>\n\n\n\n<p>Ci\u00eancia de Dados e Intelig\u00eancia Artificial s\u00e3o \u00e1reas interdisciplinares baseadas em&nbsp;<strong>conceitos matem\u00e1ticos<\/strong>, estat\u00edsticos e, principalmente, da Ci\u00eancia da Computa\u00e7\u00e3o.<\/p>\n\n\n\n<p>As \u00e1reas de Ci\u00eancia de Dados e Intelig\u00eancia Artificial, enquanto campos, existem h\u00e1 d\u00e9cadas, por\u00e9m ambas ganharam expressivo destaque nos \u00faltimos anos devido a alguns fatores, como a coleta e disponibiliza\u00e7\u00e3o de&nbsp;<strong>grandes volumes de dados (Big Data)<\/strong>&nbsp;e o avan\u00e7o do poder computacional, que permitiu o aprimoramento, expans\u00e3o e proposta de modelos e algoritmos com alto desempenho, resolvendo problemas cada vez mais complexos e em tempo fact\u00edvel.<\/p>\n\n\n\n<p>Os bachar\u00e9is em Ci\u00eancia de Dados e Intelig\u00eancia Artificial podem&nbsp;<strong>trabalhar nas mais diversas \u00e1reas<\/strong>&nbsp;(servi\u00e7os online, sistemas inovadores, com\u00e9rcio eletr\u00f4nico, governo eletr\u00f4nico, sa\u00fade, agroneg\u00f3cio, log\u00edstica, planejamento, entretenimento, etc.), transformando grandes quantidades de dados brutos em vantagem competitiva e solu\u00e7\u00f5es inteligentes, auxiliando empresas em tomadas de decis\u00f5es para atingir melhores resultados ou atuando na \u00e1rea acad\u00eamica e no terceiro setor como pesquisadores interdisciplinares.<\/p>\n\n\n\n<p>A forma\u00e7\u00e3o s\u00f3lida de Bachar\u00e9is em Ci\u00eancia de Dados e Intelig\u00eancia Artificial influenciar\u00e1 decisivamente na melhoria e na evolu\u00e7\u00e3o do pa\u00eds e da sociedade como um todo, no que se refere ao atendimento das&nbsp;<strong>demandas de inova\u00e7\u00e3o<\/strong>, na evolu\u00e7\u00e3o das empresas, na intera\u00e7\u00e3o com o meio ambiente e no bem-estar dos cidad\u00e3os.<\/p>\n","protected":false},"excerpt":{"rendered":"<p>O curso de Ci\u00eancia de Dados e Intelig\u00eancia Artificial \u00e9 uma jornada educacional abrangente que oferece aos alunos uma compreens\u00e3o profunda e pr\u00e1tica das disciplinas interconectadas da Ci\u00eancia de Dados e da Intelig\u00eancia Artificial (IA). Essa combina\u00e7\u00e3o \u00fanica, visa capacitar os estudantes a extrair informa\u00e7\u00f5es significativas de dados complexos e aplicar algoritmos de IA para [&hellip;]<\/p>\n","protected":false},"author":6,"featured_media":0,"parent":0,"menu_order":0,"comment_status":"closed","ping_status":"closed","template":"","meta":{"_acf_changed":false,"footnotes":""},"class_list":["post-220","page","type-page","status-publish","hentry"],"acf":[],"_links":{"self":[{"href":"https:\/\/graduacao.uel.br\/ciencia-de-dados-e-inteligencia-artificial\/wp-json\/wp\/v2\/pages\/220","targetHints":{"allow":["GET"]}}],"collection":[{"href":"https:\/\/graduacao.uel.br\/ciencia-de-dados-e-inteligencia-artificial\/wp-json\/wp\/v2\/pages"}],"about":[{"href":"https:\/\/graduacao.uel.br\/ciencia-de-dados-e-inteligencia-artificial\/wp-json\/wp\/v2\/types\/page"}],"author":[{"embeddable":true,"href":"https:\/\/graduacao.uel.br\/ciencia-de-dados-e-inteligencia-artificial\/wp-json\/wp\/v2\/users\/6"}],"replies":[{"embeddable":true,"href":"https:\/\/graduacao.uel.br\/ciencia-de-dados-e-inteligencia-artificial\/wp-json\/wp\/v2\/comments?post=220"}],"version-history":[{"count":2,"href":"https:\/\/graduacao.uel.br\/ciencia-de-dados-e-inteligencia-artificial\/wp-json\/wp\/v2\/pages\/220\/revisions"}],"predecessor-version":[{"id":250,"href":"https:\/\/graduacao.uel.br\/ciencia-de-dados-e-inteligencia-artificial\/wp-json\/wp\/v2\/pages\/220\/revisions\/250"}],"wp:attachment":[{"href":"https:\/\/graduacao.uel.br\/ciencia-de-dados-e-inteligencia-artificial\/wp-json\/wp\/v2\/media?parent=220"}],"curies":[{"name":"wp","href":"https:\/\/api.w.org\/{rel}","templated":true}]}}