{"id":278,"date":"2024-06-14T16:01:45","date_gmt":"2024-06-14T19:01:45","guid":{"rendered":"https:\/\/graduacao.uel.br\/ciencia-de-dados-e-inteligencia-artificial\/?page_id=278"},"modified":"2024-06-19T14:55:23","modified_gmt":"2024-06-19T17:55:23","slug":"atletica","status":"publish","type":"page","link":"https:\/\/graduacao.uel.br\/ciencia-de-dados-e-inteligencia-artificial\/atletica\/","title":{"rendered":"Atl\u00e9tica"},"content":{"rendered":"\n<p>Os estudantes do curso de Ci\u00eancia de Dados e Intelig\u00eancia Artificial podem participar das atividades esportivas da Atl\u00e9tica de Exatas da UEL.<\/p>\n\n\n\n<p>Quer saber mais sobre Atl\u00e9tica de Exatas, clique em&nbsp;<strong><a href=\"https:\/\/www.instagram.com\/exatasuel\/\" target=\"_blank\" rel=\"noreferrer noopener\">saiba mais<\/a><\/strong>.<\/p>\n","protected":false},"excerpt":{"rendered":"<p>Os estudantes do curso de Ci\u00eancia de Dados e Intelig\u00eancia Artificial podem participar das atividades esportivas da Atl\u00e9tica de Exatas da UEL. Quer saber mais sobre Atl\u00e9tica de Exatas, clique em&nbsp;saiba mais.<\/p>\n","protected":false},"author":6,"featured_media":0,"parent":0,"menu_order":0,"comment_status":"closed","ping_status":"closed","template":"","meta":{"_acf_changed":false,"footnotes":""},"class_list":["post-278","page","type-page","status-publish","hentry"],"acf":[],"_links":{"self":[{"href":"https:\/\/graduacao.uel.br\/ciencia-de-dados-e-inteligencia-artificial\/wp-json\/wp\/v2\/pages\/278","targetHints":{"allow":["GET"]}}],"collection":[{"href":"https:\/\/graduacao.uel.br\/ciencia-de-dados-e-inteligencia-artificial\/wp-json\/wp\/v2\/pages"}],"about":[{"href":"https:\/\/graduacao.uel.br\/ciencia-de-dados-e-inteligencia-artificial\/wp-json\/wp\/v2\/types\/page"}],"author":[{"embeddable":true,"href":"https:\/\/graduacao.uel.br\/ciencia-de-dados-e-inteligencia-artificial\/wp-json\/wp\/v2\/users\/6"}],"replies":[{"embeddable":true,"href":"https:\/\/graduacao.uel.br\/ciencia-de-dados-e-inteligencia-artificial\/wp-json\/wp\/v2\/comments?post=278"}],"version-history":[{"count":2,"href":"https:\/\/graduacao.uel.br\/ciencia-de-dados-e-inteligencia-artificial\/wp-json\/wp\/v2\/pages\/278\/revisions"}],"predecessor-version":[{"id":293,"href":"https:\/\/graduacao.uel.br\/ciencia-de-dados-e-inteligencia-artificial\/wp-json\/wp\/v2\/pages\/278\/revisions\/293"}],"wp:attachment":[{"href":"https:\/\/graduacao.uel.br\/ciencia-de-dados-e-inteligencia-artificial\/wp-json\/wp\/v2\/media?parent=278"}],"curies":[{"name":"wp","href":"https:\/\/api.w.org\/{rel}","templated":true}]}}