{"id":103,"date":"2024-06-28T15:39:51","date_gmt":"2024-06-28T18:39:51","guid":{"rendered":"https:\/\/graduacao.uel.br\/ciencias-biologicas\/?page_id=103"},"modified":"2024-06-28T15:39:51","modified_gmt":"2024-06-28T18:39:51","slug":"estagio","status":"publish","type":"page","link":"https:\/\/graduacao.uel.br\/ciencias-biologicas\/estagio\/","title":{"rendered":"Est\u00e1gio"},"content":{"rendered":"\n<p><\/p>\n\n\n\n<div class=\"wp-block-columns is-layout-flex wp-container-core-columns-is-layout-9d6595d7 wp-block-columns-is-layout-flex\">\n<div class=\"wp-block-column is-layout-flow wp-block-column-is-layout-flow\">\n<div class=\"wp-block-buttons is-content-justification-center is-layout-flex wp-container-core-buttons-is-layout-16018d1d wp-block-buttons-is-layout-flex\">\n<div class=\"wp-block-button\"><a class=\"wp-block-button__link has-primary-accent-background-color has-background wp-element-button\" href=\"https:\/\/sites.uel.br\/prograd\/regulamentos-estagio\/\" target=\"_blank\" rel=\"noreferrer noopener\">Regulamento Est\u00e1gio<\/a><\/div>\n<\/div>\n<\/div>\n\n\n\n<div class=\"wp-block-column is-layout-flow wp-block-column-is-layout-flow\">\n<div class=\"wp-block-buttons is-content-justification-center is-layout-flex wp-container-core-buttons-is-layout-16018d1d wp-block-buttons-is-layout-flex\">\n<div class=\"wp-block-button\"><a class=\"wp-block-button__link has-primary-accent-background-color has-background wp-element-button\" href=\"https:\/\/sites.uel.br\/prograd\/estudante\/estagios-e-intercambios\/estagios-e-intercambios-curricular-obrigatorio-uel\/\" target=\"_blank\" rel=\"noreferrer noopener\">Est\u00e1gio curricular obrigat\u00f3rio<\/a><\/div>\n<\/div>\n<\/div>\n\n\n\n<div class=\"wp-block-column is-layout-flow wp-block-column-is-layout-flow\">\n<div class=\"wp-block-buttons is-content-justification-center is-layout-flex wp-container-core-buttons-is-layout-16018d1d wp-block-buttons-is-layout-flex\">\n<div class=\"wp-block-button\"><a class=\"wp-block-button__link has-primary-accent-background-color has-background wp-element-button\" href=\"https:\/\/sites.uel.br\/prograd\/estudante\/estagios-e-intercambios\/estagios-e-intercambios-curricular-nao-obrigatorio-uel\/\" target=\"_blank\" rel=\"noreferrer noopener\">Est\u00e1gio n\u00e3o obrigat\u00f3rio<\/a><\/div>\n<\/div>\n<\/div>\n<\/div>\n","protected":false},"excerpt":{"rendered":"","protected":false},"author":8,"featured_media":0,"parent":0,"menu_order":0,"comment_status":"closed","ping_status":"closed","template":"","meta":{"_acf_changed":false,"footnotes":""},"class_list":["post-103","page","type-page","status-publish","hentry"],"acf":[],"_links":{"self":[{"href":"https:\/\/graduacao.uel.br\/ciencias-biologicas\/wp-json\/wp\/v2\/pages\/103","targetHints":{"allow":["GET"]}}],"collection":[{"href":"https:\/\/graduacao.uel.br\/ciencias-biologicas\/wp-json\/wp\/v2\/pages"}],"about":[{"href":"https:\/\/graduacao.uel.br\/ciencias-biologicas\/wp-json\/wp\/v2\/types\/page"}],"author":[{"embeddable":true,"href":"https:\/\/graduacao.uel.br\/ciencias-biologicas\/wp-json\/wp\/v2\/users\/8"}],"replies":[{"embeddable":true,"href":"https:\/\/graduacao.uel.br\/ciencias-biologicas\/wp-json\/wp\/v2\/comments?post=103"}],"version-history":[{"count":1,"href":"https:\/\/graduacao.uel.br\/ciencias-biologicas\/wp-json\/wp\/v2\/pages\/103\/revisions"}],"predecessor-version":[{"id":104,"href":"https:\/\/graduacao.uel.br\/ciencias-biologicas\/wp-json\/wp\/v2\/pages\/103\/revisions\/104"}],"wp:attachment":[{"href":"https:\/\/graduacao.uel.br\/ciencias-biologicas\/wp-json\/wp\/v2\/media?parent=103"}],"curies":[{"name":"wp","href":"https:\/\/api.w.org\/{rel}","templated":true}]}}