{"id":29,"date":"2024-06-26T10:32:53","date_gmt":"2024-06-26T13:32:53","guid":{"rendered":"https:\/\/graduacao.uel.br\/ciencias-biologicas\/?page_id=29"},"modified":"2025-01-22T16:43:36","modified_gmt":"2025-01-22T19:43:36","slug":"o-curso","status":"publish","type":"page","link":"https:\/\/graduacao.uel.br\/ciencias-biologicas\/o-curso\/","title":{"rendered":"O Curso"},"content":{"rendered":"\n<p>O Curso de Ci\u00eancias Biol\u00f3gicas da UEL foi criado por meio da Resolu\u00e7\u00e3o FUEL n\u00ba 053\/71, de 26 de outubro de 1971, tendo como base legal o Parecer 107\/70 e a Resolu\u00e7\u00e3o CFE s\/n de 04 de fevereiro de 1970, sendo implantado em 18 de fevereiro de 1972. <\/p>\n\n\n\n<p>Esse modelo inicial obedecia ao regime seriado e compreendia duas habilita\u00e7\u00f5es: a Licenciatura em Ci\u00eancias Biol\u00f3gicas (CB-Licenciatura), com carga hor\u00e1ria de 3582 h; o Bacharelado em Ci\u00eancias (CB-Bacharelado) \u2013 Modalidade M\u00e9dica, com 3.134 h. Em 1972, houve reformula\u00e7\u00e3o para o sistema de cr\u00e9dito, sendo que a carga hor\u00e1ria da CB-Licenciatura apresentou, nos anos subsequentes, algumas varia\u00e7\u00f5es: 3.840 h em 1973; 3.855 h em 1974; 3.645 h em 1975 e 3.315 h em 1976 e 1977.<\/p>\n\n\n\n<p>A partir da Resolu\u00e7\u00e3o CFE 38\/74 de 11 de agosto de 1974, houve a convers\u00e3o do curso de Licenciatura em Ci\u00eancias de 1\u00ba e 2\u00ba graus. Por\u00e9m, a implanta\u00e7\u00e3o dessa regulamenta\u00e7\u00e3o foi adiada pela Resolu\u00e7\u00e3o CFE 05\/78, promovendo a volta \u00e0 situa\u00e7\u00e3o anterior \u00e0 qual tinha como base o Parecer 107\/70 e a Resolu\u00e7\u00e3o CFE s\/n de 04 de fevereiro de 1970.<\/p>\n\n\n\n<p>Apesar de criado em 1971, somente em 1976 o curso foi reconhecido, conforme Decreto Federal n\u00ba 78.468 de 27 de setembro de 1976. Na sequ\u00eancia de seu reconhecimento, outras mudan\u00e7as ocorreram no curso. Em 1979, foi estabelecido o 1\u00ba per\u00edodo do Curso de Gradua\u00e7\u00e3o em Ci\u00eancias Biol\u00f3gicas a partir do Curr\u00edculo II, passando a Licenciatura a somar 3.240 h, conforme a Resolu\u00e7\u00e3o FUEL 522\/79. <\/p>\n\n\n\n<p>O Bacharelado, por sua vez, apresentava um leque de op\u00e7\u00f5es com cargas hor\u00e1rias diferenciadas, subtraindo-se a correspondente \u00e0s pedag\u00f3gicas e acrescentando-se as espec\u00edficas de cada op\u00e7\u00e3o. Posteriormente, entre 1980 e 1984, o curr\u00edculo e carga hor\u00e1ria tornaram-se mais est\u00e1veis, passando a contar com 3.240 h na Licenciatura e 3.435 h no Bacharelado.<\/p>\n\n\n\n<p>Atrav\u00e9s da Resolu\u00e7\u00e3o FUEL 878\/84, houve a desativa\u00e7\u00e3o da habilita\u00e7\u00e3o modalidade m\u00e9dica do Bacharelado de Ci\u00eancias Biol\u00f3gicas, e o curso passou a contar somente com as modalidades Licenciatura em Ci\u00eancias Biol\u00f3gicas e Bacharelado em Ci\u00eancias Biol\u00f3gicas.\u00a0<\/p>\n\n\n\n<p><strong>Conhe\u00e7a um pouco mais sobre o Curso de Ci\u00eancias Biol\u00f3gicas da UEL:<\/strong><\/p>\n\n\n\n<div class=\"wp-block-columns is-layout-flex wp-container-core-columns-is-layout-9d6595d7 wp-block-columns-is-layout-flex\">\n<div class=\"wp-block-column is-layout-flow wp-block-column-is-layout-flow\" style=\"flex-basis:66.66%\">\n<figure class=\"wp-block-embed is-type-video is-provider-youtube wp-block-embed-youtube wp-embed-aspect-16-9 wp-has-aspect-ratio\"><div class=\"wp-block-embed__wrapper\">\n<iframe loading=\"lazy\" title=\"Ci\u00eancias Biol\u00f3gicas - Cursos de A a Z\" width=\"640\" height=\"360\" src=\"https:\/\/www.youtube.com\/embed\/kC0GL7bZu8M?list=PLViP9rEFf1TMNC7bufHvtjh2ljFXM1hgz\" frameborder=\"0\" allow=\"accelerometer; autoplay; clipboard-write; encrypted-media; gyroscope; picture-in-picture; web-share\" referrerpolicy=\"strict-origin-when-cross-origin\" allowfullscreen><\/iframe>\n<\/div><\/figure>\n<\/div>\n\n\n\n<div class=\"wp-block-column is-layout-flow wp-block-column-is-layout-flow\" style=\"flex-basis:33.33%\">\n<p><strong>Forma\u00e7\u00e3o<\/strong><\/p>\n\n\n\n<p>O curso de Ci\u00eancias Biol\u00f3gicas oferece uma imers\u00e3o no estudo da vida em suas mais diversas formas. Voc\u00ea aprender\u00e1 sobre ecologia, gen\u00e9tica, biotecnologia e conserva\u00e7\u00e3o, combinando teoria e pr\u00e1tica em laborat\u00f3rios e trabalhos de campo. Com uma forma\u00e7\u00e3o ampla e s\u00f3lida, estar\u00e1 preparado para atuar em pesquisa, educa\u00e7\u00e3o, gest\u00e3o ambiental e outras \u00e1reas que contribuem para a preserva\u00e7\u00e3o e o entendimento do nosso planeta. <\/p>\n\n\n\n<p>Venha explorar as maravilhas da biologia e fa\u00e7a a diferen\u00e7a no futuro da vida!<\/p>\n<\/div>\n<\/div>\n\n\n\n<p><\/p>\n","protected":false},"excerpt":{"rendered":"<p>O Curso de Ci\u00eancias Biol\u00f3gicas da UEL foi criado por meio da Resolu\u00e7\u00e3o FUEL n\u00ba 053\/71, de 26 de outubro de 1971, tendo como base legal o Parecer 107\/70 e a Resolu\u00e7\u00e3o CFE s\/n de 04 de fevereiro de 1970, sendo implantado em 18 de fevereiro de 1972. Esse modelo inicial obedecia ao regime seriado [&hellip;]<\/p>\n","protected":false},"author":8,"featured_media":0,"parent":0,"menu_order":0,"comment_status":"closed","ping_status":"closed","template":"","meta":{"_acf_changed":false,"footnotes":""},"class_list":["post-29","page","type-page","status-publish","hentry"],"acf":[],"_links":{"self":[{"href":"https:\/\/graduacao.uel.br\/ciencias-biologicas\/wp-json\/wp\/v2\/pages\/29","targetHints":{"allow":["GET"]}}],"collection":[{"href":"https:\/\/graduacao.uel.br\/ciencias-biologicas\/wp-json\/wp\/v2\/pages"}],"about":[{"href":"https:\/\/graduacao.uel.br\/ciencias-biologicas\/wp-json\/wp\/v2\/types\/page"}],"author":[{"embeddable":true,"href":"https:\/\/graduacao.uel.br\/ciencias-biologicas\/wp-json\/wp\/v2\/users\/8"}],"replies":[{"embeddable":true,"href":"https:\/\/graduacao.uel.br\/ciencias-biologicas\/wp-json\/wp\/v2\/comments?post=29"}],"version-history":[{"count":5,"href":"https:\/\/graduacao.uel.br\/ciencias-biologicas\/wp-json\/wp\/v2\/pages\/29\/revisions"}],"predecessor-version":[{"id":136,"href":"https:\/\/graduacao.uel.br\/ciencias-biologicas\/wp-json\/wp\/v2\/pages\/29\/revisions\/136"}],"wp:attachment":[{"href":"https:\/\/graduacao.uel.br\/ciencias-biologicas\/wp-json\/wp\/v2\/media?parent=29"}],"curies":[{"name":"wp","href":"https:\/\/api.w.org\/{rel}","templated":true}]}}