{"id":31,"date":"2024-06-26T10:34:27","date_gmt":"2024-06-26T13:34:27","guid":{"rendered":"https:\/\/graduacao.uel.br\/ciencias-biologicas\/?page_id=31"},"modified":"2024-06-26T10:34:28","modified_gmt":"2024-06-26T13:34:28","slug":"infraestrutura","status":"publish","type":"page","link":"https:\/\/graduacao.uel.br\/ciencias-biologicas\/infraestrutura\/","title":{"rendered":"Infraestrutura"},"content":{"rendered":"\n<p>O curso de Ci\u00eancias Biol\u00f3gicas da UEL faz parte da estrutura administrativa e f\u00edsica do Centro de Ci\u00eancias Biol\u00f3gicas (CCB). Al\u00e9m de salas de aulas, o curso se utiliza de estruturas de laborat\u00f3rios e bibliotecas para as atividades acad\u00eamicas.<\/p>\n\n\n\n<iframe src=\"https:\/\/www.google.com\/maps\/embed?pb=!1m18!1m12!1m3!1d3663.7285002871727!2d-51.19846042491083!3d-23.325607478962613!2m3!1f0!2f0!3f0!3m2!1i1024!2i768!4f13.1!3m3!1m2!1s0x94eb5ca0e93789e7%3A0x9ebbef1fc3ae482e!2sCCB%20-%20Centro%20de%20Ci%C3%AAncias%20Biol%C3%B3gicas!5e0!3m2!1spt-BR!2sbr!4v1708610367148!5m2!1spt-BR!2sbr\" width=\"1200\" height=\"600\" style=\"border:0;\" allowfullscreen=\"\" loading=\"lazy\" referrerpolicy=\"no-referrer-when-downgrade\"><\/iframe>\n","protected":false},"excerpt":{"rendered":"<p>O curso de Ci\u00eancias Biol\u00f3gicas da UEL faz parte da estrutura administrativa e f\u00edsica do Centro de Ci\u00eancias Biol\u00f3gicas (CCB). Al\u00e9m de salas de aulas, o curso se utiliza de estruturas de laborat\u00f3rios e bibliotecas para as atividades acad\u00eamicas.<\/p>\n","protected":false},"author":8,"featured_media":0,"parent":0,"menu_order":0,"comment_status":"closed","ping_status":"closed","template":"","meta":{"_acf_changed":false,"footnotes":""},"class_list":["post-31","page","type-page","status-publish","hentry"],"acf":[],"_links":{"self":[{"href":"https:\/\/graduacao.uel.br\/ciencias-biologicas\/wp-json\/wp\/v2\/pages\/31","targetHints":{"allow":["GET"]}}],"collection":[{"href":"https:\/\/graduacao.uel.br\/ciencias-biologicas\/wp-json\/wp\/v2\/pages"}],"about":[{"href":"https:\/\/graduacao.uel.br\/ciencias-biologicas\/wp-json\/wp\/v2\/types\/page"}],"author":[{"embeddable":true,"href":"https:\/\/graduacao.uel.br\/ciencias-biologicas\/wp-json\/wp\/v2\/users\/8"}],"replies":[{"embeddable":true,"href":"https:\/\/graduacao.uel.br\/ciencias-biologicas\/wp-json\/wp\/v2\/comments?post=31"}],"version-history":[{"count":1,"href":"https:\/\/graduacao.uel.br\/ciencias-biologicas\/wp-json\/wp\/v2\/pages\/31\/revisions"}],"predecessor-version":[{"id":32,"href":"https:\/\/graduacao.uel.br\/ciencias-biologicas\/wp-json\/wp\/v2\/pages\/31\/revisions\/32"}],"wp:attachment":[{"href":"https:\/\/graduacao.uel.br\/ciencias-biologicas\/wp-json\/wp\/v2\/media?parent=31"}],"curies":[{"name":"wp","href":"https:\/\/api.w.org\/{rel}","templated":true}]}}