{"id":86,"date":"2024-06-27T14:15:56","date_gmt":"2024-06-27T17:15:56","guid":{"rendered":"https:\/\/graduacao.uel.br\/ciencias-biologicas\/?page_id=86"},"modified":"2024-06-27T14:17:59","modified_gmt":"2024-06-27T17:17:59","slug":"bacharelado","status":"publish","type":"page","link":"https:\/\/graduacao.uel.br\/ciencias-biologicas\/bacharelado\/","title":{"rendered":"Bacharelado"},"content":{"rendered":"\n<p>O Curso de Ci\u00eancias Biol\u00f3gica Bacharelado prepara o profissional para atuar em Institutos de Pesquisa, Institui\u00e7\u00f5es de Ensino Superior, Funda\u00e7\u00f5es, Autarquias, Organiza\u00e7\u00f5es n\u00e3o Governamentais, Ind\u00fastrias, Secretarias de Estado, Prefeituras, consultorias e assessorias a Empresas, entre outros.<\/p>\n\n\n\n<p>O curso \u00e9 integral, com dura\u00e7\u00e3o m\u00ednima de 4 anos.<\/p>\n\n\n\n<div data-wp-interactive=\"core\/file\" class=\"wp-block-file\"><object data-wp-bind--hidden=\"!state.hasPdfPreview\" hidden class=\"wp-block-file__embed\" data=\"https:\/\/graduacao.uel.br\/ciencias-biologicas\/wp-content\/uploads\/2024\/06\/ciencias_biologicas_bacharelado.pdf\" type=\"application\/pdf\" style=\"width:100%;height:600px\" aria-label=\"Incorporado de ciencias_biologicas_bacharelado.\"><\/object><a id=\"wp-block-file--media-2dea468f-5530-41b3-b42f-92b02043cbc7\" href=\"https:\/\/graduacao.uel.br\/ciencias-biologicas\/wp-content\/uploads\/2024\/06\/ciencias_biologicas_bacharelado.pdf\">ciencias_biologicas_bacharelado<\/a><a href=\"https:\/\/graduacao.uel.br\/ciencias-biologicas\/wp-content\/uploads\/2024\/06\/ciencias_biologicas_bacharelado.pdf\" class=\"wp-block-file__button wp-element-button\" download aria-describedby=\"wp-block-file--media-2dea468f-5530-41b3-b42f-92b02043cbc7\">Baixar<\/a><\/div>\n","protected":false},"excerpt":{"rendered":"<p>O Curso de Ci\u00eancias Biol\u00f3gica Bacharelado prepara o profissional para atuar em Institutos de Pesquisa, Institui\u00e7\u00f5es de Ensino Superior, Funda\u00e7\u00f5es, Autarquias, Organiza\u00e7\u00f5es n\u00e3o Governamentais, Ind\u00fastrias, Secretarias de Estado, Prefeituras, consultorias e assessorias a Empresas, entre outros. O curso \u00e9 integral, com dura\u00e7\u00e3o m\u00ednima de 4 anos.<\/p>\n","protected":false},"author":8,"featured_media":0,"parent":0,"menu_order":0,"comment_status":"closed","ping_status":"closed","template":"","meta":{"_acf_changed":false,"footnotes":""},"class_list":["post-86","page","type-page","status-publish","hentry"],"acf":[],"_links":{"self":[{"href":"https:\/\/graduacao.uel.br\/ciencias-biologicas\/wp-json\/wp\/v2\/pages\/86","targetHints":{"allow":["GET"]}}],"collection":[{"href":"https:\/\/graduacao.uel.br\/ciencias-biologicas\/wp-json\/wp\/v2\/pages"}],"about":[{"href":"https:\/\/graduacao.uel.br\/ciencias-biologicas\/wp-json\/wp\/v2\/types\/page"}],"author":[{"embeddable":true,"href":"https:\/\/graduacao.uel.br\/ciencias-biologicas\/wp-json\/wp\/v2\/users\/8"}],"replies":[{"embeddable":true,"href":"https:\/\/graduacao.uel.br\/ciencias-biologicas\/wp-json\/wp\/v2\/comments?post=86"}],"version-history":[{"count":2,"href":"https:\/\/graduacao.uel.br\/ciencias-biologicas\/wp-json\/wp\/v2\/pages\/86\/revisions"}],"predecessor-version":[{"id":92,"href":"https:\/\/graduacao.uel.br\/ciencias-biologicas\/wp-json\/wp\/v2\/pages\/86\/revisions\/92"}],"wp:attachment":[{"href":"https:\/\/graduacao.uel.br\/ciencias-biologicas\/wp-json\/wp\/v2\/media?parent=86"}],"curies":[{"name":"wp","href":"https:\/\/api.w.org\/{rel}","templated":true}]}}